{"id":9451,"date":"2020-09-17T09:59:57","date_gmt":"2020-09-17T09:59:57","guid":{"rendered":"https:\/\/www.campbells.com\/es\/products\/unknown\/old-faashiiooneed-veegeetaablee-beeeef-soouup\/"},"modified":"2022-12-20T12:37:58","modified_gmt":"2022-12-20T12:37:58","slug":"sopa-de-res-con-verduras-a-la-antigua-2","status":"publish","type":"product","link":"https:\/\/www.campbells.com\/es\/products\/sopas-chunky\/sopa-de-res-con-verduras-a-la-antigua-2\/","title":{"rendered":"Sopa de res con verduras a la antigua (Old Fashioned Vegetable Beef Soup)"},"featured_media":9694,"template":"","csc_dietary_alternative":[],"csc_main_ingredient":[],"csc_product_cat":[248],"csc_product_line":[253],"csc_product_tag":[262,261,267],"acf":[],"details":[{"name":"Sopa de res con verduras a la antigua (Old Fashioned Vegetable Beef Soup)","allergens":"","brandcategory":"","product-line":["Chunky\u00ae"],"calories":"110","carbohydrates":"16g","cholesterol":"10mg","dietaryfiber":"3g","fat":"2g","ingredientstatement":"Agua, zanahorias, papas, carne de res sazonada: producto de caldo de res y almid\u00f3n de ma\u00edz modificado (carne de res, caldo de res, sal, almid\u00f3n de ma\u00edz modificado, fosfato s\u00f3dico, especia), apio, tomates en cubos en jugo de tomate, ma\u00edz, contiene menos del 2\u00a0% de: almid\u00f3n de papa, jud\u00edas verdes, guisantes, pasta de tomate, sal, extracto de levadura, saborizante, salsa de soya (trigo, soya, sal, maltodextrina), especia, color caramelo, extracto de res, sebo de res, extracto de ajo, lecitina de soya, aceite de semillas de s\u00e9samo, extracto de cebolla. Contiene: trigo, s\u00e9samo, soya.","net-content":"","nutrition-claims":"","long-description":"","product-description":"<p>Disfruta los sabores reconfortantes y de estilo campestre de Campbell\u2019s\u00ae Chunky\u00ae sopa de res con verduras a la antigua (Old Fashioned Vegetable Beef Soup). Cada cucharada de esta sopa lista para comer est\u00e1 colmada de verduras repletas de sabor, como zanahorias, papas, apios, ma\u00edz y guisantes, y grandes trozos de tierna y magra carne de res. Disfruta de un humeante taz\u00f3n e impulsa tu ajetreo diario. Campbell&#8217;s\u00ae Chunky\u00ae sopa de res con verduras a la antigua (Old Fashioned Vegetable Beef Soup)\u2014Soup That Eats Like a Meal\u00ae.<\/p>\n<p>Cuando necesites comida que haga su trabajo tan bien como t\u00fa, toma sopas Campbell&#8217;s\u00ae Chunky\u00ae. Nuestro gran sabor, grandes trozos y audaces ingredientes te ayudar\u00e1n a combatir el hambre del tama\u00f1o de un estadio de f\u00fatbol. Disponibles en variedades y suculentos sabores sin fin, las sopas Campbell&#8217;s\u00ae Chunky\u00ae te sacian e impulsan tu ajetreo diario.<\/p>\n","protein":"6g","servings":"","sodium":"870mg","sugar":"3g","transfat":"0g","product-id":9451}],"yoast_head":"<!-- This site is optimized with the Yoast SEO plugin v20.13 - https:\/\/yoast.com\/wordpress\/plugins\/seo\/ -->\n<title>Sopa de res con verduras a la antigua (Old Fashioned Vegetable Beef Soup) - The Campbell&#039;s Company LATINOAM\u00c9RICA<\/title>\n<meta name=\"robots\" content=\"index, follow, max-snippet:-1, max-image-preview:large, max-video-preview:-1\" \/>\n<link rel=\"canonical\" href=\"https:\/\/www.campbells.com\/es\/products\/sopas-chunky\/sopa-de-res-con-verduras-a-la-antigua-2\/\" \/>\n<meta property=\"og:locale\" content=\"es_ES\" \/>\n<meta property=\"og:type\" content=\"article\" \/>\n<meta property=\"og:title\" content=\"Sopa de res con verduras a la antigua (Old Fashioned Vegetable Beef Soup) - The Campbell&#039;s Company LATINOAM\u00c9RICA\" \/>\n<meta property=\"og:url\" content=\"https:\/\/www.campbells.com\/es\/products\/sopas-chunky\/sopa-de-res-con-verduras-a-la-antigua-2\/\" \/>\n<meta property=\"og:site_name\" content=\"The Campbell&#039;s Company LATINOAM\u00c9RICA\" \/>\n<meta property=\"article:publisher\" content=\"https:\/\/www.facebook.com\/campbellsLATAM\/\" \/>\n<meta property=\"article:modified_time\" content=\"2022-12-20T12:37:58+00:00\" \/>\n<meta property=\"og:image\" content=\"https:\/\/www.campbells.com\/es\/wp-content\/uploads\/2020\/09\/chunky-old-fashioned-vegetable-beef.webp\" \/>\n\t<meta property=\"og:image:width\" content=\"700\" \/>\n\t<meta property=\"og:image:height\" content=\"700\" \/>\n\t<meta property=\"og:image:type\" content=\"image\/webp\" \/>\n<meta name=\"twitter:card\" content=\"summary_large_image\" \/>\n<script type=\"application\/ld+json\" class=\"yoast-schema-graph\">{\"@context\":\"https:\/\/schema.org\",\"@graph\":[{\"@type\":\"WebPage\",\"@id\":\"https:\/\/www.campbells.com\/es\/products\/sopas-chunky\/sopa-de-res-con-verduras-a-la-antigua-2\/\",\"url\":\"https:\/\/www.campbells.com\/es\/products\/sopas-chunky\/sopa-de-res-con-verduras-a-la-antigua-2\/\",\"name\":\"Sopa de res con verduras a la antigua (Old Fashioned Vegetable Beef Soup) - The Campbell&#039;s Company LATINOAM\u00c9RICA\",\"isPartOf\":{\"@id\":\"https:\/\/www.campbells.com\/es\/#website\"},\"datePublished\":\"2020-09-17T09:59:57+00:00\",\"dateModified\":\"2022-12-20T12:37:58+00:00\",\"breadcrumb\":{\"@id\":\"https:\/\/www.campbells.com\/es\/products\/sopas-chunky\/sopa-de-res-con-verduras-a-la-antigua-2\/#breadcrumb\"},\"inLanguage\":\"es\",\"potentialAction\":[{\"@type\":\"ReadAction\",\"target\":[\"https:\/\/www.campbells.com\/es\/products\/sopas-chunky\/sopa-de-res-con-verduras-a-la-antigua-2\/\"]}]},{\"@type\":\"BreadcrumbList\",\"@id\":\"https:\/\/www.campbells.com\/es\/products\/sopas-chunky\/sopa-de-res-con-verduras-a-la-antigua-2\/#breadcrumb\",\"itemListElement\":[{\"@type\":\"ListItem\",\"position\":1,\"name\":\"Products\",\"item\":\"https:\/\/www.campbells.com\/es\/productos\/\"},{\"@type\":\"ListItem\",\"position\":2,\"name\":\"Sopa de res con verduras a la antigua (Old Fashioned Vegetable Beef Soup)\"}]},{\"@type\":\"WebSite\",\"@id\":\"https:\/\/www.campbells.com\/es\/#website\",\"url\":\"https:\/\/www.campbells.com\/es\/\",\"name\":\"The Campbell&#039;s Company LATINOAM\u00c9RICA\",\"description\":\"Your SUPER-powered WP Engine Site\",\"potentialAction\":[{\"@type\":\"SearchAction\",\"target\":{\"@type\":\"EntryPoint\",\"urlTemplate\":\"https:\/\/www.campbells.com\/es\/buscar\/?query={search_term_string}\"},\"query-input\":\"required name=search_term_string\"}],\"inLanguage\":\"es\"}]}<\/script>\n<!-- \/ Yoast SEO plugin. -->","yoast_head_json":{"title":"Sopa de res con verduras a la antigua (Old Fashioned Vegetable Beef Soup) - The Campbell&#039;s Company LATINOAM\u00c9RICA","robots":{"index":"index","follow":"follow","max-snippet":"max-snippet:-1","max-image-preview":"max-image-preview:large","max-video-preview":"max-video-preview:-1"},"canonical":"https:\/\/www.campbells.com\/es\/products\/sopas-chunky\/sopa-de-res-con-verduras-a-la-antigua-2\/","og_locale":"es_ES","og_type":"article","og_title":"Sopa de res con verduras a la antigua (Old Fashioned Vegetable Beef Soup) - The Campbell&#039;s Company LATINOAM\u00c9RICA","og_url":"https:\/\/www.campbells.com\/es\/products\/sopas-chunky\/sopa-de-res-con-verduras-a-la-antigua-2\/","og_site_name":"The Campbell&#039;s Company LATINOAM\u00c9RICA","article_publisher":"https:\/\/www.facebook.com\/campbellsLATAM\/","article_modified_time":"2022-12-20T12:37:58+00:00","og_image":[{"width":700,"height":700,"url":"https:\/\/www.campbells.com\/es\/wp-content\/uploads\/2020\/09\/chunky-old-fashioned-vegetable-beef.webp","type":"image\/webp"}],"twitter_card":"summary_large_image","schema":{"@context":"https:\/\/schema.org","@graph":[{"@type":"WebPage","@id":"https:\/\/www.campbells.com\/es\/products\/sopas-chunky\/sopa-de-res-con-verduras-a-la-antigua-2\/","url":"https:\/\/www.campbells.com\/es\/products\/sopas-chunky\/sopa-de-res-con-verduras-a-la-antigua-2\/","name":"Sopa de res con verduras a la antigua (Old Fashioned Vegetable Beef Soup) - The Campbell&#039;s Company LATINOAM\u00c9RICA","isPartOf":{"@id":"https:\/\/www.campbells.com\/es\/#website"},"datePublished":"2020-09-17T09:59:57+00:00","dateModified":"2022-12-20T12:37:58+00:00","breadcrumb":{"@id":"https:\/\/www.campbells.com\/es\/products\/sopas-chunky\/sopa-de-res-con-verduras-a-la-antigua-2\/#breadcrumb"},"inLanguage":"es","potentialAction":[{"@type":"ReadAction","target":["https:\/\/www.campbells.com\/es\/products\/sopas-chunky\/sopa-de-res-con-verduras-a-la-antigua-2\/"]}]},{"@type":"BreadcrumbList","@id":"https:\/\/www.campbells.com\/es\/products\/sopas-chunky\/sopa-de-res-con-verduras-a-la-antigua-2\/#breadcrumb","itemListElement":[{"@type":"ListItem","position":1,"name":"Products","item":"https:\/\/www.campbells.com\/es\/productos\/"},{"@type":"ListItem","position":2,"name":"Sopa de res con verduras a la antigua (Old Fashioned Vegetable Beef Soup)"}]},{"@type":"WebSite","@id":"https:\/\/www.campbells.com\/es\/#website","url":"https:\/\/www.campbells.com\/es\/","name":"The Campbell&#039;s Company LATINOAM\u00c9RICA","description":"Your SUPER-powered WP Engine Site","potentialAction":[{"@type":"SearchAction","target":{"@type":"EntryPoint","urlTemplate":"https:\/\/www.campbells.com\/es\/buscar\/?query={search_term_string}"},"query-input":"required name=search_term_string"}],"inLanguage":"es"}]}},"_links":{"self":[{"href":"https:\/\/www.campbells.com\/es\/wp-json\/wp\/v2\/product\/9451"}],"collection":[{"href":"https:\/\/www.campbells.com\/es\/wp-json\/wp\/v2\/product"}],"about":[{"href":"https:\/\/www.campbells.com\/es\/wp-json\/wp\/v2\/types\/product"}],"wp:featuredmedia":[{"embeddable":true,"href":"https:\/\/www.campbells.com\/es\/wp-json\/wp\/v2\/media\/9694"}],"wp:attachment":[{"href":"https:\/\/www.campbells.com\/es\/wp-json\/wp\/v2\/media?parent=9451"}],"wp:term":[{"taxonomy":"csc_dietary_alternative","embeddable":true,"href":"https:\/\/www.campbells.com\/es\/wp-json\/wp\/v2\/csc_dietary_alternative?post=9451"},{"taxonomy":"csc_main_ingredient","embeddable":true,"href":"https:\/\/www.campbells.com\/es\/wp-json\/wp\/v2\/csc_main_ingredient?post=9451"},{"taxonomy":"csc_product_cat","embeddable":true,"href":"https:\/\/www.campbells.com\/es\/wp-json\/wp\/v2\/csc_product_cat?post=9451"},{"taxonomy":"csc_product_line","embeddable":true,"href":"https:\/\/www.campbells.com\/es\/wp-json\/wp\/v2\/csc_product_line?post=9451"},{"taxonomy":"csc_product_tag","embeddable":true,"href":"https:\/\/www.campbells.com\/es\/wp-json\/wp\/v2\/csc_product_tag?post=9451"}],"curies":[{"name":"wp","href":"https:\/\/api.w.org\/{rel}","templated":true}]}}