{"id":9454,"date":"2020-09-17T09:59:26","date_gmt":"2020-09-17T09:59:26","guid":{"rendered":"https:\/\/www.campbells.com\/es\/products\/unknown\/siirlooiin-byurgeer-wiith-cooyuntry-veegeetaablees-sooyup\/"},"modified":"2022-12-20T14:43:33","modified_gmt":"2022-12-20T14:43:33","slug":"sopa-de-hamburguesa-de-sirloin-con-vegetales","status":"publish","type":"product","link":"https:\/\/www.campbells.com\/es\/products\/sopas-chunky\/sopa-de-hamburguesa-de-sirloin-con-vegetales\/","title":{"rendered":"Sopa de hamburguesa de sirloin con vegetales (Sirloin Burger with Country Vegetables Soup)"},"featured_media":9714,"template":"","csc_dietary_alternative":[],"csc_main_ingredient":[],"csc_product_cat":[248],"csc_product_line":[253,254],"csc_product_tag":[262,261,267],"acf":[],"details":[{"name":"Sopa de hamburguesa de sirloin con vegetales (Sirloin Burger with Country Vegetables Soup)","allergens":"","brandcategory":"","product-line":["Chunky\u00ae","Healthy Request\u00ae"],"calories":"130","carbohydrates":"18g","cholesterol":"15mg","dietaryfiber":"3g","fat":"4g","ingredientstatement":"Caldo de huesos de res, zanahorias, papas, carne de hamburguesa de sirloin (solomillo) de res sazonado con papas y cebollas (carne de solomillo de res, papas, extracto de papas, sal, cebollas reconstituidas, glutamato monos\u00f3dico, mostaza, saborizante), jud\u00edas verdes, guisantes, contiene menos del 2\u00a0% de: almid\u00f3n de ma\u00edz modificado, sal, harina de trigo, pasta de tomate, extracto de levadura, color caramelo, saborizante, suero de leche fermentado, especia. Contiene: trigo, leche.","net-content":"","nutrition-claims":"","long-description":"","product-description":"<p>La sopa Campbell&#8217;s\u00ae Chunky\u00ae de hamburguesa de sirloin (solomillo) con vegetales de campo ofrece el sabroso bienestar que anhelas. Esta sopa lista para comer tiene carne de res sazonada, vegetales de campo y toneladas de sabor hacen que esta sopa sea un principal contendiente para combatir tu hambre.\u00a0Sopa de hamburguesa de sirloin con vegetales (Campbell&#8217;s Chunky Sirloin Burger with Country Vegetables Soup) Campbell&#8217;s\u00ae Chunky\u00ae: Soup That Eats Like a Meal\u00ae.<\/p>\n<p>Cuando necesites comida que haga su trabajo tan bien como t\u00fa, toma sopas Campbell&#8217;s\u00ae Chunky\u00ae. Nuestro gran sabor, grandes trozos y audaces ingredientes te ayudar\u00e1n a combatir el hambre del tama\u00f1o de un estadio de f\u00fatbol. Disponibles en variedades y suculentos sabores sin fin, las sopas Campbell&#8217;s\u00ae Chunky\u00ae te sacian e impulsan tu ajetreo diario.<\/p>\n","protein":"6g","servings":"","sodium":"790mg","sugar":"4g","transfat":"0g","product-id":9454}],"yoast_head":"<!-- This site is optimized with the Yoast SEO plugin v20.13 - https:\/\/yoast.com\/wordpress\/plugins\/seo\/ -->\n<title>Sopa de hamburguesa de sirloin con vegetales (Sirloin Burger with Country Vegetables Soup) - The Campbell&#039;s Company LATINOAM\u00c9RICA<\/title>\n<meta name=\"description\" content=\"Saborea la deliciosa Campbell&#039;s\u00ae Chunky\u00ae y su mezcla de carne de res y vegetales cocidos lentamente en la variedad de hamburguesa de sirloin con vegetales (Campbell&#039;s Chunky Sirloin Burger with Country Vegetables Soup); la sopa perfecta para combatir tu hambre.\" \/>\n<meta name=\"robots\" content=\"index, follow, max-snippet:-1, max-image-preview:large, max-video-preview:-1\" \/>\n<link rel=\"canonical\" href=\"https:\/\/www.campbells.com\/es\/products\/sopas-chunky\/sopa-de-hamburguesa-de-sirloin-con-vegetales\/\" \/>\n<meta property=\"og:locale\" content=\"es_ES\" \/>\n<meta property=\"og:type\" content=\"article\" \/>\n<meta property=\"og:title\" content=\"Sopa de hamburguesa de sirloin con vegetales (Sirloin Burger with Country Vegetables Soup) - The Campbell&#039;s Company LATINOAM\u00c9RICA\" \/>\n<meta property=\"og:description\" content=\"Saborea la deliciosa Campbell&#039;s\u00ae Chunky\u00ae y su mezcla de carne de res y vegetales cocidos lentamente en la variedad de hamburguesa de sirloin con vegetales (Campbell&#039;s Chunky Sirloin Burger with Country Vegetables Soup); la sopa perfecta para combatir tu hambre.\" \/>\n<meta property=\"og:url\" content=\"https:\/\/www.campbells.com\/es\/products\/sopas-chunky\/sopa-de-hamburguesa-de-sirloin-con-vegetales\/\" \/>\n<meta property=\"og:site_name\" content=\"The Campbell&#039;s Company LATINOAM\u00c9RICA\" \/>\n<meta property=\"article:publisher\" content=\"https:\/\/www.facebook.com\/campbellsLATAM\/\" \/>\n<meta property=\"article:modified_time\" content=\"2022-12-20T14:43:33+00:00\" \/>\n<meta property=\"og:image\" content=\"https:\/\/www.campbells.com\/es\/wp-content\/uploads\/2020\/09\/chunky-sirloin-burger-with-country-vegetables.webp\" \/>\n\t<meta property=\"og:image:width\" content=\"700\" \/>\n\t<meta property=\"og:image:height\" content=\"700\" \/>\n\t<meta property=\"og:image:type\" content=\"image\/webp\" \/>\n<meta name=\"twitter:card\" content=\"summary_large_image\" \/>\n<script type=\"application\/ld+json\" class=\"yoast-schema-graph\">{\"@context\":\"https:\/\/schema.org\",\"@graph\":[{\"@type\":\"WebPage\",\"@id\":\"https:\/\/www.campbells.com\/es\/products\/sopas-chunky\/sopa-de-hamburguesa-de-sirloin-con-vegetales\/\",\"url\":\"https:\/\/www.campbells.com\/es\/products\/sopas-chunky\/sopa-de-hamburguesa-de-sirloin-con-vegetales\/\",\"name\":\"Sopa de hamburguesa de sirloin con vegetales (Sirloin Burger with Country Vegetables Soup) - The Campbell&#039;s Company LATINOAM\u00c9RICA\",\"isPartOf\":{\"@id\":\"https:\/\/www.campbells.com\/es\/#website\"},\"datePublished\":\"2020-09-17T09:59:26+00:00\",\"dateModified\":\"2022-12-20T14:43:33+00:00\",\"description\":\"Saborea la deliciosa Campbell's\u00ae Chunky\u00ae y su mezcla de carne de res y vegetales cocidos lentamente en la variedad de hamburguesa de sirloin con vegetales (Campbell's Chunky Sirloin Burger with Country Vegetables Soup); la sopa perfecta para combatir tu hambre.\",\"breadcrumb\":{\"@id\":\"https:\/\/www.campbells.com\/es\/products\/sopas-chunky\/sopa-de-hamburguesa-de-sirloin-con-vegetales\/#breadcrumb\"},\"inLanguage\":\"es\",\"potentialAction\":[{\"@type\":\"ReadAction\",\"target\":[\"https:\/\/www.campbells.com\/es\/products\/sopas-chunky\/sopa-de-hamburguesa-de-sirloin-con-vegetales\/\"]}]},{\"@type\":\"BreadcrumbList\",\"@id\":\"https:\/\/www.campbells.com\/es\/products\/sopas-chunky\/sopa-de-hamburguesa-de-sirloin-con-vegetales\/#breadcrumb\",\"itemListElement\":[{\"@type\":\"ListItem\",\"position\":1,\"name\":\"Products\",\"item\":\"https:\/\/www.campbells.com\/es\/productos\/\"},{\"@type\":\"ListItem\",\"position\":2,\"name\":\"Sopa de hamburguesa de sirloin con vegetales (Sirloin Burger with Country Vegetables Soup)\"}]},{\"@type\":\"WebSite\",\"@id\":\"https:\/\/www.campbells.com\/es\/#website\",\"url\":\"https:\/\/www.campbells.com\/es\/\",\"name\":\"The Campbell&#039;s Company LATINOAM\u00c9RICA\",\"description\":\"Your SUPER-powered WP Engine Site\",\"potentialAction\":[{\"@type\":\"SearchAction\",\"target\":{\"@type\":\"EntryPoint\",\"urlTemplate\":\"https:\/\/www.campbells.com\/es\/buscar\/?query={search_term_string}\"},\"query-input\":\"required name=search_term_string\"}],\"inLanguage\":\"es\"}]}<\/script>\n<!-- \/ Yoast SEO plugin. -->","yoast_head_json":{"title":"Sopa de hamburguesa de sirloin con vegetales (Sirloin Burger with Country Vegetables Soup) - The Campbell&#039;s Company LATINOAM\u00c9RICA","description":"Saborea la deliciosa Campbell's\u00ae Chunky\u00ae y su mezcla de carne de res y vegetales cocidos lentamente en la variedad de hamburguesa de sirloin con vegetales (Campbell's Chunky Sirloin Burger with Country Vegetables Soup); la sopa perfecta para combatir tu hambre.","robots":{"index":"index","follow":"follow","max-snippet":"max-snippet:-1","max-image-preview":"max-image-preview:large","max-video-preview":"max-video-preview:-1"},"canonical":"https:\/\/www.campbells.com\/es\/products\/sopas-chunky\/sopa-de-hamburguesa-de-sirloin-con-vegetales\/","og_locale":"es_ES","og_type":"article","og_title":"Sopa de hamburguesa de sirloin con vegetales (Sirloin Burger with Country Vegetables Soup) - The Campbell&#039;s Company LATINOAM\u00c9RICA","og_description":"Saborea la deliciosa Campbell's\u00ae Chunky\u00ae y su mezcla de carne de res y vegetales cocidos lentamente en la variedad de hamburguesa de sirloin con vegetales (Campbell's Chunky Sirloin Burger with Country Vegetables Soup); la sopa perfecta para combatir tu hambre.","og_url":"https:\/\/www.campbells.com\/es\/products\/sopas-chunky\/sopa-de-hamburguesa-de-sirloin-con-vegetales\/","og_site_name":"The Campbell&#039;s Company LATINOAM\u00c9RICA","article_publisher":"https:\/\/www.facebook.com\/campbellsLATAM\/","article_modified_time":"2022-12-20T14:43:33+00:00","og_image":[{"width":700,"height":700,"url":"https:\/\/www.campbells.com\/es\/wp-content\/uploads\/2020\/09\/chunky-sirloin-burger-with-country-vegetables.webp","type":"image\/webp"}],"twitter_card":"summary_large_image","schema":{"@context":"https:\/\/schema.org","@graph":[{"@type":"WebPage","@id":"https:\/\/www.campbells.com\/es\/products\/sopas-chunky\/sopa-de-hamburguesa-de-sirloin-con-vegetales\/","url":"https:\/\/www.campbells.com\/es\/products\/sopas-chunky\/sopa-de-hamburguesa-de-sirloin-con-vegetales\/","name":"Sopa de hamburguesa de sirloin con vegetales (Sirloin Burger with Country Vegetables Soup) - The Campbell&#039;s Company LATINOAM\u00c9RICA","isPartOf":{"@id":"https:\/\/www.campbells.com\/es\/#website"},"datePublished":"2020-09-17T09:59:26+00:00","dateModified":"2022-12-20T14:43:33+00:00","description":"Saborea la deliciosa Campbell's\u00ae Chunky\u00ae y su mezcla de carne de res y vegetales cocidos lentamente en la variedad de hamburguesa de sirloin con vegetales (Campbell's Chunky Sirloin Burger with Country Vegetables Soup); la sopa perfecta para combatir tu hambre.","breadcrumb":{"@id":"https:\/\/www.campbells.com\/es\/products\/sopas-chunky\/sopa-de-hamburguesa-de-sirloin-con-vegetales\/#breadcrumb"},"inLanguage":"es","potentialAction":[{"@type":"ReadAction","target":["https:\/\/www.campbells.com\/es\/products\/sopas-chunky\/sopa-de-hamburguesa-de-sirloin-con-vegetales\/"]}]},{"@type":"BreadcrumbList","@id":"https:\/\/www.campbells.com\/es\/products\/sopas-chunky\/sopa-de-hamburguesa-de-sirloin-con-vegetales\/#breadcrumb","itemListElement":[{"@type":"ListItem","position":1,"name":"Products","item":"https:\/\/www.campbells.com\/es\/productos\/"},{"@type":"ListItem","position":2,"name":"Sopa de hamburguesa de sirloin con vegetales (Sirloin Burger with Country Vegetables Soup)"}]},{"@type":"WebSite","@id":"https:\/\/www.campbells.com\/es\/#website","url":"https:\/\/www.campbells.com\/es\/","name":"The Campbell&#039;s Company LATINOAM\u00c9RICA","description":"Your SUPER-powered WP Engine Site","potentialAction":[{"@type":"SearchAction","target":{"@type":"EntryPoint","urlTemplate":"https:\/\/www.campbells.com\/es\/buscar\/?query={search_term_string}"},"query-input":"required name=search_term_string"}],"inLanguage":"es"}]}},"_links":{"self":[{"href":"https:\/\/www.campbells.com\/es\/wp-json\/wp\/v2\/product\/9454"}],"collection":[{"href":"https:\/\/www.campbells.com\/es\/wp-json\/wp\/v2\/product"}],"about":[{"href":"https:\/\/www.campbells.com\/es\/wp-json\/wp\/v2\/types\/product"}],"wp:featuredmedia":[{"embeddable":true,"href":"https:\/\/www.campbells.com\/es\/wp-json\/wp\/v2\/media\/9714"}],"wp:attachment":[{"href":"https:\/\/www.campbells.com\/es\/wp-json\/wp\/v2\/media?parent=9454"}],"wp:term":[{"taxonomy":"csc_dietary_alternative","embeddable":true,"href":"https:\/\/www.campbells.com\/es\/wp-json\/wp\/v2\/csc_dietary_alternative?post=9454"},{"taxonomy":"csc_main_ingredient","embeddable":true,"href":"https:\/\/www.campbells.com\/es\/wp-json\/wp\/v2\/csc_main_ingredient?post=9454"},{"taxonomy":"csc_product_cat","embeddable":true,"href":"https:\/\/www.campbells.com\/es\/wp-json\/wp\/v2\/csc_product_cat?post=9454"},{"taxonomy":"csc_product_line","embeddable":true,"href":"https:\/\/www.campbells.com\/es\/wp-json\/wp\/v2\/csc_product_line?post=9454"},{"taxonomy":"csc_product_tag","embeddable":true,"href":"https:\/\/www.campbells.com\/es\/wp-json\/wp\/v2\/csc_product_tag?post=9454"}],"curies":[{"name":"wp","href":"https:\/\/api.w.org\/{rel}","templated":true}]}}