{"id":9460,"date":"2020-09-17T09:59:22","date_gmt":"2020-09-17T09:59:22","guid":{"rendered":"https:\/\/www.campbells.com\/es\/products\/unknown\/beeeef-brooth\/"},"modified":"2022-12-20T12:54:51","modified_gmt":"2022-12-20T12:54:51","slug":"caldo-de-res","status":"publish","type":"product","link":"https:\/\/www.campbells.com\/es\/products\/sopas-condensadas\/caldo-de-res\/","title":{"rendered":"Caldo de res (Beef Broth)"},"featured_media":9716,"template":"","csc_dietary_alternative":[],"csc_main_ingredient":[],"csc_product_cat":[249],"csc_product_line":[252],"csc_product_tag":[273,261,264],"acf":[],"details":[{"name":"Caldo de res (Beef Broth)","allergens":"","brandcategory":"","product-line":["Sopas Condensadas"],"calories":"15","carbohydrates":"1g","cholesterol":"0mg","dietaryfiber":"0g","fat":"0g","ingredientstatement":"Caldo de carne de res (agua, caldo de carne de res deshidratado), extracto de levadura, contiene menos del 2\u00a0% de: sal, glutamato monos\u00f3dico, gluten de trigo hidrolizado, color caramelo, prote\u00edna de soya hidrolizada, saborizante natural, caldo de huesos de res, extracto de apio, sebo de res, carne de res deshidratada, aceite de cebolla, aceite de ajo. Contiene: trigo, soya","net-content":"","nutrition-claims":"","long-description":"","product-description":"<p>El caldo condensado Campbell&#8217;s\u00ae de res (Beef Broth) est\u00e1 sazonado a la perfecci\u00f3n y rebosa de un sabor rico. Como uno de los pilares de las cocinas familiares durante generaciones, puedes confiar en nuestro caldo para crear sopas y otras recetas para deleitar a la multitud. Para obtener m\u00e1s ideas de recetas, visita nuestra p\u00e1gina de recetas.<\/p>\n","protein":"3g","servings":"","sodium":"860mg","sugar":"1g","transfat":"0g","product-id":9460}],"yoast_head":"<!-- This site is optimized with the Yoast SEO plugin v20.13 - https:\/\/yoast.com\/wordpress\/plugins\/seo\/ -->\n<title>Caldo de res (Beef Broth) - The Campbell&#039;s Company LATINOAM\u00c9RICA<\/title>\n<meta name=\"description\" content=\"Conf\u00eda en un cl\u00e1sico para cocinar con el caldo condensado Campbell&#039;s\u00ae de res (Beef Broth). Nuestro caldo de res (Beef Broth) es rico en sabor y perfecto para cocinar con tus recetas favoritas.\" \/>\n<meta name=\"robots\" content=\"index, follow, max-snippet:-1, max-image-preview:large, max-video-preview:-1\" \/>\n<link rel=\"canonical\" href=\"https:\/\/www.campbells.com\/es\/products\/sopas-condensadas\/caldo-de-res\/\" \/>\n<meta property=\"og:locale\" content=\"es_ES\" \/>\n<meta property=\"og:type\" content=\"article\" \/>\n<meta property=\"og:title\" content=\"Caldo de res (Beef Broth) - The Campbell&#039;s Company LATINOAM\u00c9RICA\" \/>\n<meta property=\"og:description\" content=\"Conf\u00eda en un cl\u00e1sico para cocinar con el caldo condensado Campbell&#039;s\u00ae de res (Beef Broth). Nuestro caldo de res (Beef Broth) es rico en sabor y perfecto para cocinar con tus recetas favoritas.\" \/>\n<meta property=\"og:url\" content=\"https:\/\/www.campbells.com\/es\/products\/sopas-condensadas\/caldo-de-res\/\" \/>\n<meta property=\"og:site_name\" content=\"The Campbell&#039;s Company LATINOAM\u00c9RICA\" \/>\n<meta property=\"article:publisher\" content=\"https:\/\/www.facebook.com\/campbellsLATAM\/\" \/>\n<meta property=\"article:modified_time\" content=\"2022-12-20T12:54:51+00:00\" \/>\n<meta property=\"og:image\" content=\"https:\/\/www.campbells.com\/es\/wp-content\/uploads\/2020\/09\/beef-broth.webp\" \/>\n\t<meta property=\"og:image:width\" content=\"700\" \/>\n\t<meta property=\"og:image:height\" content=\"700\" \/>\n\t<meta property=\"og:image:type\" content=\"image\/webp\" \/>\n<meta name=\"twitter:card\" content=\"summary_large_image\" \/>\n<script type=\"application\/ld+json\" class=\"yoast-schema-graph\">{\"@context\":\"https:\/\/schema.org\",\"@graph\":[{\"@type\":\"WebPage\",\"@id\":\"https:\/\/www.campbells.com\/es\/products\/sopas-condensadas\/caldo-de-res\/\",\"url\":\"https:\/\/www.campbells.com\/es\/products\/sopas-condensadas\/caldo-de-res\/\",\"name\":\"Caldo de res (Beef Broth) - The Campbell&#039;s Company LATINOAM\u00c9RICA\",\"isPartOf\":{\"@id\":\"https:\/\/www.campbells.com\/es\/#website\"},\"datePublished\":\"2020-09-17T09:59:22+00:00\",\"dateModified\":\"2022-12-20T12:54:51+00:00\",\"description\":\"Conf\u00eda en un cl\u00e1sico para cocinar con el caldo condensado Campbell's\u00ae de res (Beef Broth). Nuestro caldo de res (Beef Broth) es rico en sabor y perfecto para cocinar con tus recetas favoritas.\",\"breadcrumb\":{\"@id\":\"https:\/\/www.campbells.com\/es\/products\/sopas-condensadas\/caldo-de-res\/#breadcrumb\"},\"inLanguage\":\"es\",\"potentialAction\":[{\"@type\":\"ReadAction\",\"target\":[\"https:\/\/www.campbells.com\/es\/products\/sopas-condensadas\/caldo-de-res\/\"]}]},{\"@type\":\"BreadcrumbList\",\"@id\":\"https:\/\/www.campbells.com\/es\/products\/sopas-condensadas\/caldo-de-res\/#breadcrumb\",\"itemListElement\":[{\"@type\":\"ListItem\",\"position\":1,\"name\":\"Products\",\"item\":\"https:\/\/www.campbells.com\/es\/productos\/\"},{\"@type\":\"ListItem\",\"position\":2,\"name\":\"Caldo de res (Beef Broth)\"}]},{\"@type\":\"WebSite\",\"@id\":\"https:\/\/www.campbells.com\/es\/#website\",\"url\":\"https:\/\/www.campbells.com\/es\/\",\"name\":\"The Campbell&#039;s Company LATINOAM\u00c9RICA\",\"description\":\"Your SUPER-powered WP Engine Site\",\"potentialAction\":[{\"@type\":\"SearchAction\",\"target\":{\"@type\":\"EntryPoint\",\"urlTemplate\":\"https:\/\/www.campbells.com\/es\/buscar\/?query={search_term_string}\"},\"query-input\":\"required name=search_term_string\"}],\"inLanguage\":\"es\"}]}<\/script>\n<!-- \/ Yoast SEO plugin. -->","yoast_head_json":{"title":"Caldo de res (Beef Broth) - The Campbell&#039;s Company LATINOAM\u00c9RICA","description":"Conf\u00eda en un cl\u00e1sico para cocinar con el caldo condensado Campbell's\u00ae de res (Beef Broth). Nuestro caldo de res (Beef Broth) es rico en sabor y perfecto para cocinar con tus recetas favoritas.","robots":{"index":"index","follow":"follow","max-snippet":"max-snippet:-1","max-image-preview":"max-image-preview:large","max-video-preview":"max-video-preview:-1"},"canonical":"https:\/\/www.campbells.com\/es\/products\/sopas-condensadas\/caldo-de-res\/","og_locale":"es_ES","og_type":"article","og_title":"Caldo de res (Beef Broth) - The Campbell&#039;s Company LATINOAM\u00c9RICA","og_description":"Conf\u00eda en un cl\u00e1sico para cocinar con el caldo condensado Campbell's\u00ae de res (Beef Broth). Nuestro caldo de res (Beef Broth) es rico en sabor y perfecto para cocinar con tus recetas favoritas.","og_url":"https:\/\/www.campbells.com\/es\/products\/sopas-condensadas\/caldo-de-res\/","og_site_name":"The Campbell&#039;s Company LATINOAM\u00c9RICA","article_publisher":"https:\/\/www.facebook.com\/campbellsLATAM\/","article_modified_time":"2022-12-20T12:54:51+00:00","og_image":[{"width":700,"height":700,"url":"https:\/\/www.campbells.com\/es\/wp-content\/uploads\/2020\/09\/beef-broth.webp","type":"image\/webp"}],"twitter_card":"summary_large_image","schema":{"@context":"https:\/\/schema.org","@graph":[{"@type":"WebPage","@id":"https:\/\/www.campbells.com\/es\/products\/sopas-condensadas\/caldo-de-res\/","url":"https:\/\/www.campbells.com\/es\/products\/sopas-condensadas\/caldo-de-res\/","name":"Caldo de res (Beef Broth) - The Campbell&#039;s Company LATINOAM\u00c9RICA","isPartOf":{"@id":"https:\/\/www.campbells.com\/es\/#website"},"datePublished":"2020-09-17T09:59:22+00:00","dateModified":"2022-12-20T12:54:51+00:00","description":"Conf\u00eda en un cl\u00e1sico para cocinar con el caldo condensado Campbell's\u00ae de res (Beef Broth). Nuestro caldo de res (Beef Broth) es rico en sabor y perfecto para cocinar con tus recetas favoritas.","breadcrumb":{"@id":"https:\/\/www.campbells.com\/es\/products\/sopas-condensadas\/caldo-de-res\/#breadcrumb"},"inLanguage":"es","potentialAction":[{"@type":"ReadAction","target":["https:\/\/www.campbells.com\/es\/products\/sopas-condensadas\/caldo-de-res\/"]}]},{"@type":"BreadcrumbList","@id":"https:\/\/www.campbells.com\/es\/products\/sopas-condensadas\/caldo-de-res\/#breadcrumb","itemListElement":[{"@type":"ListItem","position":1,"name":"Products","item":"https:\/\/www.campbells.com\/es\/productos\/"},{"@type":"ListItem","position":2,"name":"Caldo de res (Beef Broth)"}]},{"@type":"WebSite","@id":"https:\/\/www.campbells.com\/es\/#website","url":"https:\/\/www.campbells.com\/es\/","name":"The Campbell&#039;s Company LATINOAM\u00c9RICA","description":"Your SUPER-powered WP Engine Site","potentialAction":[{"@type":"SearchAction","target":{"@type":"EntryPoint","urlTemplate":"https:\/\/www.campbells.com\/es\/buscar\/?query={search_term_string}"},"query-input":"required name=search_term_string"}],"inLanguage":"es"}]}},"_links":{"self":[{"href":"https:\/\/www.campbells.com\/es\/wp-json\/wp\/v2\/product\/9460"}],"collection":[{"href":"https:\/\/www.campbells.com\/es\/wp-json\/wp\/v2\/product"}],"about":[{"href":"https:\/\/www.campbells.com\/es\/wp-json\/wp\/v2\/types\/product"}],"wp:featuredmedia":[{"embeddable":true,"href":"https:\/\/www.campbells.com\/es\/wp-json\/wp\/v2\/media\/9716"}],"wp:attachment":[{"href":"https:\/\/www.campbells.com\/es\/wp-json\/wp\/v2\/media?parent=9460"}],"wp:term":[{"taxonomy":"csc_dietary_alternative","embeddable":true,"href":"https:\/\/www.campbells.com\/es\/wp-json\/wp\/v2\/csc_dietary_alternative?post=9460"},{"taxonomy":"csc_main_ingredient","embeddable":true,"href":"https:\/\/www.campbells.com\/es\/wp-json\/wp\/v2\/csc_main_ingredient?post=9460"},{"taxonomy":"csc_product_cat","embeddable":true,"href":"https:\/\/www.campbells.com\/es\/wp-json\/wp\/v2\/csc_product_cat?post=9460"},{"taxonomy":"csc_product_line","embeddable":true,"href":"https:\/\/www.campbells.com\/es\/wp-json\/wp\/v2\/csc_product_line?post=9460"},{"taxonomy":"csc_product_tag","embeddable":true,"href":"https:\/\/www.campbells.com\/es\/wp-json\/wp\/v2\/csc_product_tag?post=9460"}],"curies":[{"name":"wp","href":"https:\/\/api.w.org\/{rel}","templated":true}]}}