{"id":9461,"date":"2020-09-17T09:59:01","date_gmt":"2020-09-17T09:59:01","guid":{"rendered":"https:\/\/www.campbells.com\/es\/products\/unknown\/veegeetaablee-beeeef-soouup\/"},"modified":"2022-12-20T12:40:44","modified_gmt":"2022-12-20T12:40:44","slug":"sopa-de-res-con-vegetales","status":"publish","type":"product","link":"https:\/\/www.campbells.com\/es\/products\/sopas-condensadas\/sopa-de-res-con-vegetales\/","title":{"rendered":"Sopa de res con vegetales (Vegetable Beef Soup),"},"featured_media":9730,"template":"","csc_dietary_alternative":[],"csc_main_ingredient":[],"csc_product_cat":[248],"csc_product_line":[252],"csc_product_tag":[262,261],"acf":[],"details":[{"name":"Sopa de res con vegetales (Vegetable Beef Soup),","allergens":"","brandcategory":"","product-line":["Sopas Condensadas"],"calories":"90","carbohydrates":"15g","cholesterol":"5mg","dietaryfiber":"2g","fat":"1g","ingredientstatement":"Caldo de carne de res (agua, caldo de carne res deshidratado), zanahorias, papas, carne de res sazonada, producto de caldo de res y almid\u00f3n de ma\u00edz modificado (carne de res, caldo de res, sal, almid\u00f3n de ma\u00edz modificado, fosfato s\u00f3dico, pimienta negra), cebada tostada, jud\u00edas verdes, guisantes, pur\u00e9 de tomate (agua, pasta de tomate), almid\u00f3n de ma\u00edz modificado, apio, contiene menos del 2\u00a0% de: sal, extracto de levadura, caldo de carne de res, glutamato monos\u00f3dico, cebollas deshidratadas, color caramelo, gluten de trigo hidrolizado, \u00e1cido c\u00edtrico, saborizante natural, sebo de res, prote\u00edna de soya hidrolizada, carne de res deshidratada, extracto de ajo. Contiene: trigo, soya","net-content":"","nutrition-claims":"","long-description":"","product-description":"<p>Disfruta del comfort con un cl\u00e1sico Campbell&#8217;s\u00ae, con la sopa condensada de res con vegetales (Vegetable Beef Soup). Nuestra sopa para deleitar a la multitud est\u00e1 elaborada con la deliciosa combinaci\u00f3n de ingredientes: zanahorias, papas, carne de res sazonada, cebada tostada, jud\u00edas verdes (ejotes) y guisantes (ch\u00edcharos) en un sabroso caldo de res. Bajo en grasa y colesterol, busca tu calma y comodidad con un humeante taz\u00f3n de Campbell&#8217;s\u00ae, \u00a1una marca en la que conf\u00edas!<\/p>\n","protein":"4g","servings":"","sodium":"890mg","sugar":"2g","transfat":"0g","product-id":9461}],"yoast_head":"<!-- This site is optimized with the Yoast SEO plugin v20.13 - https:\/\/yoast.com\/wordpress\/plugins\/seo\/ -->\n<title>Sopa de res con vegetales (Vegetable Beef Soup), - The Campbell&#039;s Company LATINOAM\u00c9RICA<\/title>\n<meta name=\"description\" content=\"\u00a1Disfruta de nuestra deliciosa sopa condensada de res con vegetales (Vegetable Beef Soup), elaborada con ingredientes de alta calidad que son bajos en grasa y colesterol, y una buena fuente de vitamina\u00a0A!\" \/>\n<meta name=\"robots\" content=\"index, follow, max-snippet:-1, max-image-preview:large, max-video-preview:-1\" \/>\n<link rel=\"canonical\" href=\"https:\/\/www.campbells.com\/es\/products\/sopas-condensadas\/sopa-de-res-con-vegetales\/\" \/>\n<meta property=\"og:locale\" content=\"es_ES\" \/>\n<meta property=\"og:type\" content=\"article\" \/>\n<meta property=\"og:title\" content=\"Sopa de res con vegetales (Vegetable Beef Soup), - The Campbell&#039;s Company LATINOAM\u00c9RICA\" \/>\n<meta property=\"og:description\" content=\"\u00a1Disfruta de nuestra deliciosa sopa condensada de res con vegetales (Vegetable Beef Soup), elaborada con ingredientes de alta calidad que son bajos en grasa y colesterol, y una buena fuente de vitamina\u00a0A!\" \/>\n<meta property=\"og:url\" content=\"https:\/\/www.campbells.com\/es\/products\/sopas-condensadas\/sopa-de-res-con-vegetales\/\" \/>\n<meta property=\"og:site_name\" content=\"The Campbell&#039;s Company LATINOAM\u00c9RICA\" \/>\n<meta property=\"article:publisher\" content=\"https:\/\/www.facebook.com\/campbellsLATAM\/\" \/>\n<meta property=\"article:modified_time\" content=\"2022-12-20T12:40:44+00:00\" \/>\n<meta property=\"og:image\" content=\"https:\/\/www.campbells.com\/es\/wp-content\/uploads\/2020\/09\/vegetable-beef.webp\" \/>\n\t<meta property=\"og:image:width\" content=\"700\" \/>\n\t<meta property=\"og:image:height\" content=\"700\" \/>\n\t<meta property=\"og:image:type\" content=\"image\/webp\" \/>\n<meta name=\"twitter:card\" content=\"summary_large_image\" \/>\n<script type=\"application\/ld+json\" class=\"yoast-schema-graph\">{\"@context\":\"https:\/\/schema.org\",\"@graph\":[{\"@type\":\"WebPage\",\"@id\":\"https:\/\/www.campbells.com\/es\/products\/sopas-condensadas\/sopa-de-res-con-vegetales\/\",\"url\":\"https:\/\/www.campbells.com\/es\/products\/sopas-condensadas\/sopa-de-res-con-vegetales\/\",\"name\":\"Sopa de res con vegetales (Vegetable Beef Soup), - The Campbell&#039;s Company LATINOAM\u00c9RICA\",\"isPartOf\":{\"@id\":\"https:\/\/www.campbells.com\/es\/#website\"},\"datePublished\":\"2020-09-17T09:59:01+00:00\",\"dateModified\":\"2022-12-20T12:40:44+00:00\",\"description\":\"\u00a1Disfruta de nuestra deliciosa sopa condensada de res con vegetales (Vegetable Beef Soup), elaborada con ingredientes de alta calidad que son bajos en grasa y colesterol, y una buena fuente de vitamina\u00a0A!\",\"breadcrumb\":{\"@id\":\"https:\/\/www.campbells.com\/es\/products\/sopas-condensadas\/sopa-de-res-con-vegetales\/#breadcrumb\"},\"inLanguage\":\"es\",\"potentialAction\":[{\"@type\":\"ReadAction\",\"target\":[\"https:\/\/www.campbells.com\/es\/products\/sopas-condensadas\/sopa-de-res-con-vegetales\/\"]}]},{\"@type\":\"BreadcrumbList\",\"@id\":\"https:\/\/www.campbells.com\/es\/products\/sopas-condensadas\/sopa-de-res-con-vegetales\/#breadcrumb\",\"itemListElement\":[{\"@type\":\"ListItem\",\"position\":1,\"name\":\"Products\",\"item\":\"https:\/\/www.campbells.com\/es\/productos\/\"},{\"@type\":\"ListItem\",\"position\":2,\"name\":\"Sopa de res con vegetales (Vegetable Beef Soup),\"}]},{\"@type\":\"WebSite\",\"@id\":\"https:\/\/www.campbells.com\/es\/#website\",\"url\":\"https:\/\/www.campbells.com\/es\/\",\"name\":\"The Campbell&#039;s Company LATINOAM\u00c9RICA\",\"description\":\"Your SUPER-powered WP Engine Site\",\"potentialAction\":[{\"@type\":\"SearchAction\",\"target\":{\"@type\":\"EntryPoint\",\"urlTemplate\":\"https:\/\/www.campbells.com\/es\/buscar\/?query={search_term_string}\"},\"query-input\":\"required name=search_term_string\"}],\"inLanguage\":\"es\"}]}<\/script>\n<!-- \/ Yoast SEO plugin. -->","yoast_head_json":{"title":"Sopa de res con vegetales (Vegetable Beef Soup), - The Campbell&#039;s Company LATINOAM\u00c9RICA","description":"\u00a1Disfruta de nuestra deliciosa sopa condensada de res con vegetales (Vegetable Beef Soup), elaborada con ingredientes de alta calidad que son bajos en grasa y colesterol, y una buena fuente de vitamina\u00a0A!","robots":{"index":"index","follow":"follow","max-snippet":"max-snippet:-1","max-image-preview":"max-image-preview:large","max-video-preview":"max-video-preview:-1"},"canonical":"https:\/\/www.campbells.com\/es\/products\/sopas-condensadas\/sopa-de-res-con-vegetales\/","og_locale":"es_ES","og_type":"article","og_title":"Sopa de res con vegetales (Vegetable Beef Soup), - The Campbell&#039;s Company LATINOAM\u00c9RICA","og_description":"\u00a1Disfruta de nuestra deliciosa sopa condensada de res con vegetales (Vegetable Beef Soup), elaborada con ingredientes de alta calidad que son bajos en grasa y colesterol, y una buena fuente de vitamina\u00a0A!","og_url":"https:\/\/www.campbells.com\/es\/products\/sopas-condensadas\/sopa-de-res-con-vegetales\/","og_site_name":"The Campbell&#039;s Company LATINOAM\u00c9RICA","article_publisher":"https:\/\/www.facebook.com\/campbellsLATAM\/","article_modified_time":"2022-12-20T12:40:44+00:00","og_image":[{"width":700,"height":700,"url":"https:\/\/www.campbells.com\/es\/wp-content\/uploads\/2020\/09\/vegetable-beef.webp","type":"image\/webp"}],"twitter_card":"summary_large_image","schema":{"@context":"https:\/\/schema.org","@graph":[{"@type":"WebPage","@id":"https:\/\/www.campbells.com\/es\/products\/sopas-condensadas\/sopa-de-res-con-vegetales\/","url":"https:\/\/www.campbells.com\/es\/products\/sopas-condensadas\/sopa-de-res-con-vegetales\/","name":"Sopa de res con vegetales (Vegetable Beef Soup), - The Campbell&#039;s Company LATINOAM\u00c9RICA","isPartOf":{"@id":"https:\/\/www.campbells.com\/es\/#website"},"datePublished":"2020-09-17T09:59:01+00:00","dateModified":"2022-12-20T12:40:44+00:00","description":"\u00a1Disfruta de nuestra deliciosa sopa condensada de res con vegetales (Vegetable Beef Soup), elaborada con ingredientes de alta calidad que son bajos en grasa y colesterol, y una buena fuente de vitamina\u00a0A!","breadcrumb":{"@id":"https:\/\/www.campbells.com\/es\/products\/sopas-condensadas\/sopa-de-res-con-vegetales\/#breadcrumb"},"inLanguage":"es","potentialAction":[{"@type":"ReadAction","target":["https:\/\/www.campbells.com\/es\/products\/sopas-condensadas\/sopa-de-res-con-vegetales\/"]}]},{"@type":"BreadcrumbList","@id":"https:\/\/www.campbells.com\/es\/products\/sopas-condensadas\/sopa-de-res-con-vegetales\/#breadcrumb","itemListElement":[{"@type":"ListItem","position":1,"name":"Products","item":"https:\/\/www.campbells.com\/es\/productos\/"},{"@type":"ListItem","position":2,"name":"Sopa de res con vegetales (Vegetable Beef Soup),"}]},{"@type":"WebSite","@id":"https:\/\/www.campbells.com\/es\/#website","url":"https:\/\/www.campbells.com\/es\/","name":"The Campbell&#039;s Company LATINOAM\u00c9RICA","description":"Your SUPER-powered WP Engine Site","potentialAction":[{"@type":"SearchAction","target":{"@type":"EntryPoint","urlTemplate":"https:\/\/www.campbells.com\/es\/buscar\/?query={search_term_string}"},"query-input":"required name=search_term_string"}],"inLanguage":"es"}]}},"_links":{"self":[{"href":"https:\/\/www.campbells.com\/es\/wp-json\/wp\/v2\/product\/9461"}],"collection":[{"href":"https:\/\/www.campbells.com\/es\/wp-json\/wp\/v2\/product"}],"about":[{"href":"https:\/\/www.campbells.com\/es\/wp-json\/wp\/v2\/types\/product"}],"wp:featuredmedia":[{"embeddable":true,"href":"https:\/\/www.campbells.com\/es\/wp-json\/wp\/v2\/media\/9730"}],"wp:attachment":[{"href":"https:\/\/www.campbells.com\/es\/wp-json\/wp\/v2\/media?parent=9461"}],"wp:term":[{"taxonomy":"csc_dietary_alternative","embeddable":true,"href":"https:\/\/www.campbells.com\/es\/wp-json\/wp\/v2\/csc_dietary_alternative?post=9461"},{"taxonomy":"csc_main_ingredient","embeddable":true,"href":"https:\/\/www.campbells.com\/es\/wp-json\/wp\/v2\/csc_main_ingredient?post=9461"},{"taxonomy":"csc_product_cat","embeddable":true,"href":"https:\/\/www.campbells.com\/es\/wp-json\/wp\/v2\/csc_product_cat?post=9461"},{"taxonomy":"csc_product_line","embeddable":true,"href":"https:\/\/www.campbells.com\/es\/wp-json\/wp\/v2\/csc_product_line?post=9461"},{"taxonomy":"csc_product_tag","embeddable":true,"href":"https:\/\/www.campbells.com\/es\/wp-json\/wp\/v2\/csc_product_tag?post=9461"}],"curies":[{"name":"wp","href":"https:\/\/api.w.org\/{rel}","templated":true}]}}