{"id":9471,"date":"2020-09-17T09:58:47","date_gmt":"2020-09-17T09:58:47","guid":{"rendered":"https:\/\/www.campbells.com\/es\/products\/unknown\/neew-englaand-claam-choowdeer-2\/"},"modified":"2022-12-20T19:02:42","modified_gmt":"2022-12-20T19:02:42","slug":"sopa-chowder-de-almeja-de-nueva-inglaterra-homestyle","status":"publish","type":"product","link":"https:\/\/www.campbells.com\/es\/products\/homestyle-es\/sopa-chowder-de-almeja-de-nueva-inglaterra-homestyle\/","title":{"rendered":"Sopa chowder de almeja de Nueva Inglaterra Homestyle (Homestyle New England Clam Chowder)"},"featured_media":9744,"template":"","csc_dietary_alternative":[],"csc_main_ingredient":[],"csc_product_cat":[248],"csc_product_line":[345,255,252],"csc_product_tag":[261,280,285],"acf":[],"details":[{"name":"Sopa chowder de almeja de Nueva Inglaterra Homestyle (Homestyle New England Clam Chowder)","allergens":"","brandcategory":"","product-line":["Homestyle","Sopas Caseras","Sopas Condensadas"],"calories":"170","carbohydrates":"14g","cholesterol":"5mg","dietaryfiber":"2g","fat":"10g","ingredientstatement":"Caldo de almeja, papas, almejas, aceite vegetal (ma\u00edz, canola o soya), apio, contiene menos del 2\u00a0% de: almid\u00f3n alimenticio modificado, agua, sal, harina de trigo, concentrado de prote\u00edna de soya, glutamato monos\u00f3dico, az\u00facar, cebollas**, especias, fosfato s\u00f3dico, saborizante natural, inosinato dis\u00f3dico, guanilato dis\u00f3dico, \u00e1cido succ\u00ednico, mantequilla**, suero de mantequilla, salsa de soya (soya, trigo, sal), mantequilla con enzima modificada, concentrado de prote\u00edna de suero de leche, leche sin grasa, suero de leche, lecitina de soya, grasa de leche. **Deshidratado contiene: bacalao, trigo, leche, soya.","net-content":"","nutrition-claims":"","long-description":"","product-description":"<p>La sopa Campbell\u2019s\u00ae chowder de almeja de Nueva Inglaterra Homestyle (Homestyle New England Clam Chowder) contiene los sabores de la costa este de los Estados Unidos que anhelas, elaborado con ingredientes de alta calidad como suculentas almejas y vegetales. Zamb\u00fallete en cada rica y cremosa cucharada y disfruta sabores como los de las cocinas junto al mar.<\/p>\n","protein":"5g","servings":"","sodium":"890mg","sugar":"1g","transfat":"0g","product-id":9471}],"yoast_head":"<!-- This site is optimized with the Yoast SEO plugin v20.13 - https:\/\/yoast.com\/wordpress\/plugins\/seo\/ -->\n<title>Sopa chowder de almeja de Nueva Inglaterra Homestyle (Homestyle New England Clam Chowder) - The Campbell&#039;s Company LATINOAM\u00c9RICA<\/title>\n<meta name=\"description\" content=\"Del\u00e9itate con nuestra sopa chowder de almeja de Nueva Inglaterra Homestyle (Homestyle New England Clam Chowder) para disfrutar de sabores de la costa este de Estados Unidos preparados en casa, elaborada con suculentas almejas y verduras en cada bocado.\" \/>\n<meta name=\"robots\" content=\"index, follow, max-snippet:-1, max-image-preview:large, max-video-preview:-1\" \/>\n<link rel=\"canonical\" href=\"https:\/\/www.campbells.com\/es\/products\/homestyle-es\/sopa-chowder-de-almeja-de-nueva-inglaterra-homestyle\/\" \/>\n<meta property=\"og:locale\" content=\"es_ES\" \/>\n<meta property=\"og:type\" content=\"article\" \/>\n<meta property=\"og:title\" content=\"Sopa chowder de almeja de Nueva Inglaterra Homestyle (Homestyle New England Clam Chowder) - The Campbell&#039;s Company LATINOAM\u00c9RICA\" \/>\n<meta property=\"og:description\" content=\"Del\u00e9itate con nuestra sopa chowder de almeja de Nueva Inglaterra Homestyle (Homestyle New England Clam Chowder) para disfrutar de sabores de la costa este de Estados Unidos preparados en casa, elaborada con suculentas almejas y verduras en cada bocado.\" \/>\n<meta property=\"og:url\" content=\"https:\/\/www.campbells.com\/es\/products\/homestyle-es\/sopa-chowder-de-almeja-de-nueva-inglaterra-homestyle\/\" \/>\n<meta property=\"og:site_name\" content=\"The Campbell&#039;s Company LATINOAM\u00c9RICA\" \/>\n<meta property=\"article:publisher\" content=\"https:\/\/www.facebook.com\/campbellsLATAM\/\" \/>\n<meta property=\"article:modified_time\" content=\"2022-12-20T19:02:42+00:00\" \/>\n<meta property=\"og:image\" content=\"https:\/\/www.campbells.com\/es\/wp-content\/uploads\/2020\/09\/homestyle-new-england-clam-chowder.webp\" \/>\n\t<meta property=\"og:image:width\" content=\"700\" \/>\n\t<meta property=\"og:image:height\" content=\"700\" \/>\n\t<meta property=\"og:image:type\" content=\"image\/webp\" \/>\n<meta name=\"twitter:card\" content=\"summary_large_image\" \/>\n<script type=\"application\/ld+json\" class=\"yoast-schema-graph\">{\"@context\":\"https:\/\/schema.org\",\"@graph\":[{\"@type\":\"WebPage\",\"@id\":\"https:\/\/www.campbells.com\/es\/products\/homestyle-es\/sopa-chowder-de-almeja-de-nueva-inglaterra-homestyle\/\",\"url\":\"https:\/\/www.campbells.com\/es\/products\/homestyle-es\/sopa-chowder-de-almeja-de-nueva-inglaterra-homestyle\/\",\"name\":\"Sopa chowder de almeja de Nueva Inglaterra Homestyle (Homestyle New England Clam Chowder) - The Campbell&#039;s Company LATINOAM\u00c9RICA\",\"isPartOf\":{\"@id\":\"https:\/\/www.campbells.com\/es\/#website\"},\"datePublished\":\"2020-09-17T09:58:47+00:00\",\"dateModified\":\"2022-12-20T19:02:42+00:00\",\"description\":\"Del\u00e9itate con nuestra sopa chowder de almeja de Nueva Inglaterra Homestyle (Homestyle New England Clam Chowder) para disfrutar de sabores de la costa este de Estados Unidos preparados en casa, elaborada con suculentas almejas y verduras en cada bocado.\",\"breadcrumb\":{\"@id\":\"https:\/\/www.campbells.com\/es\/products\/homestyle-es\/sopa-chowder-de-almeja-de-nueva-inglaterra-homestyle\/#breadcrumb\"},\"inLanguage\":\"es\",\"potentialAction\":[{\"@type\":\"ReadAction\",\"target\":[\"https:\/\/www.campbells.com\/es\/products\/homestyle-es\/sopa-chowder-de-almeja-de-nueva-inglaterra-homestyle\/\"]}]},{\"@type\":\"BreadcrumbList\",\"@id\":\"https:\/\/www.campbells.com\/es\/products\/homestyle-es\/sopa-chowder-de-almeja-de-nueva-inglaterra-homestyle\/#breadcrumb\",\"itemListElement\":[{\"@type\":\"ListItem\",\"position\":1,\"name\":\"Products\",\"item\":\"https:\/\/www.campbells.com\/es\/productos\/\"},{\"@type\":\"ListItem\",\"position\":2,\"name\":\"Sopa chowder de almeja de Nueva Inglaterra Homestyle (Homestyle New England Clam Chowder)\"}]},{\"@type\":\"WebSite\",\"@id\":\"https:\/\/www.campbells.com\/es\/#website\",\"url\":\"https:\/\/www.campbells.com\/es\/\",\"name\":\"The Campbell&#039;s Company LATINOAM\u00c9RICA\",\"description\":\"Your SUPER-powered WP Engine Site\",\"potentialAction\":[{\"@type\":\"SearchAction\",\"target\":{\"@type\":\"EntryPoint\",\"urlTemplate\":\"https:\/\/www.campbells.com\/es\/buscar\/?query={search_term_string}\"},\"query-input\":\"required name=search_term_string\"}],\"inLanguage\":\"es\"}]}<\/script>\n<!-- \/ Yoast SEO plugin. -->","yoast_head_json":{"title":"Sopa chowder de almeja de Nueva Inglaterra Homestyle (Homestyle New England Clam Chowder) - The Campbell&#039;s Company LATINOAM\u00c9RICA","description":"Del\u00e9itate con nuestra sopa chowder de almeja de Nueva Inglaterra Homestyle (Homestyle New England Clam Chowder) para disfrutar de sabores de la costa este de Estados Unidos preparados en casa, elaborada con suculentas almejas y verduras en cada bocado.","robots":{"index":"index","follow":"follow","max-snippet":"max-snippet:-1","max-image-preview":"max-image-preview:large","max-video-preview":"max-video-preview:-1"},"canonical":"https:\/\/www.campbells.com\/es\/products\/homestyle-es\/sopa-chowder-de-almeja-de-nueva-inglaterra-homestyle\/","og_locale":"es_ES","og_type":"article","og_title":"Sopa chowder de almeja de Nueva Inglaterra Homestyle (Homestyle New England Clam Chowder) - The Campbell&#039;s Company LATINOAM\u00c9RICA","og_description":"Del\u00e9itate con nuestra sopa chowder de almeja de Nueva Inglaterra Homestyle (Homestyle New England Clam Chowder) para disfrutar de sabores de la costa este de Estados Unidos preparados en casa, elaborada con suculentas almejas y verduras en cada bocado.","og_url":"https:\/\/www.campbells.com\/es\/products\/homestyle-es\/sopa-chowder-de-almeja-de-nueva-inglaterra-homestyle\/","og_site_name":"The Campbell&#039;s Company LATINOAM\u00c9RICA","article_publisher":"https:\/\/www.facebook.com\/campbellsLATAM\/","article_modified_time":"2022-12-20T19:02:42+00:00","og_image":[{"width":700,"height":700,"url":"https:\/\/www.campbells.com\/es\/wp-content\/uploads\/2020\/09\/homestyle-new-england-clam-chowder.webp","type":"image\/webp"}],"twitter_card":"summary_large_image","schema":{"@context":"https:\/\/schema.org","@graph":[{"@type":"WebPage","@id":"https:\/\/www.campbells.com\/es\/products\/homestyle-es\/sopa-chowder-de-almeja-de-nueva-inglaterra-homestyle\/","url":"https:\/\/www.campbells.com\/es\/products\/homestyle-es\/sopa-chowder-de-almeja-de-nueva-inglaterra-homestyle\/","name":"Sopa chowder de almeja de Nueva Inglaterra Homestyle (Homestyle New England Clam Chowder) - The Campbell&#039;s Company LATINOAM\u00c9RICA","isPartOf":{"@id":"https:\/\/www.campbells.com\/es\/#website"},"datePublished":"2020-09-17T09:58:47+00:00","dateModified":"2022-12-20T19:02:42+00:00","description":"Del\u00e9itate con nuestra sopa chowder de almeja de Nueva Inglaterra Homestyle (Homestyle New England Clam Chowder) para disfrutar de sabores de la costa este de Estados Unidos preparados en casa, elaborada con suculentas almejas y verduras en cada bocado.","breadcrumb":{"@id":"https:\/\/www.campbells.com\/es\/products\/homestyle-es\/sopa-chowder-de-almeja-de-nueva-inglaterra-homestyle\/#breadcrumb"},"inLanguage":"es","potentialAction":[{"@type":"ReadAction","target":["https:\/\/www.campbells.com\/es\/products\/homestyle-es\/sopa-chowder-de-almeja-de-nueva-inglaterra-homestyle\/"]}]},{"@type":"BreadcrumbList","@id":"https:\/\/www.campbells.com\/es\/products\/homestyle-es\/sopa-chowder-de-almeja-de-nueva-inglaterra-homestyle\/#breadcrumb","itemListElement":[{"@type":"ListItem","position":1,"name":"Products","item":"https:\/\/www.campbells.com\/es\/productos\/"},{"@type":"ListItem","position":2,"name":"Sopa chowder de almeja de Nueva Inglaterra Homestyle (Homestyle New England Clam Chowder)"}]},{"@type":"WebSite","@id":"https:\/\/www.campbells.com\/es\/#website","url":"https:\/\/www.campbells.com\/es\/","name":"The Campbell&#039;s Company LATINOAM\u00c9RICA","description":"Your SUPER-powered WP Engine Site","potentialAction":[{"@type":"SearchAction","target":{"@type":"EntryPoint","urlTemplate":"https:\/\/www.campbells.com\/es\/buscar\/?query={search_term_string}"},"query-input":"required name=search_term_string"}],"inLanguage":"es"}]}},"_links":{"self":[{"href":"https:\/\/www.campbells.com\/es\/wp-json\/wp\/v2\/product\/9471"}],"collection":[{"href":"https:\/\/www.campbells.com\/es\/wp-json\/wp\/v2\/product"}],"about":[{"href":"https:\/\/www.campbells.com\/es\/wp-json\/wp\/v2\/types\/product"}],"wp:featuredmedia":[{"embeddable":true,"href":"https:\/\/www.campbells.com\/es\/wp-json\/wp\/v2\/media\/9744"}],"wp:attachment":[{"href":"https:\/\/www.campbells.com\/es\/wp-json\/wp\/v2\/media?parent=9471"}],"wp:term":[{"taxonomy":"csc_dietary_alternative","embeddable":true,"href":"https:\/\/www.campbells.com\/es\/wp-json\/wp\/v2\/csc_dietary_alternative?post=9471"},{"taxonomy":"csc_main_ingredient","embeddable":true,"href":"https:\/\/www.campbells.com\/es\/wp-json\/wp\/v2\/csc_main_ingredient?post=9471"},{"taxonomy":"csc_product_cat","embeddable":true,"href":"https:\/\/www.campbells.com\/es\/wp-json\/wp\/v2\/csc_product_cat?post=9471"},{"taxonomy":"csc_product_line","embeddable":true,"href":"https:\/\/www.campbells.com\/es\/wp-json\/wp\/v2\/csc_product_line?post=9471"},{"taxonomy":"csc_product_tag","embeddable":true,"href":"https:\/\/www.campbells.com\/es\/wp-json\/wp\/v2\/csc_product_tag?post=9471"}],"curies":[{"name":"wp","href":"https:\/\/api.w.org\/{rel}","templated":true}]}}