{"id":9477,"date":"2020-11-09T09:18:59","date_gmt":"2020-11-09T09:18:59","guid":{"rendered":"https:\/\/www.campbells.com\/es\/products\/unknown\/heeaaelthy-reequueest-chiickeen-wiith-riicee-sooyyp\/"},"modified":"2023-01-10T13:17:53","modified_gmt":"2023-01-10T13:17:53","slug":"sopa-de-pollo-y-arroz-healthy-request","status":"publish","type":"product","link":"https:\/\/www.campbells.com\/es\/products\/sopas-condensadas\/sopa-de-pollo-y-arroz-healthy-request\/","title":{"rendered":"Sopa de pollo y arroz &nbsp;Healthy Request \u00ae &reg; (Chicken with Rice Soup Healthy Request\u00ae)"},"featured_media":9648,"template":"","csc_dietary_alternative":[],"csc_main_ingredient":[],"csc_product_cat":[248],"csc_product_line":[254,252],"csc_product_tag":[261,266,263],"acf":[],"details":[{"name":"Sopa de pollo y arroz &nbsp;Healthy Request \u00ae &reg; (Chicken with Rice Soup Healthy Request\u00ae)","allergens":"","brandcategory":"","product-line":["Healthy Request\u00ae","Sopas Condensadas"],"calories":"80","carbohydrates":"13g","cholesterol":"5mg","dietaryfiber":"0g","fat":"2g","ingredientstatement":"Caldo de carne de pollo, arroz, carne de pollo, zanahorias, contiene menos del 2\u00a0% de: grasa de pollo, apio, aderezo (sal de potasio, sal, saborizante natural), sal, agua, almid\u00f3n de ma\u00edz, az\u00facar, saborizante natural, cebollas, aceite vegetal, pollo deshidratado, extracto de levadura, almid\u00f3n de ma\u00edz modificado, caldo de pollo deshidratado, betacaroteno para color, prote\u00edna aislada de soya, fosfato s\u00f3dico, lecitina de soya. Contiene: la soya puede contener trazas de trigo","net-content":"","nutrition-claims":"","long-description":"","product-description":"<p>Reconforta tu alma con nuestros deliciosos tazones de sopa condensada Campbell\u2019s\u00ae de pollo y arroz Healthy Request\u00ae (Chicken with Rice Soup Healthy Request\u00ae). Nuestras cucharadas bajas en grasa rebosan de los saludables sabores del arroz, la carne de pollo y los vegetales. Y lo que es mejor, te har\u00e1 sentir bien que cada taz\u00f3n sea una buena fuente de vitamina A. M&#8217;m! M&#8217;m! M&#8217;m! Good!\u00ae\u2026 \u00a1Para tu coraz\u00f3n!<\/p>\n","protein":"2g","servings":"","sodium":"390mg","sugar":"1g","transfat":"0g","product-id":9477}],"yoast_head":"<!-- This site is optimized with the Yoast SEO plugin v20.13 - https:\/\/yoast.com\/wordpress\/plugins\/seo\/ -->\n<title>Sopa de pollo y arroz &nbsp;Healthy Request \u00ae &reg; (Chicken with Rice Soup Healthy Request\u00ae) - The Campbell&#039;s Company LATINOAM\u00c9RICA<\/title>\n<meta name=\"robots\" content=\"index, follow, max-snippet:-1, max-image-preview:large, max-video-preview:-1\" \/>\n<link rel=\"canonical\" href=\"https:\/\/www.campbells.com\/es\/products\/sopas-condensadas\/sopa-de-pollo-y-arroz-healthy-request\/\" \/>\n<meta property=\"og:locale\" content=\"es_ES\" \/>\n<meta property=\"og:type\" content=\"article\" \/>\n<meta property=\"og:title\" content=\"Sopa de pollo y arroz &nbsp;Healthy Request \u00ae &reg; (Chicken with Rice Soup Healthy Request\u00ae) - The Campbell&#039;s Company LATINOAM\u00c9RICA\" \/>\n<meta property=\"og:url\" content=\"https:\/\/www.campbells.com\/es\/products\/sopas-condensadas\/sopa-de-pollo-y-arroz-healthy-request\/\" \/>\n<meta property=\"og:site_name\" content=\"The Campbell&#039;s Company LATINOAM\u00c9RICA\" \/>\n<meta property=\"article:publisher\" content=\"https:\/\/www.facebook.com\/campbellsLATAM\/\" \/>\n<meta property=\"article:modified_time\" content=\"2023-01-10T13:17:53+00:00\" \/>\n<meta property=\"og:image\" content=\"https:\/\/www.campbells.com\/es\/wp-content\/uploads\/2020\/11\/healthy-request-chicken-with-rice.webp\" \/>\n\t<meta property=\"og:image:width\" content=\"700\" \/>\n\t<meta property=\"og:image:height\" content=\"700\" \/>\n\t<meta property=\"og:image:type\" content=\"image\/webp\" \/>\n<meta name=\"twitter:card\" content=\"summary_large_image\" \/>\n<script type=\"application\/ld+json\" class=\"yoast-schema-graph\">{\"@context\":\"https:\/\/schema.org\",\"@graph\":[{\"@type\":\"WebPage\",\"@id\":\"https:\/\/www.campbells.com\/es\/products\/sopas-condensadas\/sopa-de-pollo-y-arroz-healthy-request\/\",\"url\":\"https:\/\/www.campbells.com\/es\/products\/sopas-condensadas\/sopa-de-pollo-y-arroz-healthy-request\/\",\"name\":\"Sopa de pollo y arroz &nbsp;Healthy Request \u00ae &reg; (Chicken with Rice Soup Healthy Request\u00ae) - The Campbell&#039;s Company LATINOAM\u00c9RICA\",\"isPartOf\":{\"@id\":\"https:\/\/www.campbells.com\/es\/#website\"},\"datePublished\":\"2020-11-09T09:18:59+00:00\",\"dateModified\":\"2023-01-10T13:17:53+00:00\",\"breadcrumb\":{\"@id\":\"https:\/\/www.campbells.com\/es\/products\/sopas-condensadas\/sopa-de-pollo-y-arroz-healthy-request\/#breadcrumb\"},\"inLanguage\":\"es\",\"potentialAction\":[{\"@type\":\"ReadAction\",\"target\":[\"https:\/\/www.campbells.com\/es\/products\/sopas-condensadas\/sopa-de-pollo-y-arroz-healthy-request\/\"]}]},{\"@type\":\"BreadcrumbList\",\"@id\":\"https:\/\/www.campbells.com\/es\/products\/sopas-condensadas\/sopa-de-pollo-y-arroz-healthy-request\/#breadcrumb\",\"itemListElement\":[{\"@type\":\"ListItem\",\"position\":1,\"name\":\"Products\",\"item\":\"https:\/\/www.campbells.com\/es\/productos\/\"},{\"@type\":\"ListItem\",\"position\":2,\"name\":\"Sopa de pollo y arroz &nbsp;Healthy Request \u00ae &reg; (Chicken with Rice Soup Healthy Request\u00ae)\"}]},{\"@type\":\"WebSite\",\"@id\":\"https:\/\/www.campbells.com\/es\/#website\",\"url\":\"https:\/\/www.campbells.com\/es\/\",\"name\":\"The Campbell&#039;s Company LATINOAM\u00c9RICA\",\"description\":\"Your SUPER-powered WP Engine Site\",\"potentialAction\":[{\"@type\":\"SearchAction\",\"target\":{\"@type\":\"EntryPoint\",\"urlTemplate\":\"https:\/\/www.campbells.com\/es\/buscar\/?query={search_term_string}\"},\"query-input\":\"required name=search_term_string\"}],\"inLanguage\":\"es\"}]}<\/script>\n<!-- \/ Yoast SEO plugin. -->","yoast_head_json":{"title":"Sopa de pollo y arroz &nbsp;Healthy Request \u00ae &reg; (Chicken with Rice Soup Healthy Request\u00ae) - The Campbell&#039;s Company LATINOAM\u00c9RICA","robots":{"index":"index","follow":"follow","max-snippet":"max-snippet:-1","max-image-preview":"max-image-preview:large","max-video-preview":"max-video-preview:-1"},"canonical":"https:\/\/www.campbells.com\/es\/products\/sopas-condensadas\/sopa-de-pollo-y-arroz-healthy-request\/","og_locale":"es_ES","og_type":"article","og_title":"Sopa de pollo y arroz &nbsp;Healthy Request \u00ae &reg; (Chicken with Rice Soup Healthy Request\u00ae) - The Campbell&#039;s Company LATINOAM\u00c9RICA","og_url":"https:\/\/www.campbells.com\/es\/products\/sopas-condensadas\/sopa-de-pollo-y-arroz-healthy-request\/","og_site_name":"The Campbell&#039;s Company LATINOAM\u00c9RICA","article_publisher":"https:\/\/www.facebook.com\/campbellsLATAM\/","article_modified_time":"2023-01-10T13:17:53+00:00","og_image":[{"width":700,"height":700,"url":"https:\/\/www.campbells.com\/es\/wp-content\/uploads\/2020\/11\/healthy-request-chicken-with-rice.webp","type":"image\/webp"}],"twitter_card":"summary_large_image","schema":{"@context":"https:\/\/schema.org","@graph":[{"@type":"WebPage","@id":"https:\/\/www.campbells.com\/es\/products\/sopas-condensadas\/sopa-de-pollo-y-arroz-healthy-request\/","url":"https:\/\/www.campbells.com\/es\/products\/sopas-condensadas\/sopa-de-pollo-y-arroz-healthy-request\/","name":"Sopa de pollo y arroz &nbsp;Healthy Request \u00ae &reg; (Chicken with Rice Soup Healthy Request\u00ae) - The Campbell&#039;s Company LATINOAM\u00c9RICA","isPartOf":{"@id":"https:\/\/www.campbells.com\/es\/#website"},"datePublished":"2020-11-09T09:18:59+00:00","dateModified":"2023-01-10T13:17:53+00:00","breadcrumb":{"@id":"https:\/\/www.campbells.com\/es\/products\/sopas-condensadas\/sopa-de-pollo-y-arroz-healthy-request\/#breadcrumb"},"inLanguage":"es","potentialAction":[{"@type":"ReadAction","target":["https:\/\/www.campbells.com\/es\/products\/sopas-condensadas\/sopa-de-pollo-y-arroz-healthy-request\/"]}]},{"@type":"BreadcrumbList","@id":"https:\/\/www.campbells.com\/es\/products\/sopas-condensadas\/sopa-de-pollo-y-arroz-healthy-request\/#breadcrumb","itemListElement":[{"@type":"ListItem","position":1,"name":"Products","item":"https:\/\/www.campbells.com\/es\/productos\/"},{"@type":"ListItem","position":2,"name":"Sopa de pollo y arroz &nbsp;Healthy Request \u00ae &reg; (Chicken with Rice Soup Healthy Request\u00ae)"}]},{"@type":"WebSite","@id":"https:\/\/www.campbells.com\/es\/#website","url":"https:\/\/www.campbells.com\/es\/","name":"The Campbell&#039;s Company LATINOAM\u00c9RICA","description":"Your SUPER-powered WP Engine Site","potentialAction":[{"@type":"SearchAction","target":{"@type":"EntryPoint","urlTemplate":"https:\/\/www.campbells.com\/es\/buscar\/?query={search_term_string}"},"query-input":"required name=search_term_string"}],"inLanguage":"es"}]}},"_links":{"self":[{"href":"https:\/\/www.campbells.com\/es\/wp-json\/wp\/v2\/product\/9477"}],"collection":[{"href":"https:\/\/www.campbells.com\/es\/wp-json\/wp\/v2\/product"}],"about":[{"href":"https:\/\/www.campbells.com\/es\/wp-json\/wp\/v2\/types\/product"}],"wp:featuredmedia":[{"embeddable":true,"href":"https:\/\/www.campbells.com\/es\/wp-json\/wp\/v2\/media\/9648"}],"wp:attachment":[{"href":"https:\/\/www.campbells.com\/es\/wp-json\/wp\/v2\/media?parent=9477"}],"wp:term":[{"taxonomy":"csc_dietary_alternative","embeddable":true,"href":"https:\/\/www.campbells.com\/es\/wp-json\/wp\/v2\/csc_dietary_alternative?post=9477"},{"taxonomy":"csc_main_ingredient","embeddable":true,"href":"https:\/\/www.campbells.com\/es\/wp-json\/wp\/v2\/csc_main_ingredient?post=9477"},{"taxonomy":"csc_product_cat","embeddable":true,"href":"https:\/\/www.campbells.com\/es\/wp-json\/wp\/v2\/csc_product_cat?post=9477"},{"taxonomy":"csc_product_line","embeddable":true,"href":"https:\/\/www.campbells.com\/es\/wp-json\/wp\/v2\/csc_product_line?post=9477"},{"taxonomy":"csc_product_tag","embeddable":true,"href":"https:\/\/www.campbells.com\/es\/wp-json\/wp\/v2\/csc_product_tag?post=9477"}],"curies":[{"name":"wp","href":"https:\/\/api.w.org\/{rel}","templated":true}]}}