{"id":9480,"date":"2020-09-17T10:00:02","date_gmt":"2020-09-17T10:00:02","guid":{"rendered":"https:\/\/www.campbells.com\/es\/products\/unknown\/baeaekeed-pootaeaetoo-wiith-cheeddaeaer-baacoon-biits-soouup\/"},"modified":"2022-12-20T12:52:08","modified_gmt":"2022-12-20T12:52:08","slug":"sopa-campbells-chunky-de-papa-al-horno-con-queso-cheddar-y-trocitos-de-tocino","status":"publish","type":"product","link":"https:\/\/www.campbells.com\/es\/products\/sopas-chunky\/sopa-campbells-chunky-de-papa-al-horno-con-queso-cheddar-y-trocitos-de-tocino\/","title":{"rendered":"Sopa Campbell\u2019s\u00ae Chunky\u00ae de papa al horno con queso cheddar y trocitos de tocino (Campbell\u2019s\u00ae Chunky\u00ae Baked Potato Soup with Cheddar &#038; Bacon)"},"featured_media":9690,"template":"","csc_dietary_alternative":[],"csc_main_ingredient":[],"csc_product_cat":[248],"csc_product_line":[253],"csc_product_tag":[261,269,267],"acf":[],"details":[{"name":"Sopa Campbell\u2019s\u00ae Chunky\u00ae de papa al horno con queso cheddar y trocitos de tocino (Campbell\u2019s\u00ae Chunky\u00ae Baked Potato Soup with Cheddar & Bacon)","allergens":"","brandcategory":"","product-line":["Chunky\u00ae"],"calories":"190","carbohydrates":"22g","cholesterol":"5mg","dietaryfiber":"2g","fat":"9g","ingredientstatement":"Agua, papas, papas al horno, el aceite vegetal (ma\u00edz, canola y\/o soya) contiene menos del\u00a02 % de: almid\u00f3n de ma\u00edz modificado, base de sabor a queso (queso cheddar [leche, cultivos, sal, enzimas], agua, fosfato s\u00f3dico), trocitos de tocino (tocino [curado con agua, sal, az\u00facar, saborizante de humo natural, fosfato s\u00f3dico, eritorbato s\u00f3dico, nitrito s\u00f3dico]), cebollas deshidratadas, sal, harina de trigo, extracto de levadura, concentrado de prote\u00edna de soya, az\u00facar, crema, saborizante natural, cerdo, grasa de cerdo, especias, caldo de cerdo deshidratado, almid\u00f3n de trigo, saborizante de humo, extracto de res. Contiene: trigo, leche, soya.","net-content":"","nutrition-claims":"","long-description":"","product-description":"<p>La sopa Campbell\u2019s\u00ae Chunky\u00ae de papa al horno con queso cheddar y trocitos de tocino (Campbell\u2019s\u00ae Chunky\u00ae Baked Potato Soup with Cheddar &amp; Bacon) toma todos los mejores sabores de una papa al horno y los convierte en algo exquisito para comer a cucharadas. Grandes trozos de papas frescas y al horno, queso cheddar y sabroso tocino crean una sopa lista para comer y saciarte que est\u00e1 hecha para combatir incluso el apetito m\u00e1s voraz. Sopa Campbell\u2019s\u00ae Chunky\u00ae de papa al horno con queso cheddar y trocitos de tocino (Campbell\u2019s\u00ae Chunky\u00ae Baked Potato Soup with Cheddar &amp; Bacon): Soup That Eats Like a Meal\u00ae.<\/p>\n<p>Cuando necesites comida que haga su trabajo tan bien como t\u00fa, toma sopas Campbell&#8217;s\u00ae Chunky\u00ae. Nuestro gran sabor, grandes trozos y audaces ingredientes te ayudar\u00e1n a combatir el hambre del tama\u00f1o de un estadio de f\u00fatbol. Disponibles en variedades y sabores suculentos sin fin, las sopas Campbell&#8217;s\u00ae Chunky\u00ae te sacian e impulsan tu ajetreo diario.<\/p>\n","protein":"4g","servings":"","sodium":"790mg","sugar":"2g","transfat":"0g","product-id":9480}],"yoast_head":"<!-- This site is optimized with the Yoast SEO plugin v20.13 - https:\/\/yoast.com\/wordpress\/plugins\/seo\/ -->\n<title>Sopa Campbell\u2019s\u00ae Chunky\u00ae de papa al horno con queso cheddar y trocitos de tocino (Campbell\u2019s\u00ae Chunky\u00ae Baked Potato Soup with Cheddar &amp; Bacon) - The Campbell&#039;s Company LATINOAM\u00c9RICA<\/title>\n<meta name=\"description\" content=\"No te pierdas la sopa Campbell\u2019s\u00ae Chunky\u00ae de papa al horno con queso cheddar y trocitos de tocino (Campbell\u2019s\u00ae Chunky\u00ae Baked Potato Soup with Cheddar &amp; Bacon) Esta sabrosa sopa est\u00e1 hecha con trocitos reales de tocino y queso para los apetitos m\u00e1s grandes.\" \/>\n<meta name=\"robots\" content=\"index, follow, max-snippet:-1, max-image-preview:large, max-video-preview:-1\" \/>\n<link rel=\"canonical\" href=\"https:\/\/www.campbells.com\/es\/products\/sopas-chunky\/sopa-campbells-chunky-de-papa-al-horno-con-queso-cheddar-y-trocitos-de-tocino\/\" \/>\n<meta property=\"og:locale\" content=\"es_ES\" \/>\n<meta property=\"og:type\" content=\"article\" \/>\n<meta property=\"og:title\" content=\"Sopa Campbell\u2019s\u00ae Chunky\u00ae de papa al horno con queso cheddar y trocitos de tocino (Campbell\u2019s\u00ae Chunky\u00ae Baked Potato Soup with Cheddar &amp; Bacon) - The Campbell&#039;s Company LATINOAM\u00c9RICA\" \/>\n<meta property=\"og:description\" content=\"No te pierdas la sopa Campbell\u2019s\u00ae Chunky\u00ae de papa al horno con queso cheddar y trocitos de tocino (Campbell\u2019s\u00ae Chunky\u00ae Baked Potato Soup with Cheddar &amp; Bacon) Esta sabrosa sopa est\u00e1 hecha con trocitos reales de tocino y queso para los apetitos m\u00e1s grandes.\" \/>\n<meta property=\"og:url\" content=\"https:\/\/www.campbells.com\/es\/products\/sopas-chunky\/sopa-campbells-chunky-de-papa-al-horno-con-queso-cheddar-y-trocitos-de-tocino\/\" \/>\n<meta property=\"og:site_name\" content=\"The Campbell&#039;s Company LATINOAM\u00c9RICA\" \/>\n<meta property=\"article:publisher\" content=\"https:\/\/www.facebook.com\/campbellsLATAM\/\" \/>\n<meta property=\"article:modified_time\" content=\"2022-12-20T12:52:08+00:00\" \/>\n<meta property=\"og:image\" content=\"https:\/\/www.campbells.com\/es\/wp-content\/uploads\/2020\/09\/chunky-baked-potato-with-cheddar-and-bacon.webp\" \/>\n\t<meta property=\"og:image:width\" content=\"700\" \/>\n\t<meta property=\"og:image:height\" content=\"700\" \/>\n\t<meta property=\"og:image:type\" content=\"image\/webp\" \/>\n<meta name=\"twitter:card\" content=\"summary_large_image\" \/>\n<script type=\"application\/ld+json\" class=\"yoast-schema-graph\">{\"@context\":\"https:\/\/schema.org\",\"@graph\":[{\"@type\":\"WebPage\",\"@id\":\"https:\/\/www.campbells.com\/es\/products\/sopas-chunky\/sopa-campbells-chunky-de-papa-al-horno-con-queso-cheddar-y-trocitos-de-tocino\/\",\"url\":\"https:\/\/www.campbells.com\/es\/products\/sopas-chunky\/sopa-campbells-chunky-de-papa-al-horno-con-queso-cheddar-y-trocitos-de-tocino\/\",\"name\":\"Sopa Campbell\u2019s\u00ae Chunky\u00ae de papa al horno con queso cheddar y trocitos de tocino (Campbell\u2019s\u00ae Chunky\u00ae Baked Potato Soup with Cheddar & Bacon) - The Campbell&#039;s Company LATINOAM\u00c9RICA\",\"isPartOf\":{\"@id\":\"https:\/\/www.campbells.com\/es\/#website\"},\"datePublished\":\"2020-09-17T10:00:02+00:00\",\"dateModified\":\"2022-12-20T12:52:08+00:00\",\"description\":\"No te pierdas la sopa Campbell\u2019s\u00ae Chunky\u00ae de papa al horno con queso cheddar y trocitos de tocino (Campbell\u2019s\u00ae Chunky\u00ae Baked Potato Soup with Cheddar & Bacon) Esta sabrosa sopa est\u00e1 hecha con trocitos reales de tocino y queso para los apetitos m\u00e1s grandes.\",\"breadcrumb\":{\"@id\":\"https:\/\/www.campbells.com\/es\/products\/sopas-chunky\/sopa-campbells-chunky-de-papa-al-horno-con-queso-cheddar-y-trocitos-de-tocino\/#breadcrumb\"},\"inLanguage\":\"es\",\"potentialAction\":[{\"@type\":\"ReadAction\",\"target\":[\"https:\/\/www.campbells.com\/es\/products\/sopas-chunky\/sopa-campbells-chunky-de-papa-al-horno-con-queso-cheddar-y-trocitos-de-tocino\/\"]}]},{\"@type\":\"BreadcrumbList\",\"@id\":\"https:\/\/www.campbells.com\/es\/products\/sopas-chunky\/sopa-campbells-chunky-de-papa-al-horno-con-queso-cheddar-y-trocitos-de-tocino\/#breadcrumb\",\"itemListElement\":[{\"@type\":\"ListItem\",\"position\":1,\"name\":\"Products\",\"item\":\"https:\/\/www.campbells.com\/es\/productos\/\"},{\"@type\":\"ListItem\",\"position\":2,\"name\":\"Sopa Campbell\u2019s\u00ae Chunky\u00ae de papa al horno con queso cheddar y trocitos de tocino (Campbell\u2019s\u00ae Chunky\u00ae Baked Potato Soup with Cheddar &#038; Bacon)\"}]},{\"@type\":\"WebSite\",\"@id\":\"https:\/\/www.campbells.com\/es\/#website\",\"url\":\"https:\/\/www.campbells.com\/es\/\",\"name\":\"The Campbell&#039;s Company LATINOAM\u00c9RICA\",\"description\":\"Your SUPER-powered WP Engine Site\",\"potentialAction\":[{\"@type\":\"SearchAction\",\"target\":{\"@type\":\"EntryPoint\",\"urlTemplate\":\"https:\/\/www.campbells.com\/es\/buscar\/?query={search_term_string}\"},\"query-input\":\"required name=search_term_string\"}],\"inLanguage\":\"es\"}]}<\/script>\n<!-- \/ Yoast SEO plugin. -->","yoast_head_json":{"title":"Sopa Campbell\u2019s\u00ae Chunky\u00ae de papa al horno con queso cheddar y trocitos de tocino (Campbell\u2019s\u00ae Chunky\u00ae Baked Potato Soup with Cheddar & Bacon) - The Campbell&#039;s Company LATINOAM\u00c9RICA","description":"No te pierdas la sopa Campbell\u2019s\u00ae Chunky\u00ae de papa al horno con queso cheddar y trocitos de tocino (Campbell\u2019s\u00ae Chunky\u00ae Baked Potato Soup with Cheddar & Bacon) Esta sabrosa sopa est\u00e1 hecha con trocitos reales de tocino y queso para los apetitos m\u00e1s grandes.","robots":{"index":"index","follow":"follow","max-snippet":"max-snippet:-1","max-image-preview":"max-image-preview:large","max-video-preview":"max-video-preview:-1"},"canonical":"https:\/\/www.campbells.com\/es\/products\/sopas-chunky\/sopa-campbells-chunky-de-papa-al-horno-con-queso-cheddar-y-trocitos-de-tocino\/","og_locale":"es_ES","og_type":"article","og_title":"Sopa Campbell\u2019s\u00ae Chunky\u00ae de papa al horno con queso cheddar y trocitos de tocino (Campbell\u2019s\u00ae Chunky\u00ae Baked Potato Soup with Cheddar & Bacon) - The Campbell&#039;s Company LATINOAM\u00c9RICA","og_description":"No te pierdas la sopa Campbell\u2019s\u00ae Chunky\u00ae de papa al horno con queso cheddar y trocitos de tocino (Campbell\u2019s\u00ae Chunky\u00ae Baked Potato Soup with Cheddar & Bacon) Esta sabrosa sopa est\u00e1 hecha con trocitos reales de tocino y queso para los apetitos m\u00e1s grandes.","og_url":"https:\/\/www.campbells.com\/es\/products\/sopas-chunky\/sopa-campbells-chunky-de-papa-al-horno-con-queso-cheddar-y-trocitos-de-tocino\/","og_site_name":"The Campbell&#039;s Company LATINOAM\u00c9RICA","article_publisher":"https:\/\/www.facebook.com\/campbellsLATAM\/","article_modified_time":"2022-12-20T12:52:08+00:00","og_image":[{"width":700,"height":700,"url":"https:\/\/www.campbells.com\/es\/wp-content\/uploads\/2020\/09\/chunky-baked-potato-with-cheddar-and-bacon.webp","type":"image\/webp"}],"twitter_card":"summary_large_image","schema":{"@context":"https:\/\/schema.org","@graph":[{"@type":"WebPage","@id":"https:\/\/www.campbells.com\/es\/products\/sopas-chunky\/sopa-campbells-chunky-de-papa-al-horno-con-queso-cheddar-y-trocitos-de-tocino\/","url":"https:\/\/www.campbells.com\/es\/products\/sopas-chunky\/sopa-campbells-chunky-de-papa-al-horno-con-queso-cheddar-y-trocitos-de-tocino\/","name":"Sopa Campbell\u2019s\u00ae Chunky\u00ae de papa al horno con queso cheddar y trocitos de tocino (Campbell\u2019s\u00ae Chunky\u00ae Baked Potato Soup with Cheddar & Bacon) - The Campbell&#039;s Company LATINOAM\u00c9RICA","isPartOf":{"@id":"https:\/\/www.campbells.com\/es\/#website"},"datePublished":"2020-09-17T10:00:02+00:00","dateModified":"2022-12-20T12:52:08+00:00","description":"No te pierdas la sopa Campbell\u2019s\u00ae Chunky\u00ae de papa al horno con queso cheddar y trocitos de tocino (Campbell\u2019s\u00ae Chunky\u00ae Baked Potato Soup with Cheddar & Bacon) Esta sabrosa sopa est\u00e1 hecha con trocitos reales de tocino y queso para los apetitos m\u00e1s grandes.","breadcrumb":{"@id":"https:\/\/www.campbells.com\/es\/products\/sopas-chunky\/sopa-campbells-chunky-de-papa-al-horno-con-queso-cheddar-y-trocitos-de-tocino\/#breadcrumb"},"inLanguage":"es","potentialAction":[{"@type":"ReadAction","target":["https:\/\/www.campbells.com\/es\/products\/sopas-chunky\/sopa-campbells-chunky-de-papa-al-horno-con-queso-cheddar-y-trocitos-de-tocino\/"]}]},{"@type":"BreadcrumbList","@id":"https:\/\/www.campbells.com\/es\/products\/sopas-chunky\/sopa-campbells-chunky-de-papa-al-horno-con-queso-cheddar-y-trocitos-de-tocino\/#breadcrumb","itemListElement":[{"@type":"ListItem","position":1,"name":"Products","item":"https:\/\/www.campbells.com\/es\/productos\/"},{"@type":"ListItem","position":2,"name":"Sopa Campbell\u2019s\u00ae Chunky\u00ae de papa al horno con queso cheddar y trocitos de tocino (Campbell\u2019s\u00ae Chunky\u00ae Baked Potato Soup with Cheddar &#038; Bacon)"}]},{"@type":"WebSite","@id":"https:\/\/www.campbells.com\/es\/#website","url":"https:\/\/www.campbells.com\/es\/","name":"The Campbell&#039;s Company LATINOAM\u00c9RICA","description":"Your SUPER-powered WP Engine Site","potentialAction":[{"@type":"SearchAction","target":{"@type":"EntryPoint","urlTemplate":"https:\/\/www.campbells.com\/es\/buscar\/?query={search_term_string}"},"query-input":"required name=search_term_string"}],"inLanguage":"es"}]}},"_links":{"self":[{"href":"https:\/\/www.campbells.com\/es\/wp-json\/wp\/v2\/product\/9480"}],"collection":[{"href":"https:\/\/www.campbells.com\/es\/wp-json\/wp\/v2\/product"}],"about":[{"href":"https:\/\/www.campbells.com\/es\/wp-json\/wp\/v2\/types\/product"}],"wp:featuredmedia":[{"embeddable":true,"href":"https:\/\/www.campbells.com\/es\/wp-json\/wp\/v2\/media\/9690"}],"wp:attachment":[{"href":"https:\/\/www.campbells.com\/es\/wp-json\/wp\/v2\/media?parent=9480"}],"wp:term":[{"taxonomy":"csc_dietary_alternative","embeddable":true,"href":"https:\/\/www.campbells.com\/es\/wp-json\/wp\/v2\/csc_dietary_alternative?post=9480"},{"taxonomy":"csc_main_ingredient","embeddable":true,"href":"https:\/\/www.campbells.com\/es\/wp-json\/wp\/v2\/csc_main_ingredient?post=9480"},{"taxonomy":"csc_product_cat","embeddable":true,"href":"https:\/\/www.campbells.com\/es\/wp-json\/wp\/v2\/csc_product_cat?post=9480"},{"taxonomy":"csc_product_line","embeddable":true,"href":"https:\/\/www.campbells.com\/es\/wp-json\/wp\/v2\/csc_product_line?post=9480"},{"taxonomy":"csc_product_tag","embeddable":true,"href":"https:\/\/www.campbells.com\/es\/wp-json\/wp\/v2\/csc_product_tag?post=9480"}],"curies":[{"name":"wp","href":"https:\/\/api.w.org\/{rel}","templated":true}]}}