{"id":9482,"date":"2020-09-17T10:00:56","date_gmt":"2020-09-17T10:00:56","guid":{"rendered":"https:\/\/www.campbells.com\/es\/products\/unknown\/chiickeen-noooodlee-soouyp\/"},"modified":"2022-12-20T19:00:55","modified_gmt":"2022-12-20T19:00:55","slug":"sopa-de-pollo-y-tallarines-2","status":"publish","type":"product","link":"https:\/\/www.campbells.com\/es\/products\/microwavable-bowls-es\/sopa-de-pollo-y-tallarines-2\/","title":{"rendered":"Sopa de pollo y tallarines (Chicken Noodle Soup)"},"featured_media":9674,"template":"","csc_dietary_alternative":[],"csc_main_ingredient":[],"csc_product_cat":[250,248],"csc_product_line":[256,252],"csc_product_tag":[282,270],"acf":[],"details":[{"name":"Sopa de pollo y tallarines (Chicken Noodle Soup)","allergens":"","brandcategory":"","product-line":["Microwavable Bowls","Sopas Condensadas"],"calories":"130","carbohydrates":"19g","cholesterol":"30mg","dietaryfiber":"2g","fat":"3.5g","ingredientstatement":"Caldo de carne de pollo, agua, tallarines de huevo enriquecidos (harina de trigo, huevos, claras de huevo, niacina, sulfato ferroso, mononitrato de tiamina, riboflavina, \u00e1cido f\u00f3lico), carne de pollo, contiene menos del 2\u00a0% de: almid\u00f3n alimenticio modificado, sal, grasa de pollo, glutamato monos\u00f3dico, saborizante, caldo de pollo**, betacaroteno para color, az\u00facar de ca\u00f1a, prote\u00edna aislada de soya, fosfato s\u00f3dico, cebollas**, extracto de levadura, pollo**, extracto de cebolla, extracto de ajo. **Deshidratado","net-content":"","nutrition-claims":"","long-description":"","product-description":"<p>Reconforta tu alma dondequiera que vayas con el taz\u00f3n apto para microondas de sopa de pollo y tallarines Campbell&#8217;s\u00ae (Chicken Noodle Soup). Nuestra receta atemporal de caldo de pollo sazonado, tallarines de huevo y carne de pollo tierna sin antibi\u00f3ticos se envasa en un conveniente recipiente para llevar que te permite saborear nuestro cl\u00e1sico en cualquier momento y lugar.<\/p>\n","protein":"5g","servings":"","sodium":"15mg","sugar":"2g","transfat":"0g","product-id":9482}],"yoast_head":"<!-- This site is optimized with the Yoast SEO plugin v20.13 - https:\/\/yoast.com\/wordpress\/plugins\/seo\/ -->\n<title>Sopa de pollo y tallarines (Chicken Noodle Soup) - The Campbell&#039;s Company LATINOAM\u00c9RICA<\/title>\n<meta name=\"robots\" content=\"index, follow, max-snippet:-1, max-image-preview:large, max-video-preview:-1\" \/>\n<link rel=\"canonical\" href=\"https:\/\/www.campbells.com\/es\/products\/microwavable-bowls-es\/sopa-de-pollo-y-tallarines-2\/\" \/>\n<meta property=\"og:locale\" content=\"es_ES\" \/>\n<meta property=\"og:type\" content=\"article\" \/>\n<meta property=\"og:title\" content=\"Sopa de pollo y tallarines (Chicken Noodle Soup) - The Campbell&#039;s Company LATINOAM\u00c9RICA\" \/>\n<meta property=\"og:url\" content=\"https:\/\/www.campbells.com\/es\/products\/microwavable-bowls-es\/sopa-de-pollo-y-tallarines-2\/\" \/>\n<meta property=\"og:site_name\" content=\"The Campbell&#039;s Company LATINOAM\u00c9RICA\" \/>\n<meta property=\"article:publisher\" content=\"https:\/\/www.facebook.com\/campbellsLATAM\/\" \/>\n<meta property=\"article:modified_time\" content=\"2022-12-20T19:00:55+00:00\" \/>\n<meta property=\"og:image\" content=\"https:\/\/www.campbells.com\/es\/wp-content\/uploads\/2020\/09\/microwavable-chicken-noodle.webp\" \/>\n\t<meta property=\"og:image:width\" content=\"700\" \/>\n\t<meta property=\"og:image:height\" content=\"700\" \/>\n\t<meta property=\"og:image:type\" content=\"image\/webp\" \/>\n<meta name=\"twitter:card\" content=\"summary_large_image\" \/>\n<script type=\"application\/ld+json\" class=\"yoast-schema-graph\">{\"@context\":\"https:\/\/schema.org\",\"@graph\":[{\"@type\":\"WebPage\",\"@id\":\"https:\/\/www.campbells.com\/es\/products\/microwavable-bowls-es\/sopa-de-pollo-y-tallarines-2\/\",\"url\":\"https:\/\/www.campbells.com\/es\/products\/microwavable-bowls-es\/sopa-de-pollo-y-tallarines-2\/\",\"name\":\"Sopa de pollo y tallarines (Chicken Noodle Soup) - The Campbell&#039;s Company LATINOAM\u00c9RICA\",\"isPartOf\":{\"@id\":\"https:\/\/www.campbells.com\/es\/#website\"},\"datePublished\":\"2020-09-17T10:00:56+00:00\",\"dateModified\":\"2022-12-20T19:00:55+00:00\",\"breadcrumb\":{\"@id\":\"https:\/\/www.campbells.com\/es\/products\/microwavable-bowls-es\/sopa-de-pollo-y-tallarines-2\/#breadcrumb\"},\"inLanguage\":\"es\",\"potentialAction\":[{\"@type\":\"ReadAction\",\"target\":[\"https:\/\/www.campbells.com\/es\/products\/microwavable-bowls-es\/sopa-de-pollo-y-tallarines-2\/\"]}]},{\"@type\":\"BreadcrumbList\",\"@id\":\"https:\/\/www.campbells.com\/es\/products\/microwavable-bowls-es\/sopa-de-pollo-y-tallarines-2\/#breadcrumb\",\"itemListElement\":[{\"@type\":\"ListItem\",\"position\":1,\"name\":\"Products\",\"item\":\"https:\/\/www.campbells.com\/es\/productos\/\"},{\"@type\":\"ListItem\",\"position\":2,\"name\":\"Sopa de pollo y tallarines (Chicken Noodle Soup)\"}]},{\"@type\":\"WebSite\",\"@id\":\"https:\/\/www.campbells.com\/es\/#website\",\"url\":\"https:\/\/www.campbells.com\/es\/\",\"name\":\"The Campbell&#039;s Company LATINOAM\u00c9RICA\",\"description\":\"Your SUPER-powered WP Engine Site\",\"potentialAction\":[{\"@type\":\"SearchAction\",\"target\":{\"@type\":\"EntryPoint\",\"urlTemplate\":\"https:\/\/www.campbells.com\/es\/buscar\/?query={search_term_string}\"},\"query-input\":\"required name=search_term_string\"}],\"inLanguage\":\"es\"}]}<\/script>\n<!-- \/ Yoast SEO plugin. -->","yoast_head_json":{"title":"Sopa de pollo y tallarines (Chicken Noodle Soup) - The Campbell&#039;s Company LATINOAM\u00c9RICA","robots":{"index":"index","follow":"follow","max-snippet":"max-snippet:-1","max-image-preview":"max-image-preview:large","max-video-preview":"max-video-preview:-1"},"canonical":"https:\/\/www.campbells.com\/es\/products\/microwavable-bowls-es\/sopa-de-pollo-y-tallarines-2\/","og_locale":"es_ES","og_type":"article","og_title":"Sopa de pollo y tallarines (Chicken Noodle Soup) - The Campbell&#039;s Company LATINOAM\u00c9RICA","og_url":"https:\/\/www.campbells.com\/es\/products\/microwavable-bowls-es\/sopa-de-pollo-y-tallarines-2\/","og_site_name":"The Campbell&#039;s Company LATINOAM\u00c9RICA","article_publisher":"https:\/\/www.facebook.com\/campbellsLATAM\/","article_modified_time":"2022-12-20T19:00:55+00:00","og_image":[{"width":700,"height":700,"url":"https:\/\/www.campbells.com\/es\/wp-content\/uploads\/2020\/09\/microwavable-chicken-noodle.webp","type":"image\/webp"}],"twitter_card":"summary_large_image","schema":{"@context":"https:\/\/schema.org","@graph":[{"@type":"WebPage","@id":"https:\/\/www.campbells.com\/es\/products\/microwavable-bowls-es\/sopa-de-pollo-y-tallarines-2\/","url":"https:\/\/www.campbells.com\/es\/products\/microwavable-bowls-es\/sopa-de-pollo-y-tallarines-2\/","name":"Sopa de pollo y tallarines (Chicken Noodle Soup) - The Campbell&#039;s Company LATINOAM\u00c9RICA","isPartOf":{"@id":"https:\/\/www.campbells.com\/es\/#website"},"datePublished":"2020-09-17T10:00:56+00:00","dateModified":"2022-12-20T19:00:55+00:00","breadcrumb":{"@id":"https:\/\/www.campbells.com\/es\/products\/microwavable-bowls-es\/sopa-de-pollo-y-tallarines-2\/#breadcrumb"},"inLanguage":"es","potentialAction":[{"@type":"ReadAction","target":["https:\/\/www.campbells.com\/es\/products\/microwavable-bowls-es\/sopa-de-pollo-y-tallarines-2\/"]}]},{"@type":"BreadcrumbList","@id":"https:\/\/www.campbells.com\/es\/products\/microwavable-bowls-es\/sopa-de-pollo-y-tallarines-2\/#breadcrumb","itemListElement":[{"@type":"ListItem","position":1,"name":"Products","item":"https:\/\/www.campbells.com\/es\/productos\/"},{"@type":"ListItem","position":2,"name":"Sopa de pollo y tallarines (Chicken Noodle Soup)"}]},{"@type":"WebSite","@id":"https:\/\/www.campbells.com\/es\/#website","url":"https:\/\/www.campbells.com\/es\/","name":"The Campbell&#039;s Company LATINOAM\u00c9RICA","description":"Your SUPER-powered WP Engine Site","potentialAction":[{"@type":"SearchAction","target":{"@type":"EntryPoint","urlTemplate":"https:\/\/www.campbells.com\/es\/buscar\/?query={search_term_string}"},"query-input":"required name=search_term_string"}],"inLanguage":"es"}]}},"_links":{"self":[{"href":"https:\/\/www.campbells.com\/es\/wp-json\/wp\/v2\/product\/9482"}],"collection":[{"href":"https:\/\/www.campbells.com\/es\/wp-json\/wp\/v2\/product"}],"about":[{"href":"https:\/\/www.campbells.com\/es\/wp-json\/wp\/v2\/types\/product"}],"wp:featuredmedia":[{"embeddable":true,"href":"https:\/\/www.campbells.com\/es\/wp-json\/wp\/v2\/media\/9674"}],"wp:attachment":[{"href":"https:\/\/www.campbells.com\/es\/wp-json\/wp\/v2\/media?parent=9482"}],"wp:term":[{"taxonomy":"csc_dietary_alternative","embeddable":true,"href":"https:\/\/www.campbells.com\/es\/wp-json\/wp\/v2\/csc_dietary_alternative?post=9482"},{"taxonomy":"csc_main_ingredient","embeddable":true,"href":"https:\/\/www.campbells.com\/es\/wp-json\/wp\/v2\/csc_main_ingredient?post=9482"},{"taxonomy":"csc_product_cat","embeddable":true,"href":"https:\/\/www.campbells.com\/es\/wp-json\/wp\/v2\/csc_product_cat?post=9482"},{"taxonomy":"csc_product_line","embeddable":true,"href":"https:\/\/www.campbells.com\/es\/wp-json\/wp\/v2\/csc_product_line?post=9482"},{"taxonomy":"csc_product_tag","embeddable":true,"href":"https:\/\/www.campbells.com\/es\/wp-json\/wp\/v2\/csc_product_tag?post=9482"}],"curies":[{"name":"wp","href":"https:\/\/api.w.org\/{rel}","templated":true}]}}