{"id":9485,"date":"2020-09-17T09:58:49","date_gmt":"2020-09-17T09:58:49","guid":{"rendered":"https:\/\/www.campbells.com\/es\/products\/unknown\/beeeef-wiith-cooyyntry-veegeetaablees-sooyyp\/"},"modified":"2022-12-20T12:40:09","modified_gmt":"2022-12-20T12:40:09","slug":"campbells-chunky-sopa-de-res-con-vegetales-de-campo","status":"publish","type":"product","link":"https:\/\/www.campbells.com\/es\/products\/sopas-chunky\/campbells-chunky-sopa-de-res-con-vegetales-de-campo\/","title":{"rendered":"Campbell&#8217;s\u00ae Chunky\u00ae Sopa de res con vegetales de campo (Campbell&#8217;s\u00ae Chunky\u00ae Beef with Country Vegetables)"},"featured_media":9738,"template":"","csc_dietary_alternative":[],"csc_main_ingredient":[],"csc_product_cat":[250,248],"csc_product_line":[253,256],"csc_product_tag":[262,270,267],"acf":[],"details":[{"name":"Campbell's\u00ae Chunky\u00ae Sopa de res con vegetales de campo (Campbell's\u00ae Chunky\u00ae Beef with Country Vegetables)","allergens":"","brandcategory":"","product-line":["Chunky\u00ae","Microwavable Bowls"],"calories":"190","carbohydrates":"29g","cholesterol":"20mg","dietaryfiber":"5g","fat":"3g","ingredientstatement":"Agua, zanahorias, papas, carne de res sazonada: producto de caldo de res y almid\u00f3n de ma\u00edz modificado (carne de res, caldo de res, sal, almid\u00f3n de ma\u00edz modificado, fosfato s\u00f3dico, especia), contiene menos del 2\u00a0% de: pasta de tomate, almid\u00f3n alimenticio modificado, apio, jud\u00edas verdes, guisantes, harina de trigo, sal, saborizante, salsa de soya (trigo, soya, sal, maltodextrina), extracto de levadura, gluten de trigo hidrolizado, color caramelo, extracto de res, sebo de res, especias, extracto de ajo, lecitina de soya, extracto de cebolla. Contiene: trigo, soya.","net-content":"","nutrition-claims":"","long-description":"","product-description":"<p>La sopa Campbell&#8217;s\u00ae Chunky\u00ae de res con vegetales de campo es una sopa lista para comer elaborada con grandes trozos de carne de res y abundantes vegetales como zanahorias, papas y guisantes para crear una receta de gran sabor que te satisface. Convenientemente envasada en un taz\u00f3n port\u00e1til apto para microondas, te impulsa en tu ajetreo diario mientras te acompa\u00f1a con abundantes cucharadas. Campbell&#8217;s\u00ae Chunky\u00ae Sopa de res con vegetales de campo apto para microondas (Campbell&#8217;s\u00ae Chunky\u00ae Beef with Country Vegetables Microwavable Soup): Soup That Eats Like a Meal\u00ae.<\/p>\n<p>Cuando necesites comida que haga su trabajo tan bien como t\u00fa, toma sopas Campbell&#8217;s\u00ae Chunky\u00ae. Nuestro gran sabor, grandes trozos y audaces ingredientes te ayudar\u00e1n a combatir el hambre del tama\u00f1o de un estadio de f\u00fatbol. Disponibles en variedades y sabores suculentos sin fin, las sopas Campbell&#8217;s\u00ae Chunky\u00ae te sacian e impulsan tu ajetreo diario.<\/p>\n","protein":"12g","servings":"","sodium":"1520mg","sugar":"7g","transfat":"0g","product-id":9485}],"yoast_head":"<!-- This site is optimized with the Yoast SEO plugin v20.13 - https:\/\/yoast.com\/wordpress\/plugins\/seo\/ -->\n<title>Campbell&#039;s\u00ae Chunky\u00ae Sopa de res con vegetales de campo (Campbell&#039;s\u00ae Chunky\u00ae Beef with Country Vegetables) - The Campbell&#039;s Company LATINOAM\u00c9RICA<\/title>\n<meta name=\"robots\" content=\"index, follow, max-snippet:-1, max-image-preview:large, max-video-preview:-1\" \/>\n<link rel=\"canonical\" href=\"https:\/\/www.campbells.com\/es\/products\/sopas-chunky\/campbells-chunky-sopa-de-res-con-vegetales-de-campo\/\" \/>\n<meta property=\"og:locale\" content=\"es_ES\" \/>\n<meta property=\"og:type\" content=\"article\" \/>\n<meta property=\"og:title\" content=\"Campbell&#039;s\u00ae Chunky\u00ae Sopa de res con vegetales de campo (Campbell&#039;s\u00ae Chunky\u00ae Beef with Country Vegetables) - The Campbell&#039;s Company LATINOAM\u00c9RICA\" \/>\n<meta property=\"og:url\" content=\"https:\/\/www.campbells.com\/es\/products\/sopas-chunky\/campbells-chunky-sopa-de-res-con-vegetales-de-campo\/\" \/>\n<meta property=\"og:site_name\" content=\"The Campbell&#039;s Company LATINOAM\u00c9RICA\" \/>\n<meta property=\"article:publisher\" content=\"https:\/\/www.facebook.com\/campbellsLATAM\/\" \/>\n<meta property=\"article:modified_time\" content=\"2022-12-20T12:40:09+00:00\" \/>\n<meta property=\"og:image\" content=\"https:\/\/www.campbells.com\/es\/wp-content\/uploads\/2020\/09\/microwavable-chunky-beef-with-country-vegetables.webp\" \/>\n\t<meta property=\"og:image:width\" content=\"700\" \/>\n\t<meta property=\"og:image:height\" content=\"700\" \/>\n\t<meta property=\"og:image:type\" content=\"image\/webp\" \/>\n<meta name=\"twitter:card\" content=\"summary_large_image\" \/>\n<script type=\"application\/ld+json\" class=\"yoast-schema-graph\">{\"@context\":\"https:\/\/schema.org\",\"@graph\":[{\"@type\":\"WebPage\",\"@id\":\"https:\/\/www.campbells.com\/es\/products\/sopas-chunky\/campbells-chunky-sopa-de-res-con-vegetales-de-campo\/\",\"url\":\"https:\/\/www.campbells.com\/es\/products\/sopas-chunky\/campbells-chunky-sopa-de-res-con-vegetales-de-campo\/\",\"name\":\"Campbell's\u00ae Chunky\u00ae Sopa de res con vegetales de campo (Campbell's\u00ae Chunky\u00ae Beef with Country Vegetables) - The Campbell&#039;s Company LATINOAM\u00c9RICA\",\"isPartOf\":{\"@id\":\"https:\/\/www.campbells.com\/es\/#website\"},\"datePublished\":\"2020-09-17T09:58:49+00:00\",\"dateModified\":\"2022-12-20T12:40:09+00:00\",\"breadcrumb\":{\"@id\":\"https:\/\/www.campbells.com\/es\/products\/sopas-chunky\/campbells-chunky-sopa-de-res-con-vegetales-de-campo\/#breadcrumb\"},\"inLanguage\":\"es\",\"potentialAction\":[{\"@type\":\"ReadAction\",\"target\":[\"https:\/\/www.campbells.com\/es\/products\/sopas-chunky\/campbells-chunky-sopa-de-res-con-vegetales-de-campo\/\"]}]},{\"@type\":\"BreadcrumbList\",\"@id\":\"https:\/\/www.campbells.com\/es\/products\/sopas-chunky\/campbells-chunky-sopa-de-res-con-vegetales-de-campo\/#breadcrumb\",\"itemListElement\":[{\"@type\":\"ListItem\",\"position\":1,\"name\":\"Products\",\"item\":\"https:\/\/www.campbells.com\/es\/productos\/\"},{\"@type\":\"ListItem\",\"position\":2,\"name\":\"Campbell&#8217;s\u00ae Chunky\u00ae Sopa de res con vegetales de campo (Campbell&#8217;s\u00ae Chunky\u00ae Beef with Country Vegetables)\"}]},{\"@type\":\"WebSite\",\"@id\":\"https:\/\/www.campbells.com\/es\/#website\",\"url\":\"https:\/\/www.campbells.com\/es\/\",\"name\":\"The Campbell&#039;s Company LATINOAM\u00c9RICA\",\"description\":\"Your SUPER-powered WP Engine Site\",\"potentialAction\":[{\"@type\":\"SearchAction\",\"target\":{\"@type\":\"EntryPoint\",\"urlTemplate\":\"https:\/\/www.campbells.com\/es\/buscar\/?query={search_term_string}\"},\"query-input\":\"required name=search_term_string\"}],\"inLanguage\":\"es\"}]}<\/script>\n<!-- \/ Yoast SEO plugin. -->","yoast_head_json":{"title":"Campbell's\u00ae Chunky\u00ae Sopa de res con vegetales de campo (Campbell's\u00ae Chunky\u00ae Beef with Country Vegetables) - The Campbell&#039;s Company LATINOAM\u00c9RICA","robots":{"index":"index","follow":"follow","max-snippet":"max-snippet:-1","max-image-preview":"max-image-preview:large","max-video-preview":"max-video-preview:-1"},"canonical":"https:\/\/www.campbells.com\/es\/products\/sopas-chunky\/campbells-chunky-sopa-de-res-con-vegetales-de-campo\/","og_locale":"es_ES","og_type":"article","og_title":"Campbell's\u00ae Chunky\u00ae Sopa de res con vegetales de campo (Campbell's\u00ae Chunky\u00ae Beef with Country Vegetables) - The Campbell&#039;s Company LATINOAM\u00c9RICA","og_url":"https:\/\/www.campbells.com\/es\/products\/sopas-chunky\/campbells-chunky-sopa-de-res-con-vegetales-de-campo\/","og_site_name":"The Campbell&#039;s Company LATINOAM\u00c9RICA","article_publisher":"https:\/\/www.facebook.com\/campbellsLATAM\/","article_modified_time":"2022-12-20T12:40:09+00:00","og_image":[{"width":700,"height":700,"url":"https:\/\/www.campbells.com\/es\/wp-content\/uploads\/2020\/09\/microwavable-chunky-beef-with-country-vegetables.webp","type":"image\/webp"}],"twitter_card":"summary_large_image","schema":{"@context":"https:\/\/schema.org","@graph":[{"@type":"WebPage","@id":"https:\/\/www.campbells.com\/es\/products\/sopas-chunky\/campbells-chunky-sopa-de-res-con-vegetales-de-campo\/","url":"https:\/\/www.campbells.com\/es\/products\/sopas-chunky\/campbells-chunky-sopa-de-res-con-vegetales-de-campo\/","name":"Campbell's\u00ae Chunky\u00ae Sopa de res con vegetales de campo (Campbell's\u00ae Chunky\u00ae Beef with Country Vegetables) - The Campbell&#039;s Company LATINOAM\u00c9RICA","isPartOf":{"@id":"https:\/\/www.campbells.com\/es\/#website"},"datePublished":"2020-09-17T09:58:49+00:00","dateModified":"2022-12-20T12:40:09+00:00","breadcrumb":{"@id":"https:\/\/www.campbells.com\/es\/products\/sopas-chunky\/campbells-chunky-sopa-de-res-con-vegetales-de-campo\/#breadcrumb"},"inLanguage":"es","potentialAction":[{"@type":"ReadAction","target":["https:\/\/www.campbells.com\/es\/products\/sopas-chunky\/campbells-chunky-sopa-de-res-con-vegetales-de-campo\/"]}]},{"@type":"BreadcrumbList","@id":"https:\/\/www.campbells.com\/es\/products\/sopas-chunky\/campbells-chunky-sopa-de-res-con-vegetales-de-campo\/#breadcrumb","itemListElement":[{"@type":"ListItem","position":1,"name":"Products","item":"https:\/\/www.campbells.com\/es\/productos\/"},{"@type":"ListItem","position":2,"name":"Campbell&#8217;s\u00ae Chunky\u00ae Sopa de res con vegetales de campo (Campbell&#8217;s\u00ae Chunky\u00ae Beef with Country Vegetables)"}]},{"@type":"WebSite","@id":"https:\/\/www.campbells.com\/es\/#website","url":"https:\/\/www.campbells.com\/es\/","name":"The Campbell&#039;s Company LATINOAM\u00c9RICA","description":"Your SUPER-powered WP Engine Site","potentialAction":[{"@type":"SearchAction","target":{"@type":"EntryPoint","urlTemplate":"https:\/\/www.campbells.com\/es\/buscar\/?query={search_term_string}"},"query-input":"required name=search_term_string"}],"inLanguage":"es"}]}},"_links":{"self":[{"href":"https:\/\/www.campbells.com\/es\/wp-json\/wp\/v2\/product\/9485"}],"collection":[{"href":"https:\/\/www.campbells.com\/es\/wp-json\/wp\/v2\/product"}],"about":[{"href":"https:\/\/www.campbells.com\/es\/wp-json\/wp\/v2\/types\/product"}],"wp:featuredmedia":[{"embeddable":true,"href":"https:\/\/www.campbells.com\/es\/wp-json\/wp\/v2\/media\/9738"}],"wp:attachment":[{"href":"https:\/\/www.campbells.com\/es\/wp-json\/wp\/v2\/media?parent=9485"}],"wp:term":[{"taxonomy":"csc_dietary_alternative","embeddable":true,"href":"https:\/\/www.campbells.com\/es\/wp-json\/wp\/v2\/csc_dietary_alternative?post=9485"},{"taxonomy":"csc_main_ingredient","embeddable":true,"href":"https:\/\/www.campbells.com\/es\/wp-json\/wp\/v2\/csc_main_ingredient?post=9485"},{"taxonomy":"csc_product_cat","embeddable":true,"href":"https:\/\/www.campbells.com\/es\/wp-json\/wp\/v2\/csc_product_cat?post=9485"},{"taxonomy":"csc_product_line","embeddable":true,"href":"https:\/\/www.campbells.com\/es\/wp-json\/wp\/v2\/csc_product_line?post=9485"},{"taxonomy":"csc_product_tag","embeddable":true,"href":"https:\/\/www.campbells.com\/es\/wp-json\/wp\/v2\/csc_product_tag?post=9485"}],"curies":[{"name":"wp","href":"https:\/\/api.w.org\/{rel}","templated":true}]}}