{"id":9491,"date":"2020-10-16T15:36:29","date_gmt":"2020-10-16T15:36:29","guid":{"rendered":"https:\/\/www.campbells.com\/es\/products\/unknown\/old-faaeshiiooneed-veegeetaaeblee-beeeef-sooyup\/"},"modified":"2023-01-10T13:14:28","modified_gmt":"2023-01-10T13:14:28","slug":"sopa-de-res-con-verduras-a-la-antigua","status":"publish","type":"product","link":"https:\/\/www.campbells.com\/es\/products\/sopas-chunky\/sopa-de-res-con-verduras-a-la-antigua\/","title":{"rendered":"Sopa de res con verduras a la antigua (Old Fashioned Vegetable Beef Soup)"},"featured_media":9656,"template":"","csc_dietary_alternative":[],"csc_main_ingredient":[],"csc_product_cat":[248],"csc_product_line":[253,254],"csc_product_tag":[262,261,267],"acf":[],"details":[{"name":"Sopa de res con verduras a la antigua (Old Fashioned Vegetable Beef Soup)","allergens":"","brandcategory":"","product-line":["Chunky\u00ae","Healthy Request\u00ae"],"calories":"110","carbohydrates":"17g","cholesterol":"10mg","dietaryfiber":"3g","fat":"2g","ingredientstatement":"Agua, zanahorias, papas, carne de res sazonada: producto de caldo de res y almid\u00f3n de ma\u00edz modificado (carne de res, caldo de res, sal, almid\u00f3n de ma\u00edz modificado, fosfato s\u00f3dico, especia), caldo de res, apio, tomates en cubos en jugo de tomate, ma\u00edz, contiene menos del 2\u00a0% de: almid\u00f3n de papa, jud\u00edas verdes, guisantes, caldo de huesos de res (agua, caldo de huesos de res deshidratado), pasta de tomate, sal de potasio, extracto de levadura, maltodextrina, saborizante, carne de res, sal, especias, repollo, sebo de res, cebollas, color caramelo, carne de res deshidratada, extracto de ajo. Puede contener trazas de trigo.","net-content":"","nutrition-claims":"","long-description":"","product-description":"<p>Saborea los sabores reconfortantes y de estilo campestre de la sopa Campbell\u2019s\u00ae Chunky\u00ae de res con verduras a la antigua Healthy Request\u00ae (Campbell\u2019s\u00ae Chunky\u00ae Healthy Request\u00ae Old Fashioned Vegetable Beef Soup). Cada cucharada de esta sopa saludable para el coraz\u00f3n* y lista para comer est\u00e1 colmada de verduras repletas de sabor, como zanahorias, papas, apio, ma\u00edz y guisantes, y grandes trozos de tierna y magra carne de res. Campbell&#8217;s\u00ae Chunky\u00ae sopa de res con verduras a la antigua Healthy Request\u00ae (Campbell&#8217;s\u00ae Chunky\u00ae Healthy Request\u00ae Old Fashioned Vegetable Beef Soup): Soup That Eats Like a Meal\u00ae.<\/p>\n<p>Cuando necesites comida que haga su trabajo tan bien como t\u00fa, toma sopas Campbell&#8217;s\u00ae Chunky\u00ae. Nuestro gran sabor, grandes trozos y audaces ingredientes te ayudar\u00e1n a combatir el hambre del tama\u00f1o de un estadio de f\u00fatbol. Disponibles en variedades y sabores suculentos sin fin, las sopas Campbell&#8217;s\u00ae Chunky\u00ae te sacian e impulsan tu ajetreo diario.<\/p>\n<p>*Aunque hay muchos factores que influyen en la enfermedad card\u00edaca, las dietas con bajo contenido de grasa saturada y colesterol pueden reducir el riesgo de padecerla. Cumple con la declaraci\u00f3n sobre salud y enfermedad card\u00edaca en una porci\u00f3n de 1\u00a0taza<\/p>\n","protein":"7g","servings":"","sodium":"410mg","sugar":"3g","transfat":"0g","product-id":9491}],"yoast_head":"<!-- This site is optimized with the Yoast SEO plugin v20.13 - https:\/\/yoast.com\/wordpress\/plugins\/seo\/ -->\n<title>Sopa de res con verduras a la antigua (Old Fashioned Vegetable Beef Soup) - The Campbell&#039;s Company LATINOAM\u00c9RICA<\/title>\n<meta name=\"robots\" content=\"index, follow, max-snippet:-1, max-image-preview:large, max-video-preview:-1\" \/>\n<link rel=\"canonical\" href=\"https:\/\/www.campbells.com\/es\/products\/sopas-chunky\/sopa-de-res-con-verduras-a-la-antigua\/\" \/>\n<meta property=\"og:locale\" content=\"es_ES\" \/>\n<meta property=\"og:type\" content=\"article\" \/>\n<meta property=\"og:title\" content=\"Sopa de res con verduras a la antigua (Old Fashioned Vegetable Beef Soup) - The Campbell&#039;s Company LATINOAM\u00c9RICA\" \/>\n<meta property=\"og:url\" content=\"https:\/\/www.campbells.com\/es\/products\/sopas-chunky\/sopa-de-res-con-verduras-a-la-antigua\/\" \/>\n<meta property=\"og:site_name\" content=\"The Campbell&#039;s Company LATINOAM\u00c9RICA\" \/>\n<meta property=\"article:publisher\" content=\"https:\/\/www.facebook.com\/campbellsLATAM\/\" \/>\n<meta property=\"article:modified_time\" content=\"2023-01-10T13:14:28+00:00\" \/>\n<meta property=\"og:image\" content=\"https:\/\/www.campbells.com\/es\/wp-content\/uploads\/2020\/10\/chunky-old-fashioned-vegetable-beef-soup.webp\" \/>\n\t<meta property=\"og:image:width\" content=\"700\" \/>\n\t<meta property=\"og:image:height\" content=\"700\" \/>\n\t<meta property=\"og:image:type\" content=\"image\/webp\" \/>\n<meta name=\"twitter:card\" content=\"summary_large_image\" \/>\n<script type=\"application\/ld+json\" class=\"yoast-schema-graph\">{\"@context\":\"https:\/\/schema.org\",\"@graph\":[{\"@type\":\"WebPage\",\"@id\":\"https:\/\/www.campbells.com\/es\/products\/sopas-chunky\/sopa-de-res-con-verduras-a-la-antigua\/\",\"url\":\"https:\/\/www.campbells.com\/es\/products\/sopas-chunky\/sopa-de-res-con-verduras-a-la-antigua\/\",\"name\":\"Sopa de res con verduras a la antigua (Old Fashioned Vegetable Beef Soup) - The Campbell&#039;s Company LATINOAM\u00c9RICA\",\"isPartOf\":{\"@id\":\"https:\/\/www.campbells.com\/es\/#website\"},\"datePublished\":\"2020-10-16T15:36:29+00:00\",\"dateModified\":\"2023-01-10T13:14:28+00:00\",\"breadcrumb\":{\"@id\":\"https:\/\/www.campbells.com\/es\/products\/sopas-chunky\/sopa-de-res-con-verduras-a-la-antigua\/#breadcrumb\"},\"inLanguage\":\"es\",\"potentialAction\":[{\"@type\":\"ReadAction\",\"target\":[\"https:\/\/www.campbells.com\/es\/products\/sopas-chunky\/sopa-de-res-con-verduras-a-la-antigua\/\"]}]},{\"@type\":\"BreadcrumbList\",\"@id\":\"https:\/\/www.campbells.com\/es\/products\/sopas-chunky\/sopa-de-res-con-verduras-a-la-antigua\/#breadcrumb\",\"itemListElement\":[{\"@type\":\"ListItem\",\"position\":1,\"name\":\"Products\",\"item\":\"https:\/\/www.campbells.com\/es\/productos\/\"},{\"@type\":\"ListItem\",\"position\":2,\"name\":\"Sopa de res con verduras a la antigua (Old Fashioned Vegetable Beef Soup)\"}]},{\"@type\":\"WebSite\",\"@id\":\"https:\/\/www.campbells.com\/es\/#website\",\"url\":\"https:\/\/www.campbells.com\/es\/\",\"name\":\"The Campbell&#039;s Company LATINOAM\u00c9RICA\",\"description\":\"Your SUPER-powered WP Engine Site\",\"potentialAction\":[{\"@type\":\"SearchAction\",\"target\":{\"@type\":\"EntryPoint\",\"urlTemplate\":\"https:\/\/www.campbells.com\/es\/buscar\/?query={search_term_string}\"},\"query-input\":\"required name=search_term_string\"}],\"inLanguage\":\"es\"}]}<\/script>\n<!-- \/ Yoast SEO plugin. -->","yoast_head_json":{"title":"Sopa de res con verduras a la antigua (Old Fashioned Vegetable Beef Soup) - The Campbell&#039;s Company LATINOAM\u00c9RICA","robots":{"index":"index","follow":"follow","max-snippet":"max-snippet:-1","max-image-preview":"max-image-preview:large","max-video-preview":"max-video-preview:-1"},"canonical":"https:\/\/www.campbells.com\/es\/products\/sopas-chunky\/sopa-de-res-con-verduras-a-la-antigua\/","og_locale":"es_ES","og_type":"article","og_title":"Sopa de res con verduras a la antigua (Old Fashioned Vegetable Beef Soup) - The Campbell&#039;s Company LATINOAM\u00c9RICA","og_url":"https:\/\/www.campbells.com\/es\/products\/sopas-chunky\/sopa-de-res-con-verduras-a-la-antigua\/","og_site_name":"The Campbell&#039;s Company LATINOAM\u00c9RICA","article_publisher":"https:\/\/www.facebook.com\/campbellsLATAM\/","article_modified_time":"2023-01-10T13:14:28+00:00","og_image":[{"width":700,"height":700,"url":"https:\/\/www.campbells.com\/es\/wp-content\/uploads\/2020\/10\/chunky-old-fashioned-vegetable-beef-soup.webp","type":"image\/webp"}],"twitter_card":"summary_large_image","schema":{"@context":"https:\/\/schema.org","@graph":[{"@type":"WebPage","@id":"https:\/\/www.campbells.com\/es\/products\/sopas-chunky\/sopa-de-res-con-verduras-a-la-antigua\/","url":"https:\/\/www.campbells.com\/es\/products\/sopas-chunky\/sopa-de-res-con-verduras-a-la-antigua\/","name":"Sopa de res con verduras a la antigua (Old Fashioned Vegetable Beef Soup) - The Campbell&#039;s Company LATINOAM\u00c9RICA","isPartOf":{"@id":"https:\/\/www.campbells.com\/es\/#website"},"datePublished":"2020-10-16T15:36:29+00:00","dateModified":"2023-01-10T13:14:28+00:00","breadcrumb":{"@id":"https:\/\/www.campbells.com\/es\/products\/sopas-chunky\/sopa-de-res-con-verduras-a-la-antigua\/#breadcrumb"},"inLanguage":"es","potentialAction":[{"@type":"ReadAction","target":["https:\/\/www.campbells.com\/es\/products\/sopas-chunky\/sopa-de-res-con-verduras-a-la-antigua\/"]}]},{"@type":"BreadcrumbList","@id":"https:\/\/www.campbells.com\/es\/products\/sopas-chunky\/sopa-de-res-con-verduras-a-la-antigua\/#breadcrumb","itemListElement":[{"@type":"ListItem","position":1,"name":"Products","item":"https:\/\/www.campbells.com\/es\/productos\/"},{"@type":"ListItem","position":2,"name":"Sopa de res con verduras a la antigua (Old Fashioned Vegetable Beef Soup)"}]},{"@type":"WebSite","@id":"https:\/\/www.campbells.com\/es\/#website","url":"https:\/\/www.campbells.com\/es\/","name":"The Campbell&#039;s Company LATINOAM\u00c9RICA","description":"Your SUPER-powered WP Engine Site","potentialAction":[{"@type":"SearchAction","target":{"@type":"EntryPoint","urlTemplate":"https:\/\/www.campbells.com\/es\/buscar\/?query={search_term_string}"},"query-input":"required name=search_term_string"}],"inLanguage":"es"}]}},"_links":{"self":[{"href":"https:\/\/www.campbells.com\/es\/wp-json\/wp\/v2\/product\/9491"}],"collection":[{"href":"https:\/\/www.campbells.com\/es\/wp-json\/wp\/v2\/product"}],"about":[{"href":"https:\/\/www.campbells.com\/es\/wp-json\/wp\/v2\/types\/product"}],"wp:featuredmedia":[{"embeddable":true,"href":"https:\/\/www.campbells.com\/es\/wp-json\/wp\/v2\/media\/9656"}],"wp:attachment":[{"href":"https:\/\/www.campbells.com\/es\/wp-json\/wp\/v2\/media?parent=9491"}],"wp:term":[{"taxonomy":"csc_dietary_alternative","embeddable":true,"href":"https:\/\/www.campbells.com\/es\/wp-json\/wp\/v2\/csc_dietary_alternative?post=9491"},{"taxonomy":"csc_main_ingredient","embeddable":true,"href":"https:\/\/www.campbells.com\/es\/wp-json\/wp\/v2\/csc_main_ingredient?post=9491"},{"taxonomy":"csc_product_cat","embeddable":true,"href":"https:\/\/www.campbells.com\/es\/wp-json\/wp\/v2\/csc_product_cat?post=9491"},{"taxonomy":"csc_product_line","embeddable":true,"href":"https:\/\/www.campbells.com\/es\/wp-json\/wp\/v2\/csc_product_line?post=9491"},{"taxonomy":"csc_product_tag","embeddable":true,"href":"https:\/\/www.campbells.com\/es\/wp-json\/wp\/v2\/csc_product_tag?post=9491"}],"curies":[{"name":"wp","href":"https:\/\/api.w.org\/{rel}","templated":true}]}}