{"id":9492,"date":"2020-10-16T15:42:45","date_gmt":"2020-10-16T15:42:45","guid":{"rendered":"https:\/\/www.campbells.com\/es\/products\/unknown\/neew-englaand-claam-choowdeer-3\/"},"modified":"2023-01-10T13:12:06","modified_gmt":"2023-01-10T13:12:06","slug":"sopa-chowder-de-almeja-de-nueva-inglaterra","status":"publish","type":"product","link":"https:\/\/www.campbells.com\/es\/products\/sopas-chunky\/sopa-chowder-de-almeja-de-nueva-inglaterra\/","title":{"rendered":"Sopa chowder de almeja de Nueva Inglaterra (New England Clam Chowder)"},"featured_media":9654,"template":"","csc_dietary_alternative":[],"csc_main_ingredient":[],"csc_product_cat":[248],"csc_product_line":[253,254],"csc_product_tag":[261,280,267,285],"acf":[],"details":[{"name":"Sopa chowder de almeja de Nueva Inglaterra (New England Clam Chowder)","allergens":"","brandcategory":"","product-line":["Chunky\u00ae","Healthy Request\u00ae"],"calories":"130","carbohydrates":"21g","cholesterol":"5mg","dietaryfiber":"1g","fat":"3g","ingredientstatement":"Almejas, papas, agua, almejas, apio, almid\u00f3n de ma\u00edz modificado, contiene menos del 2\u00a0% de: aceite vegetal (ma\u00edz, canola y\/o soya), harina de trigo, az\u00facar, sal de potasio, di\u00f3xido de titanio, sal, cebollas deshidratadas, saborizante natural, extracto de levadura, carbonato de calcio, concentrado de prote\u00edna de soya, mantequilla, crema, fosfato s\u00f3dico, especias, crema cultivada. Contiene: trigo, leche, soya.","net-content":"","nutrition-claims":"","long-description":"","product-description":"<p>La sopa Campbell&#8217;s\u00ae Chunky\u00ae chowder de almeja de Nueva Inglaterra Healthy Request\u00ae (Campbell&#8217;s\u00ae Chunky\u00ae Healthy Request\u00ae\u00a0New England Clam) es un taz\u00f3n de cremoso confort que te hace volver por m\u00e1s con cada cucharada. Buena para tu coraz\u00f3n y de gran sabor, puedes probar la autenticidad de la receta de la costa este de Estados Unidos. Cada bocado de esta sopa lista para comer est\u00e1 lleno de grandes trozos de papas, suculentas almejas y apio, \u00a1as\u00ed que sum\u00e9rgete y disfruta los ricos sabores! Sopa chowder de almeja de Nueva Inglaterra Healthy Request\u00ae Campbell&#8217;s\u00ae Chunky\u00ae (Campbell&#8217;s\u00ae Chunky\u00ae Healthy Request\u00ae New England Clam Chowder): Soup That Eats Like a Meal\u00ae.<\/p>\n<p>Cuando necesites comida que haga su trabajo tan bien como t\u00fa, toma sopas Campbell&#8217;s\u00ae Chunky\u00ae. Nuestro gran sabor, grandes trozos y audaces ingredientes te ayudar\u00e1n a combatir el hambre del tama\u00f1o de un estadio de f\u00fatbol. Disponibles en variedades y sabores sustanciosos sin fin, las sopas Campbell&#8217;s\u00ae Chunky\u00ae te sacian e impulsan tu ajetreo diario.<\/p>\n","protein":"11g","servings":"","sodium":"410mg","sugar":"2g","transfat":"0g","product-id":9492}],"yoast_head":"<!-- This site is optimized with the Yoast SEO plugin v20.13 - https:\/\/yoast.com\/wordpress\/plugins\/seo\/ -->\n<title>Sopa chowder de almeja de Nueva Inglaterra (New England Clam Chowder) - The Campbell&#039;s Company LATINOAM\u00c9RICA<\/title>\n<meta name=\"robots\" content=\"index, follow, max-snippet:-1, max-image-preview:large, max-video-preview:-1\" \/>\n<link rel=\"canonical\" href=\"https:\/\/www.campbells.com\/es\/products\/sopas-chunky\/sopa-chowder-de-almeja-de-nueva-inglaterra\/\" \/>\n<meta property=\"og:locale\" content=\"es_ES\" \/>\n<meta property=\"og:type\" content=\"article\" \/>\n<meta property=\"og:title\" content=\"Sopa chowder de almeja de Nueva Inglaterra (New England Clam Chowder) - The Campbell&#039;s Company LATINOAM\u00c9RICA\" \/>\n<meta property=\"og:url\" content=\"https:\/\/www.campbells.com\/es\/products\/sopas-chunky\/sopa-chowder-de-almeja-de-nueva-inglaterra\/\" \/>\n<meta property=\"og:site_name\" content=\"The Campbell&#039;s Company LATINOAM\u00c9RICA\" \/>\n<meta property=\"article:publisher\" content=\"https:\/\/www.facebook.com\/campbellsLATAM\/\" \/>\n<meta property=\"article:modified_time\" content=\"2023-01-10T13:12:06+00:00\" \/>\n<meta property=\"og:image\" content=\"https:\/\/www.campbells.com\/es\/wp-content\/uploads\/2020\/10\/chunky-new-england-chowder.webp\" \/>\n\t<meta property=\"og:image:width\" content=\"700\" \/>\n\t<meta property=\"og:image:height\" content=\"700\" \/>\n\t<meta property=\"og:image:type\" content=\"image\/webp\" \/>\n<meta name=\"twitter:card\" content=\"summary_large_image\" \/>\n<script type=\"application\/ld+json\" class=\"yoast-schema-graph\">{\"@context\":\"https:\/\/schema.org\",\"@graph\":[{\"@type\":\"WebPage\",\"@id\":\"https:\/\/www.campbells.com\/es\/products\/sopas-chunky\/sopa-chowder-de-almeja-de-nueva-inglaterra\/\",\"url\":\"https:\/\/www.campbells.com\/es\/products\/sopas-chunky\/sopa-chowder-de-almeja-de-nueva-inglaterra\/\",\"name\":\"Sopa chowder de almeja de Nueva Inglaterra (New England Clam Chowder) - The Campbell&#039;s Company LATINOAM\u00c9RICA\",\"isPartOf\":{\"@id\":\"https:\/\/www.campbells.com\/es\/#website\"},\"datePublished\":\"2020-10-16T15:42:45+00:00\",\"dateModified\":\"2023-01-10T13:12:06+00:00\",\"breadcrumb\":{\"@id\":\"https:\/\/www.campbells.com\/es\/products\/sopas-chunky\/sopa-chowder-de-almeja-de-nueva-inglaterra\/#breadcrumb\"},\"inLanguage\":\"es\",\"potentialAction\":[{\"@type\":\"ReadAction\",\"target\":[\"https:\/\/www.campbells.com\/es\/products\/sopas-chunky\/sopa-chowder-de-almeja-de-nueva-inglaterra\/\"]}]},{\"@type\":\"BreadcrumbList\",\"@id\":\"https:\/\/www.campbells.com\/es\/products\/sopas-chunky\/sopa-chowder-de-almeja-de-nueva-inglaterra\/#breadcrumb\",\"itemListElement\":[{\"@type\":\"ListItem\",\"position\":1,\"name\":\"Products\",\"item\":\"https:\/\/www.campbells.com\/es\/productos\/\"},{\"@type\":\"ListItem\",\"position\":2,\"name\":\"Sopa chowder de almeja de Nueva Inglaterra (New England Clam Chowder)\"}]},{\"@type\":\"WebSite\",\"@id\":\"https:\/\/www.campbells.com\/es\/#website\",\"url\":\"https:\/\/www.campbells.com\/es\/\",\"name\":\"The Campbell&#039;s Company LATINOAM\u00c9RICA\",\"description\":\"Your SUPER-powered WP Engine Site\",\"potentialAction\":[{\"@type\":\"SearchAction\",\"target\":{\"@type\":\"EntryPoint\",\"urlTemplate\":\"https:\/\/www.campbells.com\/es\/buscar\/?query={search_term_string}\"},\"query-input\":\"required name=search_term_string\"}],\"inLanguage\":\"es\"}]}<\/script>\n<!-- \/ Yoast SEO plugin. -->","yoast_head_json":{"title":"Sopa chowder de almeja de Nueva Inglaterra (New England Clam Chowder) - The Campbell&#039;s Company LATINOAM\u00c9RICA","robots":{"index":"index","follow":"follow","max-snippet":"max-snippet:-1","max-image-preview":"max-image-preview:large","max-video-preview":"max-video-preview:-1"},"canonical":"https:\/\/www.campbells.com\/es\/products\/sopas-chunky\/sopa-chowder-de-almeja-de-nueva-inglaterra\/","og_locale":"es_ES","og_type":"article","og_title":"Sopa chowder de almeja de Nueva Inglaterra (New England Clam Chowder) - The Campbell&#039;s Company LATINOAM\u00c9RICA","og_url":"https:\/\/www.campbells.com\/es\/products\/sopas-chunky\/sopa-chowder-de-almeja-de-nueva-inglaterra\/","og_site_name":"The Campbell&#039;s Company LATINOAM\u00c9RICA","article_publisher":"https:\/\/www.facebook.com\/campbellsLATAM\/","article_modified_time":"2023-01-10T13:12:06+00:00","og_image":[{"width":700,"height":700,"url":"https:\/\/www.campbells.com\/es\/wp-content\/uploads\/2020\/10\/chunky-new-england-chowder.webp","type":"image\/webp"}],"twitter_card":"summary_large_image","schema":{"@context":"https:\/\/schema.org","@graph":[{"@type":"WebPage","@id":"https:\/\/www.campbells.com\/es\/products\/sopas-chunky\/sopa-chowder-de-almeja-de-nueva-inglaterra\/","url":"https:\/\/www.campbells.com\/es\/products\/sopas-chunky\/sopa-chowder-de-almeja-de-nueva-inglaterra\/","name":"Sopa chowder de almeja de Nueva Inglaterra (New England Clam Chowder) - The Campbell&#039;s Company LATINOAM\u00c9RICA","isPartOf":{"@id":"https:\/\/www.campbells.com\/es\/#website"},"datePublished":"2020-10-16T15:42:45+00:00","dateModified":"2023-01-10T13:12:06+00:00","breadcrumb":{"@id":"https:\/\/www.campbells.com\/es\/products\/sopas-chunky\/sopa-chowder-de-almeja-de-nueva-inglaterra\/#breadcrumb"},"inLanguage":"es","potentialAction":[{"@type":"ReadAction","target":["https:\/\/www.campbells.com\/es\/products\/sopas-chunky\/sopa-chowder-de-almeja-de-nueva-inglaterra\/"]}]},{"@type":"BreadcrumbList","@id":"https:\/\/www.campbells.com\/es\/products\/sopas-chunky\/sopa-chowder-de-almeja-de-nueva-inglaterra\/#breadcrumb","itemListElement":[{"@type":"ListItem","position":1,"name":"Products","item":"https:\/\/www.campbells.com\/es\/productos\/"},{"@type":"ListItem","position":2,"name":"Sopa chowder de almeja de Nueva Inglaterra (New England Clam Chowder)"}]},{"@type":"WebSite","@id":"https:\/\/www.campbells.com\/es\/#website","url":"https:\/\/www.campbells.com\/es\/","name":"The Campbell&#039;s Company LATINOAM\u00c9RICA","description":"Your SUPER-powered WP Engine Site","potentialAction":[{"@type":"SearchAction","target":{"@type":"EntryPoint","urlTemplate":"https:\/\/www.campbells.com\/es\/buscar\/?query={search_term_string}"},"query-input":"required name=search_term_string"}],"inLanguage":"es"}]}},"_links":{"self":[{"href":"https:\/\/www.campbells.com\/es\/wp-json\/wp\/v2\/product\/9492"}],"collection":[{"href":"https:\/\/www.campbells.com\/es\/wp-json\/wp\/v2\/product"}],"about":[{"href":"https:\/\/www.campbells.com\/es\/wp-json\/wp\/v2\/types\/product"}],"wp:featuredmedia":[{"embeddable":true,"href":"https:\/\/www.campbells.com\/es\/wp-json\/wp\/v2\/media\/9654"}],"wp:attachment":[{"href":"https:\/\/www.campbells.com\/es\/wp-json\/wp\/v2\/media?parent=9492"}],"wp:term":[{"taxonomy":"csc_dietary_alternative","embeddable":true,"href":"https:\/\/www.campbells.com\/es\/wp-json\/wp\/v2\/csc_dietary_alternative?post=9492"},{"taxonomy":"csc_main_ingredient","embeddable":true,"href":"https:\/\/www.campbells.com\/es\/wp-json\/wp\/v2\/csc_main_ingredient?post=9492"},{"taxonomy":"csc_product_cat","embeddable":true,"href":"https:\/\/www.campbells.com\/es\/wp-json\/wp\/v2\/csc_product_cat?post=9492"},{"taxonomy":"csc_product_line","embeddable":true,"href":"https:\/\/www.campbells.com\/es\/wp-json\/wp\/v2\/csc_product_line?post=9492"},{"taxonomy":"csc_product_tag","embeddable":true,"href":"https:\/\/www.campbells.com\/es\/wp-json\/wp\/v2\/csc_product_tag?post=9492"}],"curies":[{"name":"wp","href":"https:\/\/api.w.org\/{rel}","templated":true}]}}