{"id":9493,"date":"2020-09-17T09:59:12","date_gmt":"2020-09-17T09:59:12","guid":{"rendered":"https:\/\/www.campbells.com\/es\/products\/unknown\/chiickeen-saeauusaeagee-guumboo\/"},"modified":"2023-01-10T13:11:27","modified_gmt":"2023-01-10T13:11:27","slug":"gumbo-de-pollo-y-salchicha","status":"publish","type":"product","link":"https:\/\/www.campbells.com\/es\/products\/sopas-chunky\/gumbo-de-pollo-y-salchicha\/","title":{"rendered":"Gumbo de pollo y salchicha (Chicken &#038; Sausage Gumbo)"},"featured_media":9720,"template":"","csc_dietary_alternative":[],"csc_main_ingredient":[],"csc_product_cat":[248],"csc_product_line":[253,254],"csc_product_tag":[261,281,267],"acf":[],"details":[{"name":"Gumbo de pollo y salchicha (Chicken & Sausage Gumbo)","allergens":"","brandcategory":"","product-line":["Chunky\u00ae","Healthy Request\u00ae"],"calories":"140","carbohydrates":"21g","cholesterol":"15mg","dietaryfiber":"1g","fat":"3g","ingredientstatement":"Agua, tomates en cubos en jugo de tomate, arroz, salchicha Andouille (cerdo, agua, aderezos [especias, dextrosa, cebollas**, ajo**], sal, aceite de carb\u00f3n de nogal [aceite de soya, sabor a humo de nogal natural], nitrito s\u00f3dico), carne de pollo, apio, okra, pimientos verdes, contiene menos del 2\u00a0% de: pasta de tomate, almid\u00f3n alimenticio modificado, az\u00facar, cloruro pot\u00e1sico, cebollas, pimientos rojos**, sal, extracto de levadura, saborizante, almid\u00f3n de papa, especias, zanahorias, repollo, pollo separado mec\u00e1nicamente, carragenano, maltodextrina, betacaroteno para color, grasa de pollo, caldo de carne de pollo, \u00e1cido l\u00e1ctico, inosinato dis\u00f3dico, guanilato dis\u00f3dico. **Deshidratado puede contener trazas de trigo.","net-content":"","nutrition-claims":"","long-description":"","product-description":"<p>Pruebe el abundante sabor de Nueva Orleans con la\u00a0sopa Campbell\u2019s\u00ae Chunky\u00ae gumbo de pollo y salchicha a la parrilla\u00a0Healthy Request\u00ae (Campbell\u2019s\u00ae Chunky\u00ae Healthy Request\u00ae\u00a0Grilled Chicken Sausage Gumbo Soup). Cada cucharada de esta sopa lista para comer est\u00e1 rebosante de sabor gracias a sus abundantes trozos de salchicha Andouille, carne de pollo a la parrilla sin antibi\u00f3ticos, okra, pimientos y sabrosas especias. \u00bfQu\u00e9 podr\u00eda hacer que esta sopa para saciarte sea a\u00fan mejor? \u00a1Est\u00e1 elaborada como una receta que es buena para tu coraz\u00f3n! Campbell&#8217;s\u00ae Chunky\u00ae Gumbo de pollo y salchicha a la parrilla Healthy Request\u00ae (Campbell&#8217;s\u00ae Chunky\u00ae Healthy Request\u00ae): Soup That Eats Like a Meal\u00ae.<\/p>\n<p>Cuando necesites comida que haga su trabajo tan bien como t\u00fa, toma sopas Campbell&#8217;s\u00ae Chunky\u00ae. Nuestro gran sabor, grandes trozos y audaces ingredientes te ayudar\u00e1n a combatir el hambre del tama\u00f1o de un estadio de f\u00fatbol. Disponibles en variedades y sabores suculentos sin fin, las sopas Campbell&#8217;s\u00ae Chunky\u00ae te sacian e impulsan tu ajetreo diario.<\/p>\n","protein":"7g","servings":"","sodium":"410mg","sugar":"3g","transfat":"0g","product-id":9493}],"yoast_head":"<!-- This site is optimized with the Yoast SEO plugin v20.13 - https:\/\/yoast.com\/wordpress\/plugins\/seo\/ -->\n<title>Gumbo de pollo y salchicha (Chicken &amp; Sausage Gumbo) - The Campbell&#039;s Company LATINOAM\u00c9RICA<\/title>\n<meta name=\"robots\" content=\"index, follow, max-snippet:-1, max-image-preview:large, max-video-preview:-1\" \/>\n<link rel=\"canonical\" href=\"https:\/\/www.campbells.com\/es\/products\/sopas-chunky\/gumbo-de-pollo-y-salchicha\/\" \/>\n<meta property=\"og:locale\" content=\"es_ES\" \/>\n<meta property=\"og:type\" content=\"article\" \/>\n<meta property=\"og:title\" content=\"Gumbo de pollo y salchicha (Chicken &amp; Sausage Gumbo) - The Campbell&#039;s Company LATINOAM\u00c9RICA\" \/>\n<meta property=\"og:url\" content=\"https:\/\/www.campbells.com\/es\/products\/sopas-chunky\/gumbo-de-pollo-y-salchicha\/\" \/>\n<meta property=\"og:site_name\" content=\"The Campbell&#039;s Company LATINOAM\u00c9RICA\" \/>\n<meta property=\"article:publisher\" content=\"https:\/\/www.facebook.com\/campbellsLATAM\/\" \/>\n<meta property=\"article:modified_time\" content=\"2023-01-10T13:11:27+00:00\" \/>\n<meta property=\"og:image\" content=\"https:\/\/www.campbells.com\/es\/wp-content\/uploads\/2020\/09\/chunky-chicken-sausage-gumbo.webp\" \/>\n\t<meta property=\"og:image:width\" content=\"700\" \/>\n\t<meta property=\"og:image:height\" content=\"700\" \/>\n\t<meta property=\"og:image:type\" content=\"image\/webp\" \/>\n<meta name=\"twitter:card\" content=\"summary_large_image\" \/>\n<script type=\"application\/ld+json\" class=\"yoast-schema-graph\">{\"@context\":\"https:\/\/schema.org\",\"@graph\":[{\"@type\":\"WebPage\",\"@id\":\"https:\/\/www.campbells.com\/es\/products\/sopas-chunky\/gumbo-de-pollo-y-salchicha\/\",\"url\":\"https:\/\/www.campbells.com\/es\/products\/sopas-chunky\/gumbo-de-pollo-y-salchicha\/\",\"name\":\"Gumbo de pollo y salchicha (Chicken & Sausage Gumbo) - The Campbell&#039;s Company LATINOAM\u00c9RICA\",\"isPartOf\":{\"@id\":\"https:\/\/www.campbells.com\/es\/#website\"},\"datePublished\":\"2020-09-17T09:59:12+00:00\",\"dateModified\":\"2023-01-10T13:11:27+00:00\",\"breadcrumb\":{\"@id\":\"https:\/\/www.campbells.com\/es\/products\/sopas-chunky\/gumbo-de-pollo-y-salchicha\/#breadcrumb\"},\"inLanguage\":\"es\",\"potentialAction\":[{\"@type\":\"ReadAction\",\"target\":[\"https:\/\/www.campbells.com\/es\/products\/sopas-chunky\/gumbo-de-pollo-y-salchicha\/\"]}]},{\"@type\":\"BreadcrumbList\",\"@id\":\"https:\/\/www.campbells.com\/es\/products\/sopas-chunky\/gumbo-de-pollo-y-salchicha\/#breadcrumb\",\"itemListElement\":[{\"@type\":\"ListItem\",\"position\":1,\"name\":\"Products\",\"item\":\"https:\/\/www.campbells.com\/es\/productos\/\"},{\"@type\":\"ListItem\",\"position\":2,\"name\":\"Gumbo de pollo y salchicha (Chicken &#038; Sausage Gumbo)\"}]},{\"@type\":\"WebSite\",\"@id\":\"https:\/\/www.campbells.com\/es\/#website\",\"url\":\"https:\/\/www.campbells.com\/es\/\",\"name\":\"The Campbell&#039;s Company LATINOAM\u00c9RICA\",\"description\":\"Your SUPER-powered WP Engine Site\",\"potentialAction\":[{\"@type\":\"SearchAction\",\"target\":{\"@type\":\"EntryPoint\",\"urlTemplate\":\"https:\/\/www.campbells.com\/es\/buscar\/?query={search_term_string}\"},\"query-input\":\"required name=search_term_string\"}],\"inLanguage\":\"es\"}]}<\/script>\n<!-- \/ Yoast SEO plugin. -->","yoast_head_json":{"title":"Gumbo de pollo y salchicha (Chicken & Sausage Gumbo) - The Campbell&#039;s Company LATINOAM\u00c9RICA","robots":{"index":"index","follow":"follow","max-snippet":"max-snippet:-1","max-image-preview":"max-image-preview:large","max-video-preview":"max-video-preview:-1"},"canonical":"https:\/\/www.campbells.com\/es\/products\/sopas-chunky\/gumbo-de-pollo-y-salchicha\/","og_locale":"es_ES","og_type":"article","og_title":"Gumbo de pollo y salchicha (Chicken & Sausage Gumbo) - The Campbell&#039;s Company LATINOAM\u00c9RICA","og_url":"https:\/\/www.campbells.com\/es\/products\/sopas-chunky\/gumbo-de-pollo-y-salchicha\/","og_site_name":"The Campbell&#039;s Company LATINOAM\u00c9RICA","article_publisher":"https:\/\/www.facebook.com\/campbellsLATAM\/","article_modified_time":"2023-01-10T13:11:27+00:00","og_image":[{"width":700,"height":700,"url":"https:\/\/www.campbells.com\/es\/wp-content\/uploads\/2020\/09\/chunky-chicken-sausage-gumbo.webp","type":"image\/webp"}],"twitter_card":"summary_large_image","schema":{"@context":"https:\/\/schema.org","@graph":[{"@type":"WebPage","@id":"https:\/\/www.campbells.com\/es\/products\/sopas-chunky\/gumbo-de-pollo-y-salchicha\/","url":"https:\/\/www.campbells.com\/es\/products\/sopas-chunky\/gumbo-de-pollo-y-salchicha\/","name":"Gumbo de pollo y salchicha (Chicken & Sausage Gumbo) - The Campbell&#039;s Company LATINOAM\u00c9RICA","isPartOf":{"@id":"https:\/\/www.campbells.com\/es\/#website"},"datePublished":"2020-09-17T09:59:12+00:00","dateModified":"2023-01-10T13:11:27+00:00","breadcrumb":{"@id":"https:\/\/www.campbells.com\/es\/products\/sopas-chunky\/gumbo-de-pollo-y-salchicha\/#breadcrumb"},"inLanguage":"es","potentialAction":[{"@type":"ReadAction","target":["https:\/\/www.campbells.com\/es\/products\/sopas-chunky\/gumbo-de-pollo-y-salchicha\/"]}]},{"@type":"BreadcrumbList","@id":"https:\/\/www.campbells.com\/es\/products\/sopas-chunky\/gumbo-de-pollo-y-salchicha\/#breadcrumb","itemListElement":[{"@type":"ListItem","position":1,"name":"Products","item":"https:\/\/www.campbells.com\/es\/productos\/"},{"@type":"ListItem","position":2,"name":"Gumbo de pollo y salchicha (Chicken &#038; Sausage Gumbo)"}]},{"@type":"WebSite","@id":"https:\/\/www.campbells.com\/es\/#website","url":"https:\/\/www.campbells.com\/es\/","name":"The Campbell&#039;s Company LATINOAM\u00c9RICA","description":"Your SUPER-powered WP Engine Site","potentialAction":[{"@type":"SearchAction","target":{"@type":"EntryPoint","urlTemplate":"https:\/\/www.campbells.com\/es\/buscar\/?query={search_term_string}"},"query-input":"required name=search_term_string"}],"inLanguage":"es"}]}},"_links":{"self":[{"href":"https:\/\/www.campbells.com\/es\/wp-json\/wp\/v2\/product\/9493"}],"collection":[{"href":"https:\/\/www.campbells.com\/es\/wp-json\/wp\/v2\/product"}],"about":[{"href":"https:\/\/www.campbells.com\/es\/wp-json\/wp\/v2\/types\/product"}],"wp:featuredmedia":[{"embeddable":true,"href":"https:\/\/www.campbells.com\/es\/wp-json\/wp\/v2\/media\/9720"}],"wp:attachment":[{"href":"https:\/\/www.campbells.com\/es\/wp-json\/wp\/v2\/media?parent=9493"}],"wp:term":[{"taxonomy":"csc_dietary_alternative","embeddable":true,"href":"https:\/\/www.campbells.com\/es\/wp-json\/wp\/v2\/csc_dietary_alternative?post=9493"},{"taxonomy":"csc_main_ingredient","embeddable":true,"href":"https:\/\/www.campbells.com\/es\/wp-json\/wp\/v2\/csc_main_ingredient?post=9493"},{"taxonomy":"csc_product_cat","embeddable":true,"href":"https:\/\/www.campbells.com\/es\/wp-json\/wp\/v2\/csc_product_cat?post=9493"},{"taxonomy":"csc_product_line","embeddable":true,"href":"https:\/\/www.campbells.com\/es\/wp-json\/wp\/v2\/csc_product_line?post=9493"},{"taxonomy":"csc_product_tag","embeddable":true,"href":"https:\/\/www.campbells.com\/es\/wp-json\/wp\/v2\/csc_product_tag?post=9493"}],"curies":[{"name":"wp","href":"https:\/\/api.w.org\/{rel}","templated":true}]}}