{"id":9504,"date":"2020-09-17T10:01:47","date_gmt":"2020-09-17T10:01:47","guid":{"rendered":"https:\/\/www.campbells.com\/es\/products\/unknown\/creeaeam-oof-chiickeen-sooyyp\/"},"modified":"2022-12-20T12:47:27","modified_gmt":"2022-12-20T12:47:27","slug":"campbells-de-crema-de-pollo","status":"publish","type":"product","link":"https:\/\/www.campbells.com\/es\/products\/sopas-condensadas\/campbells-de-crema-de-pollo\/","title":{"rendered":"Campbell\u2019s\u00ae de crema de pollo (Campbell\u2019s Condensed Cream of Chicken Soup)"},"featured_media":9662,"template":"","csc_dietary_alternative":[],"csc_main_ingredient":[],"csc_product_cat":[247,249],"csc_product_line":[252],"csc_product_tag":[261,266,264,259],"acf":[],"details":[{"name":"Campbell\u2019s\u00ae de crema de pollo (Campbell\u2019s Condensed Cream of Chicken Soup)","allergens":"","brandcategory":"","product-line":["Sopas Condensadas"],"calories":"120","carbohydrates":"9g","cholesterol":"15mg","dietaryfiber":"0g","fat":"8g","ingredientstatement":"Caldo de carne de pollo, almid\u00f3n de ma\u00edz modificado, aceite vegetal, harina de trigo, crema, carne de pollo, grasa de pollo, contiene menos del 2\u00a0% de: sal, suero de leche, pollo deshidratado, glutamato monos\u00f3dico, concentrado de prote\u00edna de soya, agua, extracto de levadura, saborizante natural, betacaroteno para color, prote\u00edna aislada de soya, fosfato s\u00f3dico, extracto de apio, extracto de cebolla, mantequilla, concentrado de jugo de ajo. Contiene: trigo, leche, soya.","net-content":"","nutrition-claims":"","long-description":"","product-description":"<p>En un taz\u00f3n. En una receta. La sopa condensada de Campbell\u2019s\u00ae de crema de pollo (Campbell\u2019s Condensed Cream of Chicken Soup) ha sido un producto confiable y un b\u00e1sico de la despensa de las cocinas durante d\u00e9cadas y, ahora, \u00a1tiene m\u00e1s crema! Nuestra cl\u00e1sica sopa condensada de Campbell\u2019s\u00ae de crema de pollo (Campbell\u2019s Condensed Cream of Chicken Soup) es una combinaci\u00f3n suave y rica de caldo de carne de pollo de alta calidad, crema y carne de pollo tierna sin antibi\u00f3ticos. Encuentra confort en ella como una sopa f\u00e1cilmente personalizable o \u00fasala como un ingrediente extremadamente vers\u00e1til para deliciosas cenas durante la semana. Abre las posibilidades usando nuestra sopa crema como el comienzo r\u00e1pido para recetas r\u00e1pidas y deliciosas para la familia, que incluyen todo, desde salsas y guarniciones, hasta platos principales, guisos y cazuelas. Visita Campbells.com\/es para conocer recetas como una tarta f\u00e1cil de pollo y arroz, y \u00fanete a Campbell&#8217;s\u00ae para inspirarte y cocinar creativamente en la cocina. Sopas condensadas Campbell\u2019s\u00ae: Made for Real, Real Life.\u00ae<\/p>\n<p>Desde sopa de pollo y tallarines (Chicken Noodle) hasta sopa de tomate (Tomato Soup) y todo lo dem\u00e1s, preparamos deliciosas sopas con ingredientes de calidad cultivados en granja con sabores que t\u00fa y tu familia conocen y aman. Ya sea que las sopas condensadas Campbell\u2019s sean tu ingrediente secreto en las recetas o que quieras encontrar confort con el taz\u00f3n perfecto, tenemos una sopa para que puedas disfrutar todos los d\u00edas. Cuando tomas la conocida lata roja y blanca, sabes que tienes una marca confiable sin sabores ni colores artificiales.<\/p>\n","protein":"2g","servings":"","sodium":"870mg","sugar":"1g","transfat":"0g","product-id":9504}],"yoast_head":"<!-- This site is optimized with the Yoast SEO plugin v20.13 - https:\/\/yoast.com\/wordpress\/plugins\/seo\/ -->\n<title>Campbell\u2019s\u00ae de crema de pollo (Campbell\u2019s Condensed Cream of Chicken Soup) - The Campbell&#039;s Company LATINOAM\u00c9RICA<\/title>\n<meta name=\"description\" content=\"Encuentra recetas para toda la familia que usen la sopa condensada Campbell\u2019s\u00ae de crema de pollo (Campbell\u2019s Condensed Cream of Chicken Soup). Siempre preparada con pollo tierno sin antibi\u00f3ticos en un caldo de carne de pollo cremoso.\" \/>\n<meta name=\"robots\" content=\"index, follow, max-snippet:-1, max-image-preview:large, max-video-preview:-1\" \/>\n<link rel=\"canonical\" href=\"https:\/\/www.campbells.com\/es\/products\/sopas-condensadas\/campbells-de-crema-de-pollo\/\" \/>\n<meta property=\"og:locale\" content=\"es_ES\" \/>\n<meta property=\"og:type\" content=\"article\" \/>\n<meta property=\"og:title\" content=\"Campbell\u2019s\u00ae de crema de pollo (Campbell\u2019s Condensed Cream of Chicken Soup) - The Campbell&#039;s Company LATINOAM\u00c9RICA\" \/>\n<meta property=\"og:description\" content=\"Encuentra recetas para toda la familia que usen la sopa condensada Campbell\u2019s\u00ae de crema de pollo (Campbell\u2019s Condensed Cream of Chicken Soup). Siempre preparada con pollo tierno sin antibi\u00f3ticos en un caldo de carne de pollo cremoso.\" \/>\n<meta property=\"og:url\" content=\"https:\/\/www.campbells.com\/es\/products\/sopas-condensadas\/campbells-de-crema-de-pollo\/\" \/>\n<meta property=\"og:site_name\" content=\"The Campbell&#039;s Company LATINOAM\u00c9RICA\" \/>\n<meta property=\"article:publisher\" content=\"https:\/\/www.facebook.com\/campbellsLATAM\/\" \/>\n<meta property=\"article:modified_time\" content=\"2022-12-20T12:47:27+00:00\" \/>\n<meta property=\"og:image\" content=\"https:\/\/www.campbells.com\/es\/wp-content\/uploads\/2020\/09\/cream-of-chicken.webp\" \/>\n\t<meta property=\"og:image:width\" content=\"700\" \/>\n\t<meta property=\"og:image:height\" content=\"700\" \/>\n\t<meta property=\"og:image:type\" content=\"image\/webp\" \/>\n<meta name=\"twitter:card\" content=\"summary_large_image\" \/>\n<script type=\"application\/ld+json\" class=\"yoast-schema-graph\">{\"@context\":\"https:\/\/schema.org\",\"@graph\":[{\"@type\":\"WebPage\",\"@id\":\"https:\/\/www.campbells.com\/es\/products\/sopas-condensadas\/campbells-de-crema-de-pollo\/\",\"url\":\"https:\/\/www.campbells.com\/es\/products\/sopas-condensadas\/campbells-de-crema-de-pollo\/\",\"name\":\"Campbell\u2019s\u00ae de crema de pollo (Campbell\u2019s Condensed Cream of Chicken Soup) - The Campbell&#039;s Company LATINOAM\u00c9RICA\",\"isPartOf\":{\"@id\":\"https:\/\/www.campbells.com\/es\/#website\"},\"datePublished\":\"2020-09-17T10:01:47+00:00\",\"dateModified\":\"2022-12-20T12:47:27+00:00\",\"description\":\"Encuentra recetas para toda la familia que usen la sopa condensada Campbell\u2019s\u00ae de crema de pollo (Campbell\u2019s Condensed Cream of Chicken Soup). Siempre preparada con pollo tierno sin antibi\u00f3ticos en un caldo de carne de pollo cremoso.\",\"breadcrumb\":{\"@id\":\"https:\/\/www.campbells.com\/es\/products\/sopas-condensadas\/campbells-de-crema-de-pollo\/#breadcrumb\"},\"inLanguage\":\"es\",\"potentialAction\":[{\"@type\":\"ReadAction\",\"target\":[\"https:\/\/www.campbells.com\/es\/products\/sopas-condensadas\/campbells-de-crema-de-pollo\/\"]}]},{\"@type\":\"BreadcrumbList\",\"@id\":\"https:\/\/www.campbells.com\/es\/products\/sopas-condensadas\/campbells-de-crema-de-pollo\/#breadcrumb\",\"itemListElement\":[{\"@type\":\"ListItem\",\"position\":1,\"name\":\"Products\",\"item\":\"https:\/\/www.campbells.com\/es\/productos\/\"},{\"@type\":\"ListItem\",\"position\":2,\"name\":\"Campbell\u2019s\u00ae de crema de pollo (Campbell\u2019s Condensed Cream of Chicken Soup)\"}]},{\"@type\":\"WebSite\",\"@id\":\"https:\/\/www.campbells.com\/es\/#website\",\"url\":\"https:\/\/www.campbells.com\/es\/\",\"name\":\"The Campbell&#039;s Company LATINOAM\u00c9RICA\",\"description\":\"Your SUPER-powered WP Engine Site\",\"potentialAction\":[{\"@type\":\"SearchAction\",\"target\":{\"@type\":\"EntryPoint\",\"urlTemplate\":\"https:\/\/www.campbells.com\/es\/buscar\/?query={search_term_string}\"},\"query-input\":\"required name=search_term_string\"}],\"inLanguage\":\"es\"}]}<\/script>\n<!-- \/ Yoast SEO plugin. -->","yoast_head_json":{"title":"Campbell\u2019s\u00ae de crema de pollo (Campbell\u2019s Condensed Cream of Chicken Soup) - The Campbell&#039;s Company LATINOAM\u00c9RICA","description":"Encuentra recetas para toda la familia que usen la sopa condensada Campbell\u2019s\u00ae de crema de pollo (Campbell\u2019s Condensed Cream of Chicken Soup). Siempre preparada con pollo tierno sin antibi\u00f3ticos en un caldo de carne de pollo cremoso.","robots":{"index":"index","follow":"follow","max-snippet":"max-snippet:-1","max-image-preview":"max-image-preview:large","max-video-preview":"max-video-preview:-1"},"canonical":"https:\/\/www.campbells.com\/es\/products\/sopas-condensadas\/campbells-de-crema-de-pollo\/","og_locale":"es_ES","og_type":"article","og_title":"Campbell\u2019s\u00ae de crema de pollo (Campbell\u2019s Condensed Cream of Chicken Soup) - The Campbell&#039;s Company LATINOAM\u00c9RICA","og_description":"Encuentra recetas para toda la familia que usen la sopa condensada Campbell\u2019s\u00ae de crema de pollo (Campbell\u2019s Condensed Cream of Chicken Soup). Siempre preparada con pollo tierno sin antibi\u00f3ticos en un caldo de carne de pollo cremoso.","og_url":"https:\/\/www.campbells.com\/es\/products\/sopas-condensadas\/campbells-de-crema-de-pollo\/","og_site_name":"The Campbell&#039;s Company LATINOAM\u00c9RICA","article_publisher":"https:\/\/www.facebook.com\/campbellsLATAM\/","article_modified_time":"2022-12-20T12:47:27+00:00","og_image":[{"width":700,"height":700,"url":"https:\/\/www.campbells.com\/es\/wp-content\/uploads\/2020\/09\/cream-of-chicken.webp","type":"image\/webp"}],"twitter_card":"summary_large_image","schema":{"@context":"https:\/\/schema.org","@graph":[{"@type":"WebPage","@id":"https:\/\/www.campbells.com\/es\/products\/sopas-condensadas\/campbells-de-crema-de-pollo\/","url":"https:\/\/www.campbells.com\/es\/products\/sopas-condensadas\/campbells-de-crema-de-pollo\/","name":"Campbell\u2019s\u00ae de crema de pollo (Campbell\u2019s Condensed Cream of Chicken Soup) - The Campbell&#039;s Company LATINOAM\u00c9RICA","isPartOf":{"@id":"https:\/\/www.campbells.com\/es\/#website"},"datePublished":"2020-09-17T10:01:47+00:00","dateModified":"2022-12-20T12:47:27+00:00","description":"Encuentra recetas para toda la familia que usen la sopa condensada Campbell\u2019s\u00ae de crema de pollo (Campbell\u2019s Condensed Cream of Chicken Soup). Siempre preparada con pollo tierno sin antibi\u00f3ticos en un caldo de carne de pollo cremoso.","breadcrumb":{"@id":"https:\/\/www.campbells.com\/es\/products\/sopas-condensadas\/campbells-de-crema-de-pollo\/#breadcrumb"},"inLanguage":"es","potentialAction":[{"@type":"ReadAction","target":["https:\/\/www.campbells.com\/es\/products\/sopas-condensadas\/campbells-de-crema-de-pollo\/"]}]},{"@type":"BreadcrumbList","@id":"https:\/\/www.campbells.com\/es\/products\/sopas-condensadas\/campbells-de-crema-de-pollo\/#breadcrumb","itemListElement":[{"@type":"ListItem","position":1,"name":"Products","item":"https:\/\/www.campbells.com\/es\/productos\/"},{"@type":"ListItem","position":2,"name":"Campbell\u2019s\u00ae de crema de pollo (Campbell\u2019s Condensed Cream of Chicken Soup)"}]},{"@type":"WebSite","@id":"https:\/\/www.campbells.com\/es\/#website","url":"https:\/\/www.campbells.com\/es\/","name":"The Campbell&#039;s Company LATINOAM\u00c9RICA","description":"Your SUPER-powered WP Engine Site","potentialAction":[{"@type":"SearchAction","target":{"@type":"EntryPoint","urlTemplate":"https:\/\/www.campbells.com\/es\/buscar\/?query={search_term_string}"},"query-input":"required name=search_term_string"}],"inLanguage":"es"}]}},"_links":{"self":[{"href":"https:\/\/www.campbells.com\/es\/wp-json\/wp\/v2\/product\/9504"}],"collection":[{"href":"https:\/\/www.campbells.com\/es\/wp-json\/wp\/v2\/product"}],"about":[{"href":"https:\/\/www.campbells.com\/es\/wp-json\/wp\/v2\/types\/product"}],"wp:featuredmedia":[{"embeddable":true,"href":"https:\/\/www.campbells.com\/es\/wp-json\/wp\/v2\/media\/9662"}],"wp:attachment":[{"href":"https:\/\/www.campbells.com\/es\/wp-json\/wp\/v2\/media?parent=9504"}],"wp:term":[{"taxonomy":"csc_dietary_alternative","embeddable":true,"href":"https:\/\/www.campbells.com\/es\/wp-json\/wp\/v2\/csc_dietary_alternative?post=9504"},{"taxonomy":"csc_main_ingredient","embeddable":true,"href":"https:\/\/www.campbells.com\/es\/wp-json\/wp\/v2\/csc_main_ingredient?post=9504"},{"taxonomy":"csc_product_cat","embeddable":true,"href":"https:\/\/www.campbells.com\/es\/wp-json\/wp\/v2\/csc_product_cat?post=9504"},{"taxonomy":"csc_product_line","embeddable":true,"href":"https:\/\/www.campbells.com\/es\/wp-json\/wp\/v2\/csc_product_line?post=9504"},{"taxonomy":"csc_product_tag","embeddable":true,"href":"https:\/\/www.campbells.com\/es\/wp-json\/wp\/v2\/csc_product_tag?post=9504"}],"curies":[{"name":"wp","href":"https:\/\/api.w.org\/{rel}","templated":true}]}}