{"id":9505,"date":"2020-09-17T09:59:44","date_gmt":"2020-09-17T09:59:44","guid":{"rendered":"https:\/\/www.campbells.com\/es\/products\/unknown\/chiickeen-noooodlee-sooyup\/"},"modified":"2022-12-20T13:02:54","modified_gmt":"2022-12-20T13:02:54","slug":"sopa-de-pollo-y-tallarines-4","status":"publish","type":"product","link":"https:\/\/www.campbells.com\/es\/products\/sopas-condensadas\/sopa-de-pollo-y-tallarines-4\/","title":{"rendered":"Sopa de pollo y tallarines (Chicken Noodle Soup)"},"featured_media":9704,"template":"","csc_dietary_alternative":[],"csc_main_ingredient":[],"csc_product_cat":[247,248],"csc_product_line":[252],"csc_product_tag":[282],"acf":[],"details":[{"name":"Sopa de pollo y tallarines (Chicken Noodle Soup)","allergens":"","brandcategory":"","product-line":["Sopas Condensadas"],"calories":"60","carbohydrates":"8g","cholesterol":"15mg","dietaryfiber":"1g","fat":"2g","ingredientstatement":"Caldo de carne de pollo, tallarines de huevo enriquecidos (harina de trigo, huevos, niacina, sulfato ferroso, mononitrato de tiamina, riboflavina, \u00e1cido f\u00f3lico), carne de pollo, contiene menos del 2\u00a0% de: sal, grasa de pollo, agua, glutamato monos\u00f3dico, almid\u00f3n de ma\u00edz, almid\u00f3n de ma\u00edz modificado, saborizante natural, caldo de pollo deshidratado, az\u00facar, betacaroteno para color, cebolla en polvo, prote\u00edna aislada de soya, fosfato s\u00f3dico, extracto de levadura, pollo deshidratado, extracto de ajo. Contiene: huevo, trigo, soya","net-content":"","nutrition-claims":"","long-description":"","product-description":"<p>Hay una raz\u00f3n por la que la sopa de Campbell&#8217;s\u00ae de pollo y tallarines ( Campbell&#8217;s\u00ae Chicken Noodle Soup )es un cl\u00e1sico. Ponemos el mayor cuidado en preparar nuestra cl\u00e1sica sopa atemporal. Comenzamos con tallarines de huevo frescos, condimentamos a la perfecci\u00f3n nuestro caldo de pollo dorado y agregamos carne de pollo sin antibi\u00f3ticos. El resultado final es una sopa de pollo y tallarines reconfortante y confiable que lleva una sonrisa en cada cucharada. Encuentra confort en ella como un confiable producto b\u00e1sico de la despensa para soluciones de cena en la semana. Sopas condensadas Campbell\u2019s\u00ae: Made for Real, Real Life.\u00ae Desde sopa de pollo y tallarines (Chicken Noodle Soup) hasta sopa de tomate (Tomato Soup) y todo lo dem\u00e1s, preparamos deliciosas sopas con ingredientes de calidad cultivados en granja con sabores que t\u00fa y tu familia conocen y aman. Ya sea que las sopas condensadas Campbell\u2019s\u00ae sean tu ingrediente secreto en las recetas o que quieras encontrar confort con el taz\u00f3n perfecto, tenemos una sopa para que puedas disfrutar todos los d\u00edas. Cuando tomas la conocida lata roja y blanca, sabes que tienes una marca confiable.<\/p>\n","protein":"3g","servings":"","sodium":"890mg","sugar":"0g","transfat":"0g","product-id":9505}],"yoast_head":"<!-- This site is optimized with the Yoast SEO plugin v20.13 - https:\/\/yoast.com\/wordpress\/plugins\/seo\/ -->\n<title>Sopa de pollo y tallarines (Chicken Noodle Soup) - The Campbell&#039;s Company LATINOAM\u00c9RICA<\/title>\n<meta name=\"description\" content=\"Disfruta de nuestra cl\u00e1sica sopa de pollo y tallarines (Chicken Noodle Soup), elaborada con pollo de calidad y tallarines de huevo; una sopa reconfortante y confiable perfecta para todas las ocasiones.\" \/>\n<meta name=\"robots\" content=\"index, follow, max-snippet:-1, max-image-preview:large, max-video-preview:-1\" \/>\n<link rel=\"canonical\" href=\"https:\/\/www.campbells.com\/es\/products\/sopas-condensadas\/sopa-de-pollo-y-tallarines-4\/\" \/>\n<meta property=\"og:locale\" content=\"es_ES\" \/>\n<meta property=\"og:type\" content=\"article\" \/>\n<meta property=\"og:title\" content=\"Sopa de pollo y tallarines (Chicken Noodle Soup) - The Campbell&#039;s Company LATINOAM\u00c9RICA\" \/>\n<meta property=\"og:description\" content=\"Disfruta de nuestra cl\u00e1sica sopa de pollo y tallarines (Chicken Noodle Soup), elaborada con pollo de calidad y tallarines de huevo; una sopa reconfortante y confiable perfecta para todas las ocasiones.\" \/>\n<meta property=\"og:url\" content=\"https:\/\/www.campbells.com\/es\/products\/sopas-condensadas\/sopa-de-pollo-y-tallarines-4\/\" \/>\n<meta property=\"og:site_name\" content=\"The Campbell&#039;s Company LATINOAM\u00c9RICA\" \/>\n<meta property=\"article:publisher\" content=\"https:\/\/www.facebook.com\/campbellsLATAM\/\" \/>\n<meta property=\"article:modified_time\" content=\"2022-12-20T13:02:54+00:00\" \/>\n<meta property=\"og:image\" content=\"https:\/\/www.campbells.com\/es\/wp-content\/uploads\/2020\/09\/condensed-chicken-noodle.webp\" \/>\n\t<meta property=\"og:image:width\" content=\"700\" \/>\n\t<meta property=\"og:image:height\" content=\"700\" \/>\n\t<meta property=\"og:image:type\" content=\"image\/webp\" \/>\n<meta name=\"twitter:card\" content=\"summary_large_image\" \/>\n<script type=\"application\/ld+json\" class=\"yoast-schema-graph\">{\"@context\":\"https:\/\/schema.org\",\"@graph\":[{\"@type\":\"WebPage\",\"@id\":\"https:\/\/www.campbells.com\/es\/products\/sopas-condensadas\/sopa-de-pollo-y-tallarines-4\/\",\"url\":\"https:\/\/www.campbells.com\/es\/products\/sopas-condensadas\/sopa-de-pollo-y-tallarines-4\/\",\"name\":\"Sopa de pollo y tallarines (Chicken Noodle Soup) - The Campbell&#039;s Company LATINOAM\u00c9RICA\",\"isPartOf\":{\"@id\":\"https:\/\/www.campbells.com\/es\/#website\"},\"datePublished\":\"2020-09-17T09:59:44+00:00\",\"dateModified\":\"2022-12-20T13:02:54+00:00\",\"description\":\"Disfruta de nuestra cl\u00e1sica sopa de pollo y tallarines (Chicken Noodle Soup), elaborada con pollo de calidad y tallarines de huevo; una sopa reconfortante y confiable perfecta para todas las ocasiones.\",\"breadcrumb\":{\"@id\":\"https:\/\/www.campbells.com\/es\/products\/sopas-condensadas\/sopa-de-pollo-y-tallarines-4\/#breadcrumb\"},\"inLanguage\":\"es\",\"potentialAction\":[{\"@type\":\"ReadAction\",\"target\":[\"https:\/\/www.campbells.com\/es\/products\/sopas-condensadas\/sopa-de-pollo-y-tallarines-4\/\"]}]},{\"@type\":\"BreadcrumbList\",\"@id\":\"https:\/\/www.campbells.com\/es\/products\/sopas-condensadas\/sopa-de-pollo-y-tallarines-4\/#breadcrumb\",\"itemListElement\":[{\"@type\":\"ListItem\",\"position\":1,\"name\":\"Products\",\"item\":\"https:\/\/www.campbells.com\/es\/productos\/\"},{\"@type\":\"ListItem\",\"position\":2,\"name\":\"Sopa de pollo y tallarines (Chicken Noodle Soup)\"}]},{\"@type\":\"WebSite\",\"@id\":\"https:\/\/www.campbells.com\/es\/#website\",\"url\":\"https:\/\/www.campbells.com\/es\/\",\"name\":\"The Campbell&#039;s Company LATINOAM\u00c9RICA\",\"description\":\"Your SUPER-powered WP Engine Site\",\"potentialAction\":[{\"@type\":\"SearchAction\",\"target\":{\"@type\":\"EntryPoint\",\"urlTemplate\":\"https:\/\/www.campbells.com\/es\/buscar\/?query={search_term_string}\"},\"query-input\":\"required name=search_term_string\"}],\"inLanguage\":\"es\"}]}<\/script>\n<!-- \/ Yoast SEO plugin. -->","yoast_head_json":{"title":"Sopa de pollo y tallarines (Chicken Noodle Soup) - The Campbell&#039;s Company LATINOAM\u00c9RICA","description":"Disfruta de nuestra cl\u00e1sica sopa de pollo y tallarines (Chicken Noodle Soup), elaborada con pollo de calidad y tallarines de huevo; una sopa reconfortante y confiable perfecta para todas las ocasiones.","robots":{"index":"index","follow":"follow","max-snippet":"max-snippet:-1","max-image-preview":"max-image-preview:large","max-video-preview":"max-video-preview:-1"},"canonical":"https:\/\/www.campbells.com\/es\/products\/sopas-condensadas\/sopa-de-pollo-y-tallarines-4\/","og_locale":"es_ES","og_type":"article","og_title":"Sopa de pollo y tallarines (Chicken Noodle Soup) - The Campbell&#039;s Company LATINOAM\u00c9RICA","og_description":"Disfruta de nuestra cl\u00e1sica sopa de pollo y tallarines (Chicken Noodle Soup), elaborada con pollo de calidad y tallarines de huevo; una sopa reconfortante y confiable perfecta para todas las ocasiones.","og_url":"https:\/\/www.campbells.com\/es\/products\/sopas-condensadas\/sopa-de-pollo-y-tallarines-4\/","og_site_name":"The Campbell&#039;s Company LATINOAM\u00c9RICA","article_publisher":"https:\/\/www.facebook.com\/campbellsLATAM\/","article_modified_time":"2022-12-20T13:02:54+00:00","og_image":[{"width":700,"height":700,"url":"https:\/\/www.campbells.com\/es\/wp-content\/uploads\/2020\/09\/condensed-chicken-noodle.webp","type":"image\/webp"}],"twitter_card":"summary_large_image","schema":{"@context":"https:\/\/schema.org","@graph":[{"@type":"WebPage","@id":"https:\/\/www.campbells.com\/es\/products\/sopas-condensadas\/sopa-de-pollo-y-tallarines-4\/","url":"https:\/\/www.campbells.com\/es\/products\/sopas-condensadas\/sopa-de-pollo-y-tallarines-4\/","name":"Sopa de pollo y tallarines (Chicken Noodle Soup) - The Campbell&#039;s Company LATINOAM\u00c9RICA","isPartOf":{"@id":"https:\/\/www.campbells.com\/es\/#website"},"datePublished":"2020-09-17T09:59:44+00:00","dateModified":"2022-12-20T13:02:54+00:00","description":"Disfruta de nuestra cl\u00e1sica sopa de pollo y tallarines (Chicken Noodle Soup), elaborada con pollo de calidad y tallarines de huevo; una sopa reconfortante y confiable perfecta para todas las ocasiones.","breadcrumb":{"@id":"https:\/\/www.campbells.com\/es\/products\/sopas-condensadas\/sopa-de-pollo-y-tallarines-4\/#breadcrumb"},"inLanguage":"es","potentialAction":[{"@type":"ReadAction","target":["https:\/\/www.campbells.com\/es\/products\/sopas-condensadas\/sopa-de-pollo-y-tallarines-4\/"]}]},{"@type":"BreadcrumbList","@id":"https:\/\/www.campbells.com\/es\/products\/sopas-condensadas\/sopa-de-pollo-y-tallarines-4\/#breadcrumb","itemListElement":[{"@type":"ListItem","position":1,"name":"Products","item":"https:\/\/www.campbells.com\/es\/productos\/"},{"@type":"ListItem","position":2,"name":"Sopa de pollo y tallarines (Chicken Noodle Soup)"}]},{"@type":"WebSite","@id":"https:\/\/www.campbells.com\/es\/#website","url":"https:\/\/www.campbells.com\/es\/","name":"The Campbell&#039;s Company LATINOAM\u00c9RICA","description":"Your SUPER-powered WP Engine Site","potentialAction":[{"@type":"SearchAction","target":{"@type":"EntryPoint","urlTemplate":"https:\/\/www.campbells.com\/es\/buscar\/?query={search_term_string}"},"query-input":"required name=search_term_string"}],"inLanguage":"es"}]}},"_links":{"self":[{"href":"https:\/\/www.campbells.com\/es\/wp-json\/wp\/v2\/product\/9505"}],"collection":[{"href":"https:\/\/www.campbells.com\/es\/wp-json\/wp\/v2\/product"}],"about":[{"href":"https:\/\/www.campbells.com\/es\/wp-json\/wp\/v2\/types\/product"}],"wp:featuredmedia":[{"embeddable":true,"href":"https:\/\/www.campbells.com\/es\/wp-json\/wp\/v2\/media\/9704"}],"wp:attachment":[{"href":"https:\/\/www.campbells.com\/es\/wp-json\/wp\/v2\/media?parent=9505"}],"wp:term":[{"taxonomy":"csc_dietary_alternative","embeddable":true,"href":"https:\/\/www.campbells.com\/es\/wp-json\/wp\/v2\/csc_dietary_alternative?post=9505"},{"taxonomy":"csc_main_ingredient","embeddable":true,"href":"https:\/\/www.campbells.com\/es\/wp-json\/wp\/v2\/csc_main_ingredient?post=9505"},{"taxonomy":"csc_product_cat","embeddable":true,"href":"https:\/\/www.campbells.com\/es\/wp-json\/wp\/v2\/csc_product_cat?post=9505"},{"taxonomy":"csc_product_line","embeddable":true,"href":"https:\/\/www.campbells.com\/es\/wp-json\/wp\/v2\/csc_product_line?post=9505"},{"taxonomy":"csc_product_tag","embeddable":true,"href":"https:\/\/www.campbells.com\/es\/wp-json\/wp\/v2\/csc_product_tag?post=9505"}],"curies":[{"name":"wp","href":"https:\/\/api.w.org\/{rel}","templated":true}]}}