{"id":9506,"date":"2020-09-17T09:59:37","date_gmt":"2020-09-17T09:59:37","guid":{"rendered":"https:\/\/www.campbells.com\/es\/products\/unknown\/creeaam-oof-muushroooom-soouup\/"},"modified":"2022-12-20T12:54:26","modified_gmt":"2022-12-20T12:54:26","slug":"sopa-de-crema-de-hongos","status":"publish","type":"product","link":"https:\/\/www.campbells.com\/es\/products\/sopas-condensadas\/sopa-de-crema-de-hongos\/","title":{"rendered":"Sopa de crema de hongos (champi\u00f1ones\/setas) (Cream of Mushroom Soup)"},"featured_media":9710,"template":"","csc_dietary_alternative":[],"csc_main_ingredient":[],"csc_product_cat":[247,249],"csc_product_line":[252],"csc_product_tag":[261,264,259,260,274],"acf":[],"details":[{"name":"Sopa de crema de hongos (champi\u00f1ones\/setas) (Cream of Mushroom Soup)","allergens":"","brandcategory":"","product-line":["Sopas Condensadas"],"calories":"100","carbohydrates":"8g","cholesterol":"0mg","dietaryfiber":"0g","fat":"7g","ingredientstatement":"Agua, hongos, aceite vegetal (ma\u00edz, canola y\/o soya), almid\u00f3n de ma\u00edz modificado, harina de trigo, sal, crema, suero de leche, concentrado de prote\u00edna de soya, glutamato monos\u00f3dico, extracto de levadura, ajo deshidratado, saborizante natural. Contiene: trigo, leche, soya","net-content":"","nutrition-claims":"","long-description":"","product-description":"<p>En un taz\u00f3n. En una receta. La sopa condensada Campbell\u2019s\u00ae de crema de hongos (champi\u00f1ones\/setas) (Cream of Mushroom Soup) ha sido un confiable producto b\u00e1sico de la despensa de las cocinas durante d\u00e9cadas y, ahora, \u00a1con m\u00e1s crema! Nuestra cl\u00e1sica sopa de crema de hongos (champi\u00f1ones\/setas) es una suave y rica combinaci\u00f3n de hongos (champi\u00f1ones\/setas), crema fresca y ajo. Encuentra confort en ella como una sopa f\u00e1cilmente personalizable o \u00fasala como un ingrediente extremadamente vers\u00e1til para deliciosas cenas durante la semana. Abre posibilidades usando nuestra sopa como un aperitivo para recetas r\u00e1pidas que deleitan a la familia, lo que incluye todo desde salsas y acompa\u00f1amientos hasta platos principales y cazuelas. Visita Campbells.com\/es para conocer recetas como Green Bean Casserole (cazuela de jud\u00edas verdes\/ejotes) y un f\u00e1cil stroganoff de res. \u00danete a Campbell&#8217;s\u00ae para inspirarte y cocinar creativamente en la cocina. Sopas condensada Campbell\u2019s\u00ae: Made for Real, Real Life.\u00ae<\/p>\n<p>Desde sopa de pollo y tallarines (Chicken Noodle Soup) hasta sopa de tomate (Tomato Soup) y todo lo dem\u00e1s, preparamos deliciosas sopas con ingredientes de calidad cultivados en granja con sabores que t\u00fa y tu familia conocen y aman. Ya sea que las sopas condensadas Campbell\u2019s\u00ae sean tu ingrediente secreto en las recetas o que quieras encontrar confort con el taz\u00f3n perfecto, tenemos una sopa para que puedas disfrutar todos los d\u00edas. Cuando tomas la conocida lata roja y blanca, sabes que tienes una marca confiable sin sabores y colores artificiales.<\/p>\n","protein":"2g","servings":"","sodium":"860mg","sugar":"1g","transfat":"0g","product-id":9506}],"yoast_head":"<!-- This site is optimized with the Yoast SEO plugin v20.13 - https:\/\/yoast.com\/wordpress\/plugins\/seo\/ -->\n<title>Sopa de crema de hongos (champi\u00f1ones\/setas) (Cream of Mushroom Soup) - The Campbell&#039;s Company LATINOAM\u00c9RICA<\/title>\n<meta name=\"description\" content=\"Nuestra sopa condensada de crema de hongos (champi\u00f1ones\/setas), elaborada con hongos (champi\u00f1ones\/setas) frescos y crema con ajo, es vers\u00e1til y f\u00e1cil de usar, perfecta para las comidas diarias. \u00a1Pru\u00e9bala hoy mismo!\" \/>\n<meta name=\"robots\" content=\"index, follow, max-snippet:-1, max-image-preview:large, max-video-preview:-1\" \/>\n<link rel=\"canonical\" href=\"https:\/\/www.campbells.com\/es\/products\/sopas-condensadas\/sopa-de-crema-de-hongos\/\" \/>\n<meta property=\"og:locale\" content=\"es_ES\" \/>\n<meta property=\"og:type\" content=\"article\" \/>\n<meta property=\"og:title\" content=\"Sopa de crema de hongos (champi\u00f1ones\/setas) (Cream of Mushroom Soup) - The Campbell&#039;s Company LATINOAM\u00c9RICA\" \/>\n<meta property=\"og:description\" content=\"Nuestra sopa condensada de crema de hongos (champi\u00f1ones\/setas), elaborada con hongos (champi\u00f1ones\/setas) frescos y crema con ajo, es vers\u00e1til y f\u00e1cil de usar, perfecta para las comidas diarias. \u00a1Pru\u00e9bala hoy mismo!\" \/>\n<meta property=\"og:url\" content=\"https:\/\/www.campbells.com\/es\/products\/sopas-condensadas\/sopa-de-crema-de-hongos\/\" \/>\n<meta property=\"og:site_name\" content=\"The Campbell&#039;s Company LATINOAM\u00c9RICA\" \/>\n<meta property=\"article:publisher\" content=\"https:\/\/www.facebook.com\/campbellsLATAM\/\" \/>\n<meta property=\"article:modified_time\" content=\"2022-12-20T12:54:26+00:00\" \/>\n<meta property=\"og:image\" content=\"https:\/\/www.campbells.com\/es\/wp-content\/uploads\/2020\/09\/condensed-cream-of-mushroom.webp\" \/>\n\t<meta property=\"og:image:width\" content=\"700\" \/>\n\t<meta property=\"og:image:height\" content=\"700\" \/>\n\t<meta property=\"og:image:type\" content=\"image\/webp\" \/>\n<meta name=\"twitter:card\" content=\"summary_large_image\" \/>\n<script type=\"application\/ld+json\" class=\"yoast-schema-graph\">{\"@context\":\"https:\/\/schema.org\",\"@graph\":[{\"@type\":\"WebPage\",\"@id\":\"https:\/\/www.campbells.com\/es\/products\/sopas-condensadas\/sopa-de-crema-de-hongos\/\",\"url\":\"https:\/\/www.campbells.com\/es\/products\/sopas-condensadas\/sopa-de-crema-de-hongos\/\",\"name\":\"Sopa de crema de hongos (champi\u00f1ones\/setas) (Cream of Mushroom Soup) - The Campbell&#039;s Company LATINOAM\u00c9RICA\",\"isPartOf\":{\"@id\":\"https:\/\/www.campbells.com\/es\/#website\"},\"datePublished\":\"2020-09-17T09:59:37+00:00\",\"dateModified\":\"2022-12-20T12:54:26+00:00\",\"description\":\"Nuestra sopa condensada de crema de hongos (champi\u00f1ones\/setas), elaborada con hongos (champi\u00f1ones\/setas) frescos y crema con ajo, es vers\u00e1til y f\u00e1cil de usar, perfecta para las comidas diarias. \u00a1Pru\u00e9bala hoy mismo!\",\"breadcrumb\":{\"@id\":\"https:\/\/www.campbells.com\/es\/products\/sopas-condensadas\/sopa-de-crema-de-hongos\/#breadcrumb\"},\"inLanguage\":\"es\",\"potentialAction\":[{\"@type\":\"ReadAction\",\"target\":[\"https:\/\/www.campbells.com\/es\/products\/sopas-condensadas\/sopa-de-crema-de-hongos\/\"]}]},{\"@type\":\"BreadcrumbList\",\"@id\":\"https:\/\/www.campbells.com\/es\/products\/sopas-condensadas\/sopa-de-crema-de-hongos\/#breadcrumb\",\"itemListElement\":[{\"@type\":\"ListItem\",\"position\":1,\"name\":\"Products\",\"item\":\"https:\/\/www.campbells.com\/es\/productos\/\"},{\"@type\":\"ListItem\",\"position\":2,\"name\":\"Sopa de crema de hongos (champi\u00f1ones\/setas) (Cream of Mushroom Soup)\"}]},{\"@type\":\"WebSite\",\"@id\":\"https:\/\/www.campbells.com\/es\/#website\",\"url\":\"https:\/\/www.campbells.com\/es\/\",\"name\":\"The Campbell&#039;s Company LATINOAM\u00c9RICA\",\"description\":\"Your SUPER-powered WP Engine Site\",\"potentialAction\":[{\"@type\":\"SearchAction\",\"target\":{\"@type\":\"EntryPoint\",\"urlTemplate\":\"https:\/\/www.campbells.com\/es\/buscar\/?query={search_term_string}\"},\"query-input\":\"required name=search_term_string\"}],\"inLanguage\":\"es\"}]}<\/script>\n<!-- \/ Yoast SEO plugin. -->","yoast_head_json":{"title":"Sopa de crema de hongos (champi\u00f1ones\/setas) (Cream of Mushroom Soup) - The Campbell&#039;s Company LATINOAM\u00c9RICA","description":"Nuestra sopa condensada de crema de hongos (champi\u00f1ones\/setas), elaborada con hongos (champi\u00f1ones\/setas) frescos y crema con ajo, es vers\u00e1til y f\u00e1cil de usar, perfecta para las comidas diarias. \u00a1Pru\u00e9bala hoy mismo!","robots":{"index":"index","follow":"follow","max-snippet":"max-snippet:-1","max-image-preview":"max-image-preview:large","max-video-preview":"max-video-preview:-1"},"canonical":"https:\/\/www.campbells.com\/es\/products\/sopas-condensadas\/sopa-de-crema-de-hongos\/","og_locale":"es_ES","og_type":"article","og_title":"Sopa de crema de hongos (champi\u00f1ones\/setas) (Cream of Mushroom Soup) - The Campbell&#039;s Company LATINOAM\u00c9RICA","og_description":"Nuestra sopa condensada de crema de hongos (champi\u00f1ones\/setas), elaborada con hongos (champi\u00f1ones\/setas) frescos y crema con ajo, es vers\u00e1til y f\u00e1cil de usar, perfecta para las comidas diarias. \u00a1Pru\u00e9bala hoy mismo!","og_url":"https:\/\/www.campbells.com\/es\/products\/sopas-condensadas\/sopa-de-crema-de-hongos\/","og_site_name":"The Campbell&#039;s Company LATINOAM\u00c9RICA","article_publisher":"https:\/\/www.facebook.com\/campbellsLATAM\/","article_modified_time":"2022-12-20T12:54:26+00:00","og_image":[{"width":700,"height":700,"url":"https:\/\/www.campbells.com\/es\/wp-content\/uploads\/2020\/09\/condensed-cream-of-mushroom.webp","type":"image\/webp"}],"twitter_card":"summary_large_image","schema":{"@context":"https:\/\/schema.org","@graph":[{"@type":"WebPage","@id":"https:\/\/www.campbells.com\/es\/products\/sopas-condensadas\/sopa-de-crema-de-hongos\/","url":"https:\/\/www.campbells.com\/es\/products\/sopas-condensadas\/sopa-de-crema-de-hongos\/","name":"Sopa de crema de hongos (champi\u00f1ones\/setas) (Cream of Mushroom Soup) - The Campbell&#039;s Company LATINOAM\u00c9RICA","isPartOf":{"@id":"https:\/\/www.campbells.com\/es\/#website"},"datePublished":"2020-09-17T09:59:37+00:00","dateModified":"2022-12-20T12:54:26+00:00","description":"Nuestra sopa condensada de crema de hongos (champi\u00f1ones\/setas), elaborada con hongos (champi\u00f1ones\/setas) frescos y crema con ajo, es vers\u00e1til y f\u00e1cil de usar, perfecta para las comidas diarias. \u00a1Pru\u00e9bala hoy mismo!","breadcrumb":{"@id":"https:\/\/www.campbells.com\/es\/products\/sopas-condensadas\/sopa-de-crema-de-hongos\/#breadcrumb"},"inLanguage":"es","potentialAction":[{"@type":"ReadAction","target":["https:\/\/www.campbells.com\/es\/products\/sopas-condensadas\/sopa-de-crema-de-hongos\/"]}]},{"@type":"BreadcrumbList","@id":"https:\/\/www.campbells.com\/es\/products\/sopas-condensadas\/sopa-de-crema-de-hongos\/#breadcrumb","itemListElement":[{"@type":"ListItem","position":1,"name":"Products","item":"https:\/\/www.campbells.com\/es\/productos\/"},{"@type":"ListItem","position":2,"name":"Sopa de crema de hongos (champi\u00f1ones\/setas) (Cream of Mushroom Soup)"}]},{"@type":"WebSite","@id":"https:\/\/www.campbells.com\/es\/#website","url":"https:\/\/www.campbells.com\/es\/","name":"The Campbell&#039;s Company LATINOAM\u00c9RICA","description":"Your SUPER-powered WP Engine Site","potentialAction":[{"@type":"SearchAction","target":{"@type":"EntryPoint","urlTemplate":"https:\/\/www.campbells.com\/es\/buscar\/?query={search_term_string}"},"query-input":"required name=search_term_string"}],"inLanguage":"es"}]}},"_links":{"self":[{"href":"https:\/\/www.campbells.com\/es\/wp-json\/wp\/v2\/product\/9506"}],"collection":[{"href":"https:\/\/www.campbells.com\/es\/wp-json\/wp\/v2\/product"}],"about":[{"href":"https:\/\/www.campbells.com\/es\/wp-json\/wp\/v2\/types\/product"}],"wp:featuredmedia":[{"embeddable":true,"href":"https:\/\/www.campbells.com\/es\/wp-json\/wp\/v2\/media\/9710"}],"wp:attachment":[{"href":"https:\/\/www.campbells.com\/es\/wp-json\/wp\/v2\/media?parent=9506"}],"wp:term":[{"taxonomy":"csc_dietary_alternative","embeddable":true,"href":"https:\/\/www.campbells.com\/es\/wp-json\/wp\/v2\/csc_dietary_alternative?post=9506"},{"taxonomy":"csc_main_ingredient","embeddable":true,"href":"https:\/\/www.campbells.com\/es\/wp-json\/wp\/v2\/csc_main_ingredient?post=9506"},{"taxonomy":"csc_product_cat","embeddable":true,"href":"https:\/\/www.campbells.com\/es\/wp-json\/wp\/v2\/csc_product_cat?post=9506"},{"taxonomy":"csc_product_line","embeddable":true,"href":"https:\/\/www.campbells.com\/es\/wp-json\/wp\/v2\/csc_product_line?post=9506"},{"taxonomy":"csc_product_tag","embeddable":true,"href":"https:\/\/www.campbells.com\/es\/wp-json\/wp\/v2\/csc_product_tag?post=9506"}],"curies":[{"name":"wp","href":"https:\/\/api.w.org\/{rel}","templated":true}]}}