{"id":322,"date":"2020-05-07T18:59:02","date_gmt":"2020-05-07T18:59:02","guid":{"rendered":"https:\/\/develop-campbells.10uplabs.dev\/?page_id=322"},"modified":"2023-05-04T14:12:49","modified_gmt":"2023-05-04T14:12:49","slug":"inicio","status":"publish","type":"page","link":"https:\/\/www.campbells.com\/mx\/","title":{"rendered":"Inicio"},"content":{"rendered":"\n<div class=\"js-hero-carousel hero-carousel is-style-ratio-twenty-one-nine\"\n\tdata-autoplay=\"true\"\n\tdata-interval=\"3\"\n\tdata-controls=\"false\"\n>\n\t<div class=\"hero-carousel__slider\">\n\t\t\n\n<!-- .hero-carousel__slide -->\n<div class=\"hero-carousel__slide align-center is-style-campbells-red has--color\">\n\t\t\t<picture>\n\t\t\t<source srcset=\"https:\/\/www.campbells.com\/mx\/wp-content\/uploads\/2023\/03\/Carbonara_resized-mobile.jpg 700w, https:\/\/www.campbells.com\/mx\/wp-content\/uploads\/2023\/03\/Carbonara_resized-mobile-219x300.jpg 219w, https:\/\/www.campbells.com\/mx\/wp-content\/uploads\/2023\/03\/Carbonara_resized-mobile-214x293.jpg 214w, https:\/\/www.campbells.com\/mx\/wp-content\/uploads\/2023\/03\/Carbonara_resized-mobile-428x587.jpg 428w, https:\/\/www.campbells.com\/mx\/wp-content\/uploads\/2023\/03\/Carbonara_resized-mobile-605x830.jpg 605w, https:\/\/www.campbells.com\/mx\/wp-content\/uploads\/2023\/03\/Carbonara_resized-mobile-389x534.jpg 389w, https:\/\/www.campbells.com\/mx\/wp-content\/uploads\/2023\/03\/Carbonara_resized-mobile-303x415.jpg 303w, https:\/\/www.campbells.com\/mx\/wp-content\/uploads\/2023\/03\/Carbonara_resized-mobile-195x267.jpg 195w, https:\/\/www.campbells.com\/mx\/wp-content\/uploads\/2023\/03\/Carbonara_resized-mobile-142x195.jpg 142w\" sizes=\"100vw\" media=\"(max-width: 63.99em)\">\n\t\t\t<source srcset=\"https:\/\/www.campbells.com\/mx\/wp-content\/uploads\/2023\/03\/Carbonara_2560x960-resized.jpg 1536w, https:\/\/www.campbells.com\/mx\/wp-content\/uploads\/2023\/03\/Carbonara_2560x960-resized-300x113.jpg 300w, https:\/\/www.campbells.com\/mx\/wp-content\/uploads\/2023\/03\/Carbonara_2560x960-resized-1024x384.jpg 1024w, https:\/\/www.campbells.com\/mx\/wp-content\/uploads\/2023\/03\/Carbonara_2560x960-resized-768x288.jpg 768w, https:\/\/www.campbells.com\/mx\/wp-content\/uploads\/2023\/03\/Carbonara_2560x960-resized-214x80.jpg 214w, https:\/\/www.campbells.com\/mx\/wp-content\/uploads\/2023\/03\/Carbonara_2560x960-resized-428x161.jpg 428w, https:\/\/www.campbells.com\/mx\/wp-content\/uploads\/2023\/03\/Carbonara_2560x960-resized-1106x415.jpg 1106w, https:\/\/www.campbells.com\/mx\/wp-content\/uploads\/2023\/03\/Carbonara_2560x960-resized-712x267.jpg 712w, https:\/\/www.campbells.com\/mx\/wp-content\/uploads\/2023\/03\/Carbonara_2560x960-resized-553x207.jpg 553w, https:\/\/www.campbells.com\/mx\/wp-content\/uploads\/2023\/03\/Carbonara_2560x960-resized-356x134.jpg 356w, https:\/\/www.campbells.com\/mx\/wp-content\/uploads\/2023\/03\/Carbonara_2560x960-resized-260x98.jpg 260w\" sizes=\"100vw\" media=\"(min-width: 64em)\">\n\t\t\t<img width=\"1536\" height=\"576\" class=\"hero-carousel__image lazyload\" alt=\"Carbonara place settings\" data-src=\"https:\/\/www.campbells.com\/mx\/wp-content\/uploads\/2023\/03\/Carbonara_2560x960-resized.jpg\" data-srcset=\"https:\/\/www.campbells.com\/mx\/wp-content\/uploads\/2023\/03\/Carbonara_2560x960-resized.jpg 1536w, https:\/\/www.campbells.com\/mx\/wp-content\/uploads\/2023\/03\/Carbonara_2560x960-resized-300x113.jpg 300w, https:\/\/www.campbells.com\/mx\/wp-content\/uploads\/2023\/03\/Carbonara_2560x960-resized-1024x384.jpg 1024w, https:\/\/www.campbells.com\/mx\/wp-content\/uploads\/2023\/03\/Carbonara_2560x960-resized-768x288.jpg 768w, https:\/\/www.campbells.com\/mx\/wp-content\/uploads\/2023\/03\/Carbonara_2560x960-resized-214x80.jpg 214w, https:\/\/www.campbells.com\/mx\/wp-content\/uploads\/2023\/03\/Carbonara_2560x960-resized-428x161.jpg 428w, https:\/\/www.campbells.com\/mx\/wp-content\/uploads\/2023\/03\/Carbonara_2560x960-resized-1106x415.jpg 1106w, https:\/\/www.campbells.com\/mx\/wp-content\/uploads\/2023\/03\/Carbonara_2560x960-resized-712x267.jpg 712w, https:\/\/www.campbells.com\/mx\/wp-content\/uploads\/2023\/03\/Carbonara_2560x960-resized-553x207.jpg 553w, https:\/\/www.campbells.com\/mx\/wp-content\/uploads\/2023\/03\/Carbonara_2560x960-resized-356x134.jpg 356w, https:\/\/www.campbells.com\/mx\/wp-content\/uploads\/2023\/03\/Carbonara_2560x960-resized-260x98.jpg 260w\" data-sizes=\"(max-width: 1536px) 100vw, 1536px\" \/>\t\t<\/picture>\n\t\t\n\t<div class=\"hero-carousel__container container\">\n\t\t<div class=\"hero-carousel__content\">\n\t\t\t\n\t\t\t\t\t\t\t<h2>Comencemos algo bueno.\u2122<\/h2>\n\t\t\t\n\t\t\t\n\t\t\t<p>Los productos que te encantan, con sabores que te hacen agua la boca; es por eso que Campbell\u2019s\u00ae est\u00e1 en tu cocina.<\/p><p>\u00a1Vamos a cocinar! <\/p>\n\t\t\t\t\t\t\t<div class=\"wp-block-button\">\n\t\t\t\t\t<a href=\"https:\/\/www.campbells.com\/mx\/productos\" class=\"wp-block-button__link\">\n\t\t\t\t\t\tVer todos los productos\t\t\t\t\t<\/a>\n\t\t\t\t<\/div>\n\t\t\t\t\t<\/div>\n\t<\/div>\n<\/div>\n<!-- \/.hero-carousel__slide -->\n\n\t<\/div>\n\t<!-- \/.hero-carousel__slider -->\n<\/div>\n<!-- \/.hero-carousel -->\n\n\n<div class=\"product-lines\">\n\t\t\t<h2 class=\"aligncenter\">Nuestras marcas<\/h2>\n\t\n\t\n\t\t\t<ul class=\"product-lines__grid\">\n\t\t\t\t\t\t\t<li class=\"product-lines__item\" >\n\t\t\t\t\t<a href=\"https:\/\/www.campbells.com\/mx\/sopas-condensadas\/\">\n\t\t\t\t\t\t<img width=\"135\" height=\"105\" class=\"attachment-medium size-medium lazyload\" alt=\"\" decoding=\"async\" data-src=\"https:\/\/www.campbells.com\/mx\/wp-content\/uploads\/2020\/07\/Condensed.png\" \/>\t\t\t\t\t\t\t\t\t\t\t\t\t<span class=\"screen-reader-text\">\n\t\t\t\t\t\t\t\t\t\t\t\t\tSopas condensadas\t\t\t\t\t\t\t\t\t\t\t\t\t<\/span>\n\t\t\t\t\t\t\t\t\t\t\t<\/a>\n\t\t\t\t<\/li>\n\t\t\t\t\t\t\t<li class=\"product-lines__item\" >\n\t\t\t\t\t<a href=\"https:\/\/www.campbells.com\/mx\/sopas-chunky\/\">\n\t\t\t\t\t\t<img width=\"135\" height=\"105\" class=\"attachment-medium size-medium lazyload\" alt=\"\" decoding=\"async\" data-src=\"https:\/\/www.campbells.com\/mx\/wp-content\/uploads\/2022\/06\/Chunky_Logo_2022.png\" \/>\t\t\t\t\t\t\t\t\t\t\t\t\t<span class=\"screen-reader-text\">\n\t\t\t\t\t\t\t\t\t\t\t\t\t<em>Chunky\u00ae<\/em>\t\t\t\t\t\t\t\t\t\t\t\t\t<\/span>\n\t\t\t\t\t\t\t\t\t\t\t<\/a>\n\t\t\t\t<\/li>\n\t\t\t\t\t<\/ul>\n\t\t<!-- \/.product-lines__grid -->\n\n\t\n\t<\/div>\n<!-- \/.product-lines -->\n\n\n\n<div\n\tclass=\"js-related-content related-content\"\n\tdata-autoplay=\"false\"\n\tdata-interval=\"5\"\n\tdata-items=\"5\"\n\t>\n\t\t<div class=\"related-content__background\">\n\t\t<img width=\"1986\" height=\"750\" class=\"related-content__image lazyload\" alt=\"\" decoding=\"async\" data-src=\"https:\/\/www.campbells.com\/mx\/wp-content\/uploads\/2020\/07\/RecipeBG.jpg\" data-srcset=\"https:\/\/www.campbells.com\/mx\/wp-content\/uploads\/2020\/07\/RecipeBG.jpg 1986w, https:\/\/www.campbells.com\/mx\/wp-content\/uploads\/2020\/07\/RecipeBG-300x113.jpg 300w, https:\/\/www.campbells.com\/mx\/wp-content\/uploads\/2020\/07\/RecipeBG-1024x387.jpg 1024w, https:\/\/www.campbells.com\/mx\/wp-content\/uploads\/2020\/07\/RecipeBG-768x290.jpg 768w, https:\/\/www.campbells.com\/mx\/wp-content\/uploads\/2020\/07\/RecipeBG-1536x580.jpg 1536w, https:\/\/www.campbells.com\/mx\/wp-content\/uploads\/2020\/07\/RecipeBG-214x81.jpg 214w, https:\/\/www.campbells.com\/mx\/wp-content\/uploads\/2020\/07\/RecipeBG-428x162.jpg 428w, https:\/\/www.campbells.com\/mx\/wp-content\/uploads\/2020\/07\/RecipeBG-1106x418.jpg 1106w, https:\/\/www.campbells.com\/mx\/wp-content\/uploads\/2020\/07\/RecipeBG-712x269.jpg 712w, https:\/\/www.campbells.com\/mx\/wp-content\/uploads\/2020\/07\/RecipeBG-553x209.jpg 553w, https:\/\/www.campbells.com\/mx\/wp-content\/uploads\/2020\/07\/RecipeBG-356x134.jpg 356w, https:\/\/www.campbells.com\/mx\/wp-content\/uploads\/2020\/07\/RecipeBG-260x98.jpg 260w\" data-sizes=\"(max-width: 1986px) 100vw, 1986px\" \/>\t<\/div>\n\t\n\t<div class=\"container\">\n\t\t\t\t\t<h2 class=\"related-content__title aligncenter\">Recetas f\u00e1ciles y reconfortantes<\/h2>\n\t\t\t\t\n\t\t\t\t\t<div class=\"related-content__description\">\n\t\t\t\t<p>\u00a1Toma una lata y prep\u00e1rate para crear! \u00a1Estas recetas r\u00e1pidas, f\u00e1ciles y deliciosas har\u00e1n que te encante la nueva imagen de Campbell&#8217;s!<\/p>\n\t\t\t<\/div>\n\t\t\n\t\t<ul class=\"related-content__slider\">\n\t\t\t\t\t\t\t\n\t\t\t\t\t<li class=\"related-content__item related-content__item-recipe\">\n\t\t\t\t\t\t<div class=\"recipe-card\">\n\t\t\t\t\t\t\t<a href=\"https:\/\/www.campbells.com\/mx\/recetas\/relleno-de-tinga-de-pollo\/\" class=\"recipe-card__link\">\n\t\t\t\t\t\t\t\t\t\t\t\t\t\t\t\t\t<div class=\"recipe-card__image\">\n\t\t\t\t\t\t\t\t\t<img width=\"712\" height=\"229\" class=\"attachment-ratio-4-3-l size-ratio-4-3-l lazyload\" alt=\"Image of the prepared Big Batch Chicken Tinga Filling recipe\" decoding=\"async\" data-src=\"https:\/\/www.campbells.com\/mx\/wp-content\/uploads\/2021\/07\/Big-Batch-Chicken-Tinga_1364-x-437-712x229.png\" data-srcset=\"https:\/\/www.campbells.com\/mx\/wp-content\/uploads\/2021\/07\/Big-Batch-Chicken-Tinga_1364-x-437-712x229.png 712w, https:\/\/www.campbells.com\/mx\/wp-content\/uploads\/2021\/07\/Big-Batch-Chicken-Tinga_1364-x-437-300x96.png 300w, https:\/\/www.campbells.com\/mx\/wp-content\/uploads\/2021\/07\/Big-Batch-Chicken-Tinga_1364-x-437-1024x329.png 1024w, https:\/\/www.campbells.com\/mx\/wp-content\/uploads\/2021\/07\/Big-Batch-Chicken-Tinga_1364-x-437-768x247.png 768w, https:\/\/www.campbells.com\/mx\/wp-content\/uploads\/2021\/07\/Big-Batch-Chicken-Tinga_1364-x-437-214x69.png 214w, https:\/\/www.campbells.com\/mx\/wp-content\/uploads\/2021\/07\/Big-Batch-Chicken-Tinga_1364-x-437-428x137.png 428w, https:\/\/www.campbells.com\/mx\/wp-content\/uploads\/2021\/07\/Big-Batch-Chicken-Tinga_1364-x-437-1106x355.png 1106w, https:\/\/www.campbells.com\/mx\/wp-content\/uploads\/2021\/07\/Big-Batch-Chicken-Tinga_1364-x-437-553x178.png 553w, https:\/\/www.campbells.com\/mx\/wp-content\/uploads\/2021\/07\/Big-Batch-Chicken-Tinga_1364-x-437-356x114.png 356w, https:\/\/www.campbells.com\/mx\/wp-content\/uploads\/2021\/07\/Big-Batch-Chicken-Tinga_1364-x-437-260x83.png 260w, https:\/\/www.campbells.com\/mx\/wp-content\/uploads\/2021\/07\/Big-Batch-Chicken-Tinga_1364-x-437.png 1364w\" data-sizes=\"(min-width: 64em) 20vw, 300px\" \/>\t\t\t\t\t\t\t\t\t<\/div>\n\t\t\t\t\t\t\t\t\t\t\t\t\t\t\t\t\t<div class=\"recipe-card__content\">\n\t\t\t\t\t\t\t\t\t<h3 class=\"recipe-card__title is-style-h4\">\n\t\t\t\t\t\t\t\t\t\tTinga de Pollo\t\t\t\t\t\t\t\t\t<\/h3>\n\t\t\t\t\t\t\t\t<\/div>\n\t\t\t\t\t\t\t<\/a>\n\t\t\t\t\t\t<\/div>\n\t\t\t\t\t<\/li>\n\n\t\t\t\t\t\n\t\t\t\t\t\t\t\n\t\t\t\t\t<li class=\"related-content__item related-content__item-recipe\">\n\t\t\t\t\t\t<div class=\"recipe-card\">\n\t\t\t\t\t\t\t<a href=\"https:\/\/www.campbells.com\/mx\/recetas\/pollo-con-esparragos-al-limon\/\" class=\"recipe-card__link\">\n\t\t\t\t\t\t\t\t\t\t\t\t\t\t\t\t\t<div class=\"recipe-card__image\">\n\t\t\t\t\t\t\t\t\t<img width=\"712\" height=\"228\" class=\"attachment-ratio-4-3-l size-ratio-4-3-l lazyload\" alt=\"Lemon Asparagus Chicken\" decoding=\"async\" data-src=\"https:\/\/www.campbells.com\/mx\/wp-content\/uploads\/2020\/06\/LemonAsparagusChicken-712x228.jpg\" data-srcset=\"https:\/\/www.campbells.com\/mx\/wp-content\/uploads\/2020\/06\/LemonAsparagusChicken-712x228.jpg 712w, https:\/\/www.campbells.com\/mx\/wp-content\/uploads\/2020\/06\/LemonAsparagusChicken-300x96.jpg 300w, https:\/\/www.campbells.com\/mx\/wp-content\/uploads\/2020\/06\/LemonAsparagusChicken-1024x329.jpg 1024w, https:\/\/www.campbells.com\/mx\/wp-content\/uploads\/2020\/06\/LemonAsparagusChicken-768x246.jpg 768w, https:\/\/www.campbells.com\/mx\/wp-content\/uploads\/2020\/06\/LemonAsparagusChicken-1536x493.jpg 1536w, https:\/\/www.campbells.com\/mx\/wp-content\/uploads\/2020\/06\/LemonAsparagusChicken-2048x657.jpg 2048w, https:\/\/www.campbells.com\/mx\/wp-content\/uploads\/2020\/06\/LemonAsparagusChicken-214x69.jpg 214w, https:\/\/www.campbells.com\/mx\/wp-content\/uploads\/2020\/06\/LemonAsparagusChicken-428x137.jpg 428w, https:\/\/www.campbells.com\/mx\/wp-content\/uploads\/2020\/06\/LemonAsparagusChicken-1106x355.jpg 1106w, https:\/\/www.campbells.com\/mx\/wp-content\/uploads\/2020\/06\/LemonAsparagusChicken-553x177.jpg 553w, https:\/\/www.campbells.com\/mx\/wp-content\/uploads\/2020\/06\/LemonAsparagusChicken-356x114.jpg 356w, https:\/\/www.campbells.com\/mx\/wp-content\/uploads\/2020\/06\/LemonAsparagusChicken-260x83.jpg 260w\" data-sizes=\"(min-width: 64em) 20vw, 300px\" \/>\t\t\t\t\t\t\t\t\t<\/div>\n\t\t\t\t\t\t\t\t\t\t\t\t\t\t\t\t\t<div class=\"recipe-card__content\">\n\t\t\t\t\t\t\t\t\t<h3 class=\"recipe-card__title is-style-h4\">\n\t\t\t\t\t\t\t\t\t\tPollo con esp\u00e1rragos al lim\u00f3n\t\t\t\t\t\t\t\t\t<\/h3>\n\t\t\t\t\t\t\t\t<\/div>\n\t\t\t\t\t\t\t<\/a>\n\t\t\t\t\t\t<\/div>\n\t\t\t\t\t<\/li>\n\n\t\t\t\t\t\n\t\t\t\t\t\t\t\n\t\t\t\t\t<li class=\"related-content__item related-content__item-recipe\">\n\t\t\t\t\t\t<div class=\"recipe-card\">\n\t\t\t\t\t\t\t<a href=\"https:\/\/www.campbells.com\/mx\/recetas\/green-bean-casserole-cazuela-de-ejotes-judias-verdes\/\" class=\"recipe-card__link\">\n\t\t\t\t\t\t\t\t\t\t\t\t\t\t\t\t\t<div class=\"recipe-card__image\">\n\t\t\t\t\t\t\t\t\t<img width=\"712\" height=\"188\" class=\"attachment-ratio-4-3-l size-ratio-4-3-l lazyload\" alt=\"\" decoding=\"async\" data-src=\"https:\/\/www.campbells.com\/mx\/wp-content\/uploads\/2020\/06\/ClassicGreenbeanCasserole_Collection_Hero-1-712x188.jpg\" data-srcset=\"https:\/\/www.campbells.com\/mx\/wp-content\/uploads\/2020\/06\/ClassicGreenbeanCasserole_Collection_Hero-1-712x188.jpg 712w, https:\/\/www.campbells.com\/mx\/wp-content\/uploads\/2020\/06\/ClassicGreenbeanCasserole_Collection_Hero-1-300x79.jpg 300w, https:\/\/www.campbells.com\/mx\/wp-content\/uploads\/2020\/06\/ClassicGreenbeanCasserole_Collection_Hero-1-1024x271.jpg 1024w, https:\/\/www.campbells.com\/mx\/wp-content\/uploads\/2020\/06\/ClassicGreenbeanCasserole_Collection_Hero-1-768x203.jpg 768w, https:\/\/www.campbells.com\/mx\/wp-content\/uploads\/2020\/06\/ClassicGreenbeanCasserole_Collection_Hero-1-1536x406.jpg 1536w, https:\/\/www.campbells.com\/mx\/wp-content\/uploads\/2020\/06\/ClassicGreenbeanCasserole_Collection_Hero-1-2048x541.jpg 2048w, https:\/\/www.campbells.com\/mx\/wp-content\/uploads\/2020\/06\/ClassicGreenbeanCasserole_Collection_Hero-1-214x57.jpg 214w, https:\/\/www.campbells.com\/mx\/wp-content\/uploads\/2020\/06\/ClassicGreenbeanCasserole_Collection_Hero-1-428x113.jpg 428w, https:\/\/www.campbells.com\/mx\/wp-content\/uploads\/2020\/06\/ClassicGreenbeanCasserole_Collection_Hero-1-1106x292.jpg 1106w, https:\/\/www.campbells.com\/mx\/wp-content\/uploads\/2020\/06\/ClassicGreenbeanCasserole_Collection_Hero-1-553x146.jpg 553w, https:\/\/www.campbells.com\/mx\/wp-content\/uploads\/2020\/06\/ClassicGreenbeanCasserole_Collection_Hero-1-356x94.jpg 356w, https:\/\/www.campbells.com\/mx\/wp-content\/uploads\/2020\/06\/ClassicGreenbeanCasserole_Collection_Hero-1-260x69.jpg 260w\" data-sizes=\"(min-width: 64em) 20vw, 300px\" \/>\t\t\t\t\t\t\t\t\t<\/div>\n\t\t\t\t\t\t\t\t\t\t\t\t\t\t\t\t\t<div class=\"recipe-card__content\">\n\t\t\t\t\t\t\t\t\t<h3 class=\"recipe-card__title is-style-h4\">\n\t\t\t\t\t\t\t\t\t\tGreen Bean Casserole (Cazuela de ejotes)\t\t\t\t\t\t\t\t\t<\/h3>\n\t\t\t\t\t\t\t\t<\/div>\n\t\t\t\t\t\t\t<\/a>\n\t\t\t\t\t\t<\/div>\n\t\t\t\t\t<\/li>\n\n\t\t\t\t\t\n\t\t\t\t\t\t\t\n\t\t\t\t\t<li class=\"related-content__item related-content__item-recipe\">\n\t\t\t\t\t\t<div class=\"recipe-card\">\n\t\t\t\t\t\t\t<a href=\"https:\/\/www.campbells.com\/mx\/recetas\/stroganoff-de-res\/\" class=\"recipe-card__link\">\n\t\t\t\t\t\t\t\t\t\t\t\t\t\t\t\t\t<div class=\"recipe-card__image\">\n\t\t\t\t\t\t\t\t\t<img width=\"712\" height=\"228\" class=\"attachment-ratio-4-3-l size-ratio-4-3-l lazyload\" alt=\"Beef Stroganoff\" decoding=\"async\" data-src=\"https:\/\/www.campbells.com\/mx\/wp-content\/uploads\/2020\/06\/BeefStroganoff_Recipe_Hero-712x228.jpg\" data-srcset=\"https:\/\/www.campbells.com\/mx\/wp-content\/uploads\/2020\/06\/BeefStroganoff_Recipe_Hero-712x228.jpg 712w, https:\/\/www.campbells.com\/mx\/wp-content\/uploads\/2020\/06\/BeefStroganoff_Recipe_Hero-300x96.jpg 300w, https:\/\/www.campbells.com\/mx\/wp-content\/uploads\/2020\/06\/BeefStroganoff_Recipe_Hero-1024x329.jpg 1024w, https:\/\/www.campbells.com\/mx\/wp-content\/uploads\/2020\/06\/BeefStroganoff_Recipe_Hero-768x246.jpg 768w, https:\/\/www.campbells.com\/mx\/wp-content\/uploads\/2020\/06\/BeefStroganoff_Recipe_Hero-1536x493.jpg 1536w, https:\/\/www.campbells.com\/mx\/wp-content\/uploads\/2020\/06\/BeefStroganoff_Recipe_Hero-2048x657.jpg 2048w, https:\/\/www.campbells.com\/mx\/wp-content\/uploads\/2020\/06\/BeefStroganoff_Recipe_Hero-214x69.jpg 214w, https:\/\/www.campbells.com\/mx\/wp-content\/uploads\/2020\/06\/BeefStroganoff_Recipe_Hero-428x137.jpg 428w, https:\/\/www.campbells.com\/mx\/wp-content\/uploads\/2020\/06\/BeefStroganoff_Recipe_Hero-1106x355.jpg 1106w, https:\/\/www.campbells.com\/mx\/wp-content\/uploads\/2020\/06\/BeefStroganoff_Recipe_Hero-553x177.jpg 553w, https:\/\/www.campbells.com\/mx\/wp-content\/uploads\/2020\/06\/BeefStroganoff_Recipe_Hero-356x114.jpg 356w, https:\/\/www.campbells.com\/mx\/wp-content\/uploads\/2020\/06\/BeefStroganoff_Recipe_Hero-260x83.jpg 260w\" data-sizes=\"(min-width: 64em) 20vw, 300px\" \/>\t\t\t\t\t\t\t\t\t<\/div>\n\t\t\t\t\t\t\t\t\t\t\t\t\t\t\t\t\t<div class=\"recipe-card__content\">\n\t\t\t\t\t\t\t\t\t<h3 class=\"recipe-card__title is-style-h4\">\n\t\t\t\t\t\t\t\t\t\tStroganoff de res\t\t\t\t\t\t\t\t\t<\/h3>\n\t\t\t\t\t\t\t\t<\/div>\n\t\t\t\t\t\t\t<\/a>\n\t\t\t\t\t\t<\/div>\n\t\t\t\t\t<\/li>\n\n\t\t\t\t\t\n\t\t\t\t\t<\/ul>\n\n\t\t\t\t\t<div class=\"wp-block-button aligncenter\">\n\t\t\t\t<a\n\t\t\t\t\thref=\"https:\/\/www.campbells.com\/mx\/recetas\/\"\n\t\t\t\t\tclass=\"wp-block-button__link is-style-outline-light\"\n\t\t\t\t\t\t\t\t\t>\n\t\t\t\t\tVer todas las recetas\t\t\t\t<\/a>\n\t\t\t<\/div>\n\t\t\t<\/div>\n<\/div>\n\n\n\n<div class=\"is-layout-flex wp-container-4 wp-block-columns are-vertically-aligned-center has-white-background-color has-background\">\n<div class=\"is-layout-flow wp-block-column is-vertically-aligned-center\"><div class=\"wp-block-image\">\n<figure class=\"aligncenter size-full\"><img decoding=\"async\" width=\"601\" height=\"665\" src=\"https:\/\/www.campbells.com\/mx\/wp-content\/uploads\/2023\/04\/Condensed-Can-Wordmark-es-601x665-compressed.png\" alt=\"\" class=\"wp-image-10498\" srcset=\"https:\/\/www.campbells.com\/mx\/wp-content\/uploads\/2023\/04\/Condensed-Can-Wordmark-es-601x665-compressed.png 601w, https:\/\/www.campbells.com\/mx\/wp-content\/uploads\/2023\/04\/Condensed-Can-Wordmark-es-601x665-compressed-271x300.png 271w, https:\/\/www.campbells.com\/mx\/wp-content\/uploads\/2023\/04\/Condensed-Can-Wordmark-es-601x665-compressed-214x237.png 214w, https:\/\/www.campbells.com\/mx\/wp-content\/uploads\/2023\/04\/Condensed-Can-Wordmark-es-601x665-compressed-428x474.png 428w, https:\/\/www.campbells.com\/mx\/wp-content\/uploads\/2023\/04\/Condensed-Can-Wordmark-es-601x665-compressed-483x534.png 483w, https:\/\/www.campbells.com\/mx\/wp-content\/uploads\/2023\/04\/Condensed-Can-Wordmark-es-601x665-compressed-375x415.png 375w, https:\/\/www.campbells.com\/mx\/wp-content\/uploads\/2023\/04\/Condensed-Can-Wordmark-es-601x665-compressed-241x267.png 241w, https:\/\/www.campbells.com\/mx\/wp-content\/uploads\/2023\/04\/Condensed-Can-Wordmark-es-601x665-compressed-176x195.png 176w\" sizes=\"(max-width: 601px) 100vw, 601px\" \/><\/figure><\/div><\/div>\n\n\n\n<div class=\"is-layout-flow wp-block-column is-vertically-aligned-center\">\n<h2 class=\"\">Nuestra sopa viene con una historia<\/h2>\n\n\n\n<p class=\"\">Simplemente quita la tapa y encontrar\u00e1s las respuestas a las preguntas que tengas en la cocina. \u00bfAlgo f\u00e1cil?&nbsp;\u00bfAlgo&nbsp;delicioso para toda la familia?&nbsp;Conservamos la calidad que amas, pero actualizamos nuestra etiqueta con una nueva imagen para una era moderna.&nbsp;Es el mismo sabor de <em>Campbell\u2019s<\/em>\u00ae que amas, como nunca antes lo has visto.<\/p>\n\n\n\n<div class=\"is-layout-flex wp-block-buttons\">\n<div class=\"wp-block-button is-style-outline\"><a class=\"wp-block-button__link wp-element-button\" href=\"https:\/\/www.campbells.com\/mx\/preguntas-frecuentes\/\">Acerca de nosotros<\/a><\/div>\n<\/div>\n<\/div>\n<\/div>\n\n\n\n<p class=\"\"><\/p>\n","protected":false},"excerpt":{"rendered":"<p>Nuestra sopa viene con una historia Simplemente quita la tapa y encontrar\u00e1s las respuestas a las preguntas que tengas en la cocina. \u00bfAlgo f\u00e1cil?&nbsp;\u00bfAlgo&nbsp;delicioso para toda la familia?&nbsp;Conservamos la calidad que amas, pero actualizamos nuestra etiqueta con una nueva imagen para una era moderna.&nbsp;Es el mismo sabor de Campbell\u2019s\u00ae que amas, como nunca antes lo [&hellip;]<\/p>\n","protected":false},"author":1,"featured_media":0,"parent":0,"menu_order":0,"comment_status":"closed","ping_status":"closed","template":"","meta":[],"acf":[],"yoast_head":"<!-- This site is optimized with the Yoast SEO plugin v20.13 - https:\/\/yoast.com\/wordpress\/plugins\/seo\/ -->\n<title>Quality Soups, Sauces, Food &amp; Recipes - Campbell&#039;s Mexico<\/title>\n<meta name=\"description\" content=\"For generations, people have trusted Campbell&#039;s Soup to provide authentic, flavorful and readily available soups, meals, and recipes. Learn more today!\" \/>\n<meta name=\"robots\" content=\"index, follow, max-snippet:-1, max-image-preview:large, max-video-preview:-1\" \/>\n<link rel=\"canonical\" href=\"https:\/\/www.campbells.com\/mx\/\" \/>\n<meta property=\"og:locale\" content=\"es_MX\" \/>\n<meta property=\"og:type\" content=\"article\" \/>\n<meta property=\"og:title\" content=\"Quality Soups, Sauces, Food &amp; Recipes - Campbell&#039;s Mexico\" \/>\n<meta property=\"og:description\" content=\"For generations, people have trusted Campbell&#039;s Soup to provide authentic, flavorful and readily available soups, meals, and recipes. Learn more today!\" \/>\n<meta property=\"og:url\" content=\"https:\/\/www.campbells.com\/mx\/\" \/>\n<meta property=\"og:site_name\" content=\"Campbell&#039;s Mexico\" \/>\n<meta property=\"article:publisher\" content=\"https:\/\/www.facebook.com\/campbellsMex\/\" \/>\n<meta property=\"article:modified_time\" content=\"2023-05-04T14:12:49+00:00\" \/>\n<meta property=\"og:image\" content=\"https:\/\/www.campbells.com\/mx\/wp-content\/uploads\/2023\/04\/Condensed-Can-Wordmark-es-601x665-compressed.png\" \/>\n<meta name=\"twitter:card\" content=\"summary_large_image\" \/>\n<script type=\"application\/ld+json\" class=\"yoast-schema-graph\">{\"@context\":\"https:\/\/schema.org\",\"@graph\":[{\"@type\":\"WebPage\",\"@id\":\"https:\/\/www.campbells.com\/mx\/\",\"url\":\"https:\/\/www.campbells.com\/mx\/\",\"name\":\"Quality Soups, Sauces, Food & Recipes - Campbell&#039;s Mexico\",\"isPartOf\":{\"@id\":\"https:\/\/www.campbells.com\/mx\/#website\"},\"datePublished\":\"2020-05-07T18:59:02+00:00\",\"dateModified\":\"2023-05-04T14:12:49+00:00\",\"description\":\"For generations, people have trusted Campbell's Soup to provide authentic, flavorful and readily available soups, meals, and recipes. Learn more today!\",\"inLanguage\":\"es-MX\",\"potentialAction\":[{\"@type\":\"ReadAction\",\"target\":[\"https:\/\/www.campbells.com\/mx\/\"]}]},{\"@type\":\"WebSite\",\"@id\":\"https:\/\/www.campbells.com\/mx\/#website\",\"url\":\"https:\/\/www.campbells.com\/mx\/\",\"name\":\"Campbell&#039;s Mexico\",\"description\":\"\",\"potentialAction\":[{\"@type\":\"SearchAction\",\"target\":{\"@type\":\"EntryPoint\",\"urlTemplate\":\"https:\/\/www.campbells.com\/mx\/buscar\/?query={search_term_string}\"},\"query-input\":\"required name=search_term_string\"}],\"inLanguage\":\"es-MX\"}]}<\/script>\n<!-- \/ Yoast SEO plugin. -->","yoast_head_json":{"title":"Quality Soups, Sauces, Food & Recipes - Campbell&#039;s Mexico","description":"For generations, people have trusted Campbell's Soup to provide authentic, flavorful and readily available soups, meals, and recipes. Learn more today!","robots":{"index":"index","follow":"follow","max-snippet":"max-snippet:-1","max-image-preview":"max-image-preview:large","max-video-preview":"max-video-preview:-1"},"canonical":"https:\/\/www.campbells.com\/mx\/","og_locale":"es_MX","og_type":"article","og_title":"Quality Soups, Sauces, Food & Recipes - Campbell&#039;s Mexico","og_description":"For generations, people have trusted Campbell's Soup to provide authentic, flavorful and readily available soups, meals, and recipes. Learn more today!","og_url":"https:\/\/www.campbells.com\/mx\/","og_site_name":"Campbell&#039;s Mexico","article_publisher":"https:\/\/www.facebook.com\/campbellsMex\/","article_modified_time":"2023-05-04T14:12:49+00:00","og_image":[{"url":"https:\/\/www.campbells.com\/mx\/wp-content\/uploads\/2023\/04\/Condensed-Can-Wordmark-es-601x665-compressed.png"}],"twitter_card":"summary_large_image","schema":{"@context":"https:\/\/schema.org","@graph":[{"@type":"WebPage","@id":"https:\/\/www.campbells.com\/mx\/","url":"https:\/\/www.campbells.com\/mx\/","name":"Quality Soups, Sauces, Food & Recipes - Campbell&#039;s Mexico","isPartOf":{"@id":"https:\/\/www.campbells.com\/mx\/#website"},"datePublished":"2020-05-07T18:59:02+00:00","dateModified":"2023-05-04T14:12:49+00:00","description":"For generations, people have trusted Campbell's Soup to provide authentic, flavorful and readily available soups, meals, and recipes. Learn more today!","inLanguage":"es-MX","potentialAction":[{"@type":"ReadAction","target":["https:\/\/www.campbells.com\/mx\/"]}]},{"@type":"WebSite","@id":"https:\/\/www.campbells.com\/mx\/#website","url":"https:\/\/www.campbells.com\/mx\/","name":"Campbell&#039;s Mexico","description":"","potentialAction":[{"@type":"SearchAction","target":{"@type":"EntryPoint","urlTemplate":"https:\/\/www.campbells.com\/mx\/buscar\/?query={search_term_string}"},"query-input":"required name=search_term_string"}],"inLanguage":"es-MX"}]}},"_links":{"self":[{"href":"https:\/\/www.campbells.com\/mx\/wp-json\/wp\/v2\/pages\/322"}],"collection":[{"href":"https:\/\/www.campbells.com\/mx\/wp-json\/wp\/v2\/pages"}],"about":[{"href":"https:\/\/www.campbells.com\/mx\/wp-json\/wp\/v2\/types\/page"}],"author":[{"embeddable":true,"href":"https:\/\/www.campbells.com\/mx\/wp-json\/wp\/v2\/users\/1"}],"replies":[{"embeddable":true,"href":"https:\/\/www.campbells.com\/mx\/wp-json\/wp\/v2\/comments?post=322"}],"version-history":[{"count":0,"href":"https:\/\/www.campbells.com\/mx\/wp-json\/wp\/v2\/pages\/322\/revisions"}],"wp:attachment":[{"href":"https:\/\/www.campbells.com\/mx\/wp-json\/wp\/v2\/media?parent=322"}],"curies":[{"name":"wp","href":"https:\/\/api.w.org\/{rel}","templated":true}]}}