{"id":9676,"date":"2022-10-06T18:48:27","date_gmt":"2022-10-06T18:48:27","guid":{"rendered":"https:\/\/www.campbells.com\/mx\/?page_id=9676"},"modified":"2023-01-03T13:23:52","modified_gmt":"2023-01-03T13:23:52","slug":"salsas-gravies","status":"publish","type":"page","link":"https:\/\/www.campbells.com\/mx\/salsas-gravies\/","title":{"rendered":"Salsas (gravies)"},"content":{"rendered":"<div\n\tclass=\"js-product-line-hero product-line-hero\"\n\tdata-autoplay=\"true\"\n\tdata-interval=\"3\"\n\t style=\"background-image: url(https:\/\/www.campbells.com\/mx\/wp-content\/uploads\/2021\/07\/background-lis-gradient.png);\">\n\n\t<div class=\"product-line-hero__inner\">\n\n\t\t\t\t<div class=\"product-line-hero__logo\">\n\t\t\t<img width=\"400\" height=\"276\" class=\"attachment-full size-full lazyload\" alt=\"Campbells Logo\" decoding=\"async\" data-src=\"https:\/\/www.campbells.com\/mx\/wp-content\/uploads\/2020\/07\/Campbells-Logo-PLL.png\" data-srcset=\"https:\/\/www.campbells.com\/mx\/wp-content\/uploads\/2020\/07\/Campbells-Logo-PLL.png 400w, https:\/\/www.campbells.com\/mx\/wp-content\/uploads\/2020\/07\/Campbells-Logo-PLL-300x207.png 300w, https:\/\/www.campbells.com\/mx\/wp-content\/uploads\/2020\/07\/Campbells-Logo-PLL-214x148.png 214w, https:\/\/www.campbells.com\/mx\/wp-content\/uploads\/2020\/07\/Campbells-Logo-PLL-356x246.png 356w, https:\/\/www.campbells.com\/mx\/wp-content\/uploads\/2020\/07\/Campbells-Logo-PLL-260x179.png 260w\" data-sizes=\"(min-width: 64em) 345px, 178px\" \/>\t\t<\/div>\n\t\t\n\t\t<h1 style=\"color: #ffffff\";>\n\t\t\tSalsas (gravies)\t\t<\/h1>\n\n\t\t\t\t<div class=\"product-line-hero__cta\">\n\t\t\t<div class=\"wp-block-button is-style-light\">\n\t\t\t\t<a\n\t\t\t\t\thref=\"https:\/\/www.campbells.com\/mx\/productos\/\/?csc_product_line=salsas-gravies&#038;orderby=asc\"\n\t\t\t\t\tclass=\"wp-block-button__link\"\n\t\t\t\t\t\t\t\t\t>\n\t\t\t\t\tVer todas las sopas\t\t\t\t<\/a>\n\t\t\t<\/div>\n\t\t<\/div>\n\t\t\n\t<\/div>\n\t<!-- \/.product-line-hero__inner -->\n\n\t<div class=\"product-line-hero__slider-wrapper\">\n\t\t<div class=\"product-line-hero__slider\">\n\n\t\t\t\t\t\t\t<div class=\"product-line-hero__slide\">\n\t\t\t\t\t<a href=\"https:\/\/www.campbells.com\/mx\/products\/salsas-gravies\/gravy-de-pavo\/\">\n\t\t\t\t\t\t<img decoding=\"async\" src=\"https:\/\/www.campbells.com\/mx\/wp-content\/uploads\/2022\/09\/051000025548_1-214x214.png\" alt=\"Gravy de Pavo\"srcset=\"https:\/\/www.campbells.com\/mx\/wp-content\/uploads\/2022\/09\/051000025548_1-214x214.png 1x, https:\/\/www.campbells.com\/mx\/wp-content\/uploads\/2022\/09\/051000025548_1-428x428.png 2x\" \/>\t\t\t\t\t\t<span class=\"screen-reader-text\">\n\t\t\t\t\t\t\tGravy de Pavo\t\t\t\t\t\t<\/span>\n\t\t\t\t\t<\/a>\n\t\t\t\t<\/div>\n\t\t\t\t\t\t\t\t<div class=\"product-line-hero__slide\">\n\t\t\t\t\t<a href=\"https:\/\/www.campbells.com\/mx\/products\/salsas-gravies\/gravy-de-champinon\/\">\n\t\t\t\t\t\t<img decoding=\"async\" src=\"https:\/\/www.campbells.com\/mx\/wp-content\/uploads\/2022\/09\/051000025555_1-214x214.png\" alt=\"Gravy de Champi\u00f1\u00f3n\"srcset=\"https:\/\/www.campbells.com\/mx\/wp-content\/uploads\/2022\/09\/051000025555_1-214x214.png 1x, https:\/\/www.campbells.com\/mx\/wp-content\/uploads\/2022\/09\/051000025555_1-428x428.png 2x\" \/>\t\t\t\t\t\t<span class=\"screen-reader-text\">\n\t\t\t\t\t\t\tGravy de Champi\u00f1\u00f3n\t\t\t\t\t\t<\/span>\n\t\t\t\t\t<\/a>\n\t\t\t\t<\/div>\n\t\t\t\t\t\t\t\t<div class=\"product-line-hero__slide\">\n\t\t\t\t\t<a href=\"https:\/\/www.campbells.com\/mx\/products\/salsas-gravies\/gravy-de-pollo\/\">\n\t\t\t\t\t\t<img decoding=\"async\" src=\"https:\/\/www.campbells.com\/mx\/wp-content\/uploads\/2022\/09\/051000025777_1-214x214.png\" alt=\"Gravy de Pollo\"srcset=\"https:\/\/www.campbells.com\/mx\/wp-content\/uploads\/2022\/09\/051000025777_1-214x214.png 1x, https:\/\/www.campbells.com\/mx\/wp-content\/uploads\/2022\/09\/051000025777_1-428x428.png 2x\" \/>\t\t\t\t\t\t<span class=\"screen-reader-text\">\n\t\t\t\t\t\t\tGravy de Pollo\t\t\t\t\t\t<\/span>\n\t\t\t\t\t<\/a>\n\t\t\t\t<\/div>\n\t\t\t\t\n\t\t<\/div>\n\t\t<!-- \/.product-line-hero__slider -->\n\t<\/div>\n\t<!-- \/.product-line-hero__slider-wrapper -->\n\n\t<div class=\"product-line-hero__footer\">\n\t\t\t\t<div class=\"wp-block-button\">\n\t\t\t<a\n\t\t\t\thref=\"https:\/\/www.campbells.com\/mx\/productos\/\/?csc_product_line=salsas-gravies&#038;orderby=asc\"\n\t\t\t\tclass=\"wp-block-button__link is-style-fill-light\"\n\t\t\t\t\t\t\t>\n\t\t\t\tVer todas las sopas\t\t\t<\/a>\n\t\t<\/div>\n\t\t\t<\/div>\n\n<\/div>\n\n\n\n<div class=\"is-layout-flow wp-block-group is-style-narrow-content mt-xlarge mb-xlarge\"><div class=\"wp-block-group__inner-container\">\n<h2 class=\"has-text-align-center is-style-h4 mb-zero\">M\u2019m! M\u2019m Good!\u00ae<\/h2>\n\n\n\n<h2 class=\"has-text-align-center mt-zero mb-zero\">INSPIRATE A CREAR<\/h2>\n\n\n\n<p class=\"has-text-align-center mt-zero\"><\/p>\n<\/div><\/div>\n\n\n\n<div class=\"product-list\">\n\n\t<h3>\n\t\t\t\t\tTodas las salsas tipo gravy\t\t\n\t\t\t<\/h3>\n\n\t\n\t<ul class=\"product-list__grid product-list__grid-951874f7-ac75-4ed8-95b0-e402f56b9796 product-list__grid-of-6 \">\n\t\t\n<li class=\"product-list__item\">\n\t<a href=\"https:\/\/www.campbells.com\/mx\/products\/salsas-gravies\/gravy-de-pavo\/\">\n\t\t<img decoding=\"async\" src=\"https:\/\/www.campbells.com\/mx\/wp-content\/uploads\/2022\/09\/051000025548_1-300x300.png\" alt=\"Gravy de Pavo\" \/>\t\t<h3>\n\t\t\tGravy de Pavo\t\t<\/h3>\n\t<\/a>\n<\/li>\n\n<li class=\"product-list__item\">\n\t<a href=\"https:\/\/www.campbells.com\/mx\/products\/salsas-gravies\/gravy-de-champinon\/\">\n\t\t<img decoding=\"async\" src=\"https:\/\/www.campbells.com\/mx\/wp-content\/uploads\/2022\/09\/051000025555_1-300x300.png\" alt=\"Gravy de Champi\u00f1\u00f3n\" \/>\t\t<h3>\n\t\t\tGravy de Champi\u00f1\u00f3n\t\t<\/h3>\n\t<\/a>\n<\/li>\n\n<li class=\"product-list__item\">\n\t<a href=\"https:\/\/www.campbells.com\/mx\/products\/salsas-gravies\/gravy-de-pollo\/\">\n\t\t<img decoding=\"async\" src=\"https:\/\/www.campbells.com\/mx\/wp-content\/uploads\/2022\/09\/051000025777_1-300x300.png\" alt=\"Gravy de Pollo\" \/>\t\t<h3>\n\t\t\tGravy de Pollo\t\t<\/h3>\n\t<\/a>\n<\/li>\n\t<\/ul>\n\n\t<div class=\"wp-block-button aligncenter mb-xsmall\">\n\t\t\n\t\t<button\n\t\t\tclass=\"wp-block-button__link is-style-outline js-product-list-load-more\"\n\t\t\tdata-target=\".product-list__grid-951874f7-ac75-4ed8-95b0-e402f56b9796\"\n\t\t\t\t\t\tdata-exclude=\"9576,9567,9558\"\n\t\t\t\t\t\t\t\t\tdata-taxonomies=\"{&quot;csc_product_line&quot;:&quot;salsas-gravies&quot;}\"\n\t\t\t\t\t\t\t\t\tdata-per-page=\"6\"\n\t\t\t\t\t\t\t\t\tstyle=\"\"\n\t\t>\n\t\t\tMostrar m\u00e1s\t\t<\/button>\n\t<\/div>\n\n\t\t\t<div class=\"wp-block-button aligncenter\">\n\t\t\t<a\n\t\t\t\thref=\"https:\/\/www.campbells.com\/mx\/productos\/\/?csc_product_line=salsas-gravies&#038;orderby=asc\"\n\t\t\t\tclass=\"wp-block-button__link is-style-outline\"\n\t\t\t\t\t\t\t>\n\t\t\t\tVer todas las sopas Salsas (gravies)\t\t\t<\/a>\n\t\t<\/div>\n\t\n<\/div>\n\n\n\n<div\n\tclass=\"csc-content-callout is-style-short is-style-contain  align-right mt-medium mb-medium\"\n\t style=\"background-color: #cf9c3c;\">\n\t\t\t<img width=\"733\" height=\"645\" class=\"csc-content-callout__image lazyload\" alt=\"\" decoding=\"async\" data-src=\"https:\/\/www.campbells.com\/mx\/wp-content\/uploads\/2020\/07\/Condensed_IngredientFeature-CF9C3C.png\" data-srcset=\"https:\/\/www.campbells.com\/mx\/wp-content\/uploads\/2020\/07\/Condensed_IngredientFeature-CF9C3C.png 733w, https:\/\/www.campbells.com\/mx\/wp-content\/uploads\/2020\/07\/Condensed_IngredientFeature-CF9C3C-300x264.png 300w, https:\/\/www.campbells.com\/mx\/wp-content\/uploads\/2020\/07\/Condensed_IngredientFeature-CF9C3C-214x188.png 214w, https:\/\/www.campbells.com\/mx\/wp-content\/uploads\/2020\/07\/Condensed_IngredientFeature-CF9C3C-428x377.png 428w, https:\/\/www.campbells.com\/mx\/wp-content\/uploads\/2020\/07\/Condensed_IngredientFeature-CF9C3C-607x534.png 607w, https:\/\/www.campbells.com\/mx\/wp-content\/uploads\/2020\/07\/Condensed_IngredientFeature-CF9C3C-472x415.png 472w, https:\/\/www.campbells.com\/mx\/wp-content\/uploads\/2020\/07\/Condensed_IngredientFeature-CF9C3C-303x267.png 303w, https:\/\/www.campbells.com\/mx\/wp-content\/uploads\/2020\/07\/Condensed_IngredientFeature-CF9C3C-222x195.png 222w\" data-sizes=\"(max-width: 733px) 100vw, 733px\" \/>\t\t\t<div class=\"csc-content-callout__inner\">\n\t\t\n\n<h2 class=\"\">La calidad es el primer ingrediente<\/h2>\n\n\n\n<p class=\"\">Cuando se trata de calidad, Campbell\u2019s\u00ae no espera que se comprometa. Actualizamos nuestra imagen, pero mantuvimos el mismo gran sabor que te encanta y en el que conf\u00edas. Prueba y desubre por ti mismo.<\/p>\n\n\n\n<div class=\"is-layout-flex wp-block-buttons\">\n<div class=\"wp-block-button\"><a class=\"wp-block-button__link wp-element-button\" href=\"https:\/\/www.campbells.com\/mx\/ingredientes\/\">Descubre que hay dentro<\/a><\/div>\n<\/div>\n\n\t<\/div>\n<\/div>\n\n\n\n<div class=\"accordion csc-accordion\">\n\t\n\n<button class=\"accordion-header\" type=\"button\">\n\tInformaci\u00f3n General<\/button>\n\n<div class=\"accordion-content\">\n\t\n\n<div class=\"faq-block\">\n\n\t\n\t\n\t\n\t<\/div>\n\n\n\n<div class=\"faq-block\">\n\n\t\n\t\n\t\t\t<div class=\"accordion faq-accordion\">\n\t\t\t\t\t\t\t<button class=\"accordion-header\" type=\"button\">\n\t\t\t\t\t\u00bfLas sopas Campbell&#8217;s\u00ae contienen conservadores?\t\t\t\t\t<span aria-hidden=\"true\" class=\"state-expanded\"><\/span>\n\t\t\t\t\t<span aria-hidden=\"true\" class=\"state-closed\"><\/span>\n\t\t\t\t<\/button>\n\t\t\t\t<div class=\"accordion-content\">\n\t\t\t\t\t<h2 class=\"screen-reader-text\">\n\t\t\t\t\t\t\u00bfLas sopas Campbell&#8217;s\u00ae contienen conservadores?\t\t\t\t\t<\/h2>\n\t\t\t\t\tNo contienen conservadores. Si tienes alguna duda en espec\u00edfico, puedes revisar la etiqueta de los ingredientes al reverso del empaque o lata para obtener m\u00e1s informaci\u00f3n.\t\t\t\t\t\t\t\t\t<\/div>\n\t\t\t\t\t\t\t<button class=\"accordion-header\" type=\"button\">\n\t\t\t\t\t\u00bfLas sopas Campbell\u00b4s\u00ae contienen colorantes y sabores artificiales?\t\t\t\t\t<span aria-hidden=\"true\" class=\"state-expanded\"><\/span>\n\t\t\t\t\t<span aria-hidden=\"true\" class=\"state-closed\"><\/span>\n\t\t\t\t<\/button>\n\t\t\t\t<div class=\"accordion-content\">\n\t\t\t\t\t<h2 class=\"screen-reader-text\">\n\t\t\t\t\t\t\u00bfLas sopas Campbell\u00b4s\u00ae contienen colorantes y sabores artificiales?\t\t\t\t\t<\/h2>\n\t\t\t\t\tPara aquellos productos que contienen colores, sabores artificiales; siempre se enlistan y se indican en el etiquetado de alimentos.\t\t\t\t\t\t\t\t\t<\/div>\n\t\t\t\t\t\t\t<button class=\"accordion-header\" type=\"button\">\n\t\t\t\t\t\u00bfC\u00f3mo cocino las sopas Campbell&#8217;s\u00ae en la estufa?\t\t\t\t\t<span aria-hidden=\"true\" class=\"state-expanded\"><\/span>\n\t\t\t\t\t<span aria-hidden=\"true\" class=\"state-closed\"><\/span>\n\t\t\t\t<\/button>\n\t\t\t\t<div class=\"accordion-content\">\n\t\t\t\t\t<h2 class=\"screen-reader-text\">\n\t\t\t\t\t\t\u00bfC\u00f3mo cocino las sopas Campbell&#8217;s\u00ae en la estufa?\t\t\t\t\t<\/h2>\n\t\t\t\t\tEn el reverso del empaque, en la etiqueta est\u00e1 el modo de preparaci\u00f3n.\r\n\r\nEstufa: Vac\u00eda el contenido de la lata en un recipiente adecuado para calentar. Mezcla y mueve constantemente, hasta que hierva y despu\u00e9s sirve.\t\t\t\t\t\t\t\t\t<\/div>\n\t\t\t\t\t\t\t<button class=\"accordion-header\" type=\"button\">\n\t\t\t\t\t\u00bfC\u00f3mo cocino las sopas Campbell&#8217;s\u00ae en microondas?\t\t\t\t\t<span aria-hidden=\"true\" class=\"state-expanded\"><\/span>\n\t\t\t\t\t<span aria-hidden=\"true\" class=\"state-closed\"><\/span>\n\t\t\t\t<\/button>\n\t\t\t\t<div class=\"accordion-content\">\n\t\t\t\t\t<h2 class=\"screen-reader-text\">\n\t\t\t\t\t\t\u00bfC\u00f3mo cocino las sopas Campbell&#8217;s\u00ae en microondas?\t\t\t\t\t<\/h2>\n\t\t\t\t\tEn el reverso del empaque, en la etiqueta est\u00e1 el modo de preparaci\u00f3n. Microondas: Vac\u00eda el contenido de la lata en un recipiente adecuado para calentar. Calienta a m\u00e1xima potencia durante 3 minutos o hasta alcanzar la temperatura deseada. Mezcla y sirve\t\t\t\t\t\t\t\t\t<\/div>\n\t\t\t\t\t\t\t<button class=\"accordion-header\" type=\"button\">\n\t\t\t\t\t\u00bfQu\u00e9 tipo de leche debo utilizar para preparar las sopas cremas Campbell&#8217;s\u00ae?\t\t\t\t\t<span aria-hidden=\"true\" class=\"state-expanded\"><\/span>\n\t\t\t\t\t<span aria-hidden=\"true\" class=\"state-closed\"><\/span>\n\t\t\t\t<\/button>\n\t\t\t\t<div class=\"accordion-content\">\n\t\t\t\t\t<h2 class=\"screen-reader-text\">\n\t\t\t\t\t\t\u00bfQu\u00e9 tipo de leche debo utilizar para preparar las sopas cremas Campbell&#8217;s\u00ae?\t\t\t\t\t<\/h2>\n\t\t\t\t\tNuestros productos se adecuan a la leche que m\u00e1s te gusta\t\t\t\t\t\t\t\t\t<\/div>\n\t\t\t\t\t\t\t<button class=\"accordion-header\" type=\"button\">\n\t\t\t\t\t\u00bfPuedo preparar sopas cremas Campbell&#8217;s\u00ae con leche en polvo?\t\t\t\t\t<span aria-hidden=\"true\" class=\"state-expanded\"><\/span>\n\t\t\t\t\t<span aria-hidden=\"true\" class=\"state-closed\"><\/span>\n\t\t\t\t<\/button>\n\t\t\t\t<div class=\"accordion-content\">\n\t\t\t\t\t<h2 class=\"screen-reader-text\">\n\t\t\t\t\t\t\u00bfPuedo preparar sopas cremas Campbell&#8217;s\u00ae con leche en polvo?\t\t\t\t\t<\/h2>\n\t\t\t\t\tS\u00ed, siempre y cuando agregues la cantidad adecuada de agua para hacer la leche en polvo como m\u00e1s te guste.\t\t\t\t\t\t\t\t\t<\/div>\n\t\t\t\t\t\t\t<button class=\"accordion-header\" type=\"button\">\n\t\t\t\t\t\u00bfPuedo preparar sopas cremas Campbell&#8217;s\u00ae con leche o agua?\t\t\t\t\t<span aria-hidden=\"true\" class=\"state-expanded\"><\/span>\n\t\t\t\t\t<span aria-hidden=\"true\" class=\"state-closed\"><\/span>\n\t\t\t\t<\/button>\n\t\t\t\t<div class=\"accordion-content\">\n\t\t\t\t\t<h2 class=\"screen-reader-text\">\n\t\t\t\t\t\t\u00bfPuedo preparar sopas cremas Campbell&#8217;s\u00ae con leche o agua?\t\t\t\t\t<\/h2>\n\t\t\t\t\tS\u00ed, puedes prepararla con agua o con la leche de la que m\u00e1s te guste, en ambas opciones tendr\u00e1s una experiencia \u00fanica de sabor.\t\t\t\t\t\t\t\t\t<\/div>\n\t\t\t\t\t<\/div>\n\t\n\t<\/div>\n\n<\/div>\n\n<\/div>\n\n\n\n<p class=\"\"><\/p>\n","protected":false},"excerpt":{"rendered":"<p>M\u2019m! M\u2019m Good!\u00ae INSPIRATE A CREAR<\/p>\n","protected":false},"author":6,"featured_media":0,"parent":0,"menu_order":0,"comment_status":"closed","ping_status":"closed","template":"","meta":[],"acf":[],"yoast_head":"<!-- This site is optimized with the Yoast SEO plugin v20.13 - https:\/\/yoast.com\/wordpress\/plugins\/seo\/ -->\n<title>Salsas (gravies) - Campbell&#039;s Mexico<\/title>\n<meta name=\"robots\" content=\"index, follow, max-snippet:-1, max-image-preview:large, max-video-preview:-1\" \/>\n<link rel=\"canonical\" href=\"https:\/\/www.campbells.com\/mx\/salsas-gravies\/\" \/>\n<meta property=\"og:locale\" content=\"es_MX\" \/>\n<meta property=\"og:type\" content=\"article\" \/>\n<meta property=\"og:title\" content=\"Salsas (gravies) - Campbell&#039;s Mexico\" \/>\n<meta property=\"og:description\" content=\"M\u2019m! M\u2019m Good!\u00ae INSPIRATE A CREAR\" \/>\n<meta property=\"og:url\" content=\"https:\/\/www.campbells.com\/mx\/salsas-gravies\/\" \/>\n<meta property=\"og:site_name\" content=\"Campbell&#039;s Mexico\" \/>\n<meta property=\"article:publisher\" content=\"https:\/\/www.facebook.com\/campbellsMex\/\" \/>\n<meta property=\"article:modified_time\" content=\"2023-01-03T13:23:52+00:00\" \/>\n<meta name=\"twitter:card\" content=\"summary_large_image\" \/>\n<script type=\"application\/ld+json\" class=\"yoast-schema-graph\">{\"@context\":\"https:\/\/schema.org\",\"@graph\":[{\"@type\":\"WebPage\",\"@id\":\"https:\/\/www.campbells.com\/mx\/salsas-gravies\/\",\"url\":\"https:\/\/www.campbells.com\/mx\/salsas-gravies\/\",\"name\":\"Salsas (gravies) - Campbell&#039;s Mexico\",\"isPartOf\":{\"@id\":\"https:\/\/www.campbells.com\/mx\/#website\"},\"datePublished\":\"2022-10-06T18:48:27+00:00\",\"dateModified\":\"2023-01-03T13:23:52+00:00\",\"inLanguage\":\"es-MX\",\"potentialAction\":[{\"@type\":\"ReadAction\",\"target\":[\"https:\/\/www.campbells.com\/mx\/salsas-gravies\/\"]}]},{\"@type\":\"WebSite\",\"@id\":\"https:\/\/www.campbells.com\/mx\/#website\",\"url\":\"https:\/\/www.campbells.com\/mx\/\",\"name\":\"Campbell&#039;s Mexico\",\"description\":\"\",\"potentialAction\":[{\"@type\":\"SearchAction\",\"target\":{\"@type\":\"EntryPoint\",\"urlTemplate\":\"https:\/\/www.campbells.com\/mx\/buscar\/?query={search_term_string}\"},\"query-input\":\"required name=search_term_string\"}],\"inLanguage\":\"es-MX\"}]}<\/script>\n<!-- \/ Yoast SEO plugin. -->","yoast_head_json":{"title":"Salsas (gravies) - Campbell&#039;s Mexico","robots":{"index":"index","follow":"follow","max-snippet":"max-snippet:-1","max-image-preview":"max-image-preview:large","max-video-preview":"max-video-preview:-1"},"canonical":"https:\/\/www.campbells.com\/mx\/salsas-gravies\/","og_locale":"es_MX","og_type":"article","og_title":"Salsas (gravies) - Campbell&#039;s Mexico","og_description":"M\u2019m! M\u2019m Good!\u00ae INSPIRATE A CREAR","og_url":"https:\/\/www.campbells.com\/mx\/salsas-gravies\/","og_site_name":"Campbell&#039;s Mexico","article_publisher":"https:\/\/www.facebook.com\/campbellsMex\/","article_modified_time":"2023-01-03T13:23:52+00:00","twitter_card":"summary_large_image","schema":{"@context":"https:\/\/schema.org","@graph":[{"@type":"WebPage","@id":"https:\/\/www.campbells.com\/mx\/salsas-gravies\/","url":"https:\/\/www.campbells.com\/mx\/salsas-gravies\/","name":"Salsas (gravies) - Campbell&#039;s Mexico","isPartOf":{"@id":"https:\/\/www.campbells.com\/mx\/#website"},"datePublished":"2022-10-06T18:48:27+00:00","dateModified":"2023-01-03T13:23:52+00:00","inLanguage":"es-MX","potentialAction":[{"@type":"ReadAction","target":["https:\/\/www.campbells.com\/mx\/salsas-gravies\/"]}]},{"@type":"WebSite","@id":"https:\/\/www.campbells.com\/mx\/#website","url":"https:\/\/www.campbells.com\/mx\/","name":"Campbell&#039;s Mexico","description":"","potentialAction":[{"@type":"SearchAction","target":{"@type":"EntryPoint","urlTemplate":"https:\/\/www.campbells.com\/mx\/buscar\/?query={search_term_string}"},"query-input":"required name=search_term_string"}],"inLanguage":"es-MX"}]}},"_links":{"self":[{"href":"https:\/\/www.campbells.com\/mx\/wp-json\/wp\/v2\/pages\/9676"}],"collection":[{"href":"https:\/\/www.campbells.com\/mx\/wp-json\/wp\/v2\/pages"}],"about":[{"href":"https:\/\/www.campbells.com\/mx\/wp-json\/wp\/v2\/types\/page"}],"author":[{"embeddable":true,"href":"https:\/\/www.campbells.com\/mx\/wp-json\/wp\/v2\/users\/6"}],"replies":[{"embeddable":true,"href":"https:\/\/www.campbells.com\/mx\/wp-json\/wp\/v2\/comments?post=9676"}],"version-history":[{"count":0,"href":"https:\/\/www.campbells.com\/mx\/wp-json\/wp\/v2\/pages\/9676\/revisions"}],"wp:attachment":[{"href":"https:\/\/www.campbells.com\/mx\/wp-json\/wp\/v2\/media?parent=9676"}],"curies":[{"name":"wp","href":"https:\/\/api.w.org\/{rel}","templated":true}]}}