{"id":10618,"date":"2024-01-15T18:03:35","date_gmt":"2024-01-15T23:03:35","guid":{"rendered":"https:\/\/www.campbells.com\/mx\/?post_type=product&#038;p=10618"},"modified":"2024-05-31T16:56:05","modified_gmt":"2024-05-31T20:56:05","slug":"chunky-picante-pollo-con-tallarines-y-chile-naga-jolokia-extra-picante","status":"publish","type":"product","link":"https:\/\/www.campbells.com\/mx\/products\/chunky\/chunky-picante-pollo-con-tallarines-y-chile-naga-jolokia-extra-picante\/","title":{"rendered":"Chunky Picante &#8211; Pollo con Tallarines y Chile Fantasma &#8211; Extra Picante"},"featured_media":10619,"template":"","csc_dietary_alternative":[],"csc_main_ingredient":[],"csc_product_cat":[],"csc_product_line":[38],"csc_product_tag":[],"acf":[],"details":[{"name":"Chunky Picante - Pollo con Tallarines y Chile Fantasma - Extra Picante","allergens":"","brandcategory":"","product-line":["Chunky\u00ae"],"calories":"","carbohydrates":"","cholesterol":"","dietaryfiber":"","fat":"","ingredientstatement":null,"net-content":"","nutrition-claims":"","long-description":"","product-description":"<p>Campbell\u2019s\u00ae Chunky\u00ae Extra Picante Pollo y Tallarines con sabores intensos y audaces, esta versi\u00f3n extra picante de un cl\u00e1sico de la comida reconfortante es capaz de alimentar incluso el apetito m\u00e1s abundante. Esta ardiente sopa de pollo y tallarines lista para comer est\u00e1 elaborada con grandes trozos de carne de pollo, pimientos rojos, verduras, fideos enriquecidos y un caldo chisporroteante sazonado con extracto de Chile Naga Jolokia o Chile Fantasma. Cada lata tiene 16 gramos de prote\u00edna.<\/p>\n<p>Campbell&#8217;s\u00ae Chunky\u00ae \u2014Soup That Eats Like a Meal\u00ae.<\/p>\n","protein":"","servings":"","sodium":"","sugar":"","transfat":"","product-id":10618}],"yoast_head":"<!-- This site is optimized with the Yoast SEO plugin v20.13 - https:\/\/yoast.com\/wordpress\/plugins\/seo\/ -->\n<title>Chunky Picante - Pollo con Tallarines y Chile Fantasma - Extra Picante - Campbell&#039;s Mexico<\/title>\n<meta name=\"description\" content=\"Campbell\u2019s\u00ae Chunky\u00ae Extra Picante Pollo y Tallarines con sabores intensos y audaces, en su versi\u00f3n extra picante. Esta ardiente sopa de pollo y tallarines lista para comer est\u00e1 elaborada con grandes trozos de carne de pollo, pimientos rojos, verduras, fideos enriquecidos y un caldo chisporroteante sazonado con extracto de Chile Fantasma.\" \/>\n<meta name=\"robots\" content=\"index, follow, max-snippet:-1, max-image-preview:large, max-video-preview:-1\" \/>\n<link rel=\"canonical\" href=\"https:\/\/www.campbells.com\/mx\/products\/chunky\/chunky-picante-pollo-con-tallarines-y-chile-naga-jolokia-extra-picante\/\" \/>\n<meta property=\"og:locale\" content=\"es_MX\" \/>\n<meta property=\"og:type\" content=\"article\" \/>\n<meta property=\"og:title\" content=\"Chunky Picante - Pollo con Tallarines y Chile Fantasma - Extra Picante - Campbell&#039;s Mexico\" \/>\n<meta property=\"og:description\" content=\"Campbell\u2019s\u00ae Chunky\u00ae Extra Picante Pollo y Tallarines con sabores intensos y audaces, en su versi\u00f3n extra picante. Esta ardiente sopa de pollo y tallarines lista para comer est\u00e1 elaborada con grandes trozos de carne de pollo, pimientos rojos, verduras, fideos enriquecidos y un caldo chisporroteante sazonado con extracto de Chile Fantasma.\" \/>\n<meta property=\"og:url\" content=\"https:\/\/www.campbells.com\/mx\/products\/chunky\/chunky-picante-pollo-con-tallarines-y-chile-naga-jolokia-extra-picante\/\" \/>\n<meta property=\"og:site_name\" content=\"Campbell&#039;s Mexico\" \/>\n<meta property=\"article:publisher\" content=\"https:\/\/www.facebook.com\/campbellsMex\/\" \/>\n<meta property=\"article:modified_time\" content=\"2024-05-31T20:56:05+00:00\" \/>\n<meta property=\"og:image\" content=\"https:\/\/www.campbells.com\/mx\/wp-content\/uploads\/2024\/01\/5100028741.1.jpg\" \/>\n\t<meta property=\"og:image:width\" content=\"1000\" \/>\n\t<meta property=\"og:image:height\" content=\"1000\" \/>\n\t<meta property=\"og:image:type\" content=\"image\/jpeg\" \/>\n<meta name=\"twitter:card\" content=\"summary_large_image\" \/>\n<script type=\"application\/ld+json\" class=\"yoast-schema-graph\">{\"@context\":\"https:\/\/schema.org\",\"@graph\":[{\"@type\":\"WebPage\",\"@id\":\"https:\/\/www.campbells.com\/mx\/products\/chunky\/chunky-picante-pollo-con-tallarines-y-chile-naga-jolokia-extra-picante\/\",\"url\":\"https:\/\/www.campbells.com\/mx\/products\/chunky\/chunky-picante-pollo-con-tallarines-y-chile-naga-jolokia-extra-picante\/\",\"name\":\"Chunky Picante - Pollo con Tallarines y Chile Fantasma - Extra Picante - Campbell&#039;s Mexico\",\"isPartOf\":{\"@id\":\"https:\/\/www.campbells.com\/mx\/#website\"},\"datePublished\":\"2024-01-15T23:03:35+00:00\",\"dateModified\":\"2024-05-31T20:56:05+00:00\",\"description\":\"Campbell\u2019s\u00ae Chunky\u00ae Extra Picante Pollo y Tallarines con sabores intensos y audaces, en su versi\u00f3n extra picante. Esta ardiente sopa de pollo y tallarines lista para comer est\u00e1 elaborada con grandes trozos de carne de pollo, pimientos rojos, verduras, fideos enriquecidos y un caldo chisporroteante sazonado con extracto de Chile Fantasma.\",\"breadcrumb\":{\"@id\":\"https:\/\/www.campbells.com\/mx\/products\/chunky\/chunky-picante-pollo-con-tallarines-y-chile-naga-jolokia-extra-picante\/#breadcrumb\"},\"inLanguage\":\"es-MX\",\"potentialAction\":[{\"@type\":\"ReadAction\",\"target\":[\"https:\/\/www.campbells.com\/mx\/products\/chunky\/chunky-picante-pollo-con-tallarines-y-chile-naga-jolokia-extra-picante\/\"]}]},{\"@type\":\"BreadcrumbList\",\"@id\":\"https:\/\/www.campbells.com\/mx\/products\/chunky\/chunky-picante-pollo-con-tallarines-y-chile-naga-jolokia-extra-picante\/#breadcrumb\",\"itemListElement\":[{\"@type\":\"ListItem\",\"position\":1,\"name\":\"Products\",\"item\":\"https:\/\/www.campbells.com\/mx\/productos\/\"},{\"@type\":\"ListItem\",\"position\":2,\"name\":\"Chunky Picante &#8211; Pollo con Tallarines y Chile Fantasma &#8211; Extra Picante\"}]},{\"@type\":\"WebSite\",\"@id\":\"https:\/\/www.campbells.com\/mx\/#website\",\"url\":\"https:\/\/www.campbells.com\/mx\/\",\"name\":\"Campbell&#039;s Mexico\",\"description\":\"\",\"potentialAction\":[{\"@type\":\"SearchAction\",\"target\":{\"@type\":\"EntryPoint\",\"urlTemplate\":\"https:\/\/www.campbells.com\/mx\/buscar\/?query={search_term_string}\"},\"query-input\":\"required name=search_term_string\"}],\"inLanguage\":\"es-MX\"}]}<\/script>\n<!-- \/ Yoast SEO plugin. -->","yoast_head_json":{"title":"Chunky Picante - Pollo con Tallarines y Chile Fantasma - Extra Picante - Campbell&#039;s Mexico","description":"Campbell\u2019s\u00ae Chunky\u00ae Extra Picante Pollo y Tallarines con sabores intensos y audaces, en su versi\u00f3n extra picante. Esta ardiente sopa de pollo y tallarines lista para comer est\u00e1 elaborada con grandes trozos de carne de pollo, pimientos rojos, verduras, fideos enriquecidos y un caldo chisporroteante sazonado con extracto de Chile Fantasma.","robots":{"index":"index","follow":"follow","max-snippet":"max-snippet:-1","max-image-preview":"max-image-preview:large","max-video-preview":"max-video-preview:-1"},"canonical":"https:\/\/www.campbells.com\/mx\/products\/chunky\/chunky-picante-pollo-con-tallarines-y-chile-naga-jolokia-extra-picante\/","og_locale":"es_MX","og_type":"article","og_title":"Chunky Picante - Pollo con Tallarines y Chile Fantasma - Extra Picante - Campbell&#039;s Mexico","og_description":"Campbell\u2019s\u00ae Chunky\u00ae Extra Picante Pollo y Tallarines con sabores intensos y audaces, en su versi\u00f3n extra picante. Esta ardiente sopa de pollo y tallarines lista para comer est\u00e1 elaborada con grandes trozos de carne de pollo, pimientos rojos, verduras, fideos enriquecidos y un caldo chisporroteante sazonado con extracto de Chile Fantasma.","og_url":"https:\/\/www.campbells.com\/mx\/products\/chunky\/chunky-picante-pollo-con-tallarines-y-chile-naga-jolokia-extra-picante\/","og_site_name":"Campbell&#039;s Mexico","article_publisher":"https:\/\/www.facebook.com\/campbellsMex\/","article_modified_time":"2024-05-31T20:56:05+00:00","og_image":[{"width":1000,"height":1000,"url":"https:\/\/www.campbells.com\/mx\/wp-content\/uploads\/2024\/01\/5100028741.1.jpg","type":"image\/jpeg"}],"twitter_card":"summary_large_image","schema":{"@context":"https:\/\/schema.org","@graph":[{"@type":"WebPage","@id":"https:\/\/www.campbells.com\/mx\/products\/chunky\/chunky-picante-pollo-con-tallarines-y-chile-naga-jolokia-extra-picante\/","url":"https:\/\/www.campbells.com\/mx\/products\/chunky\/chunky-picante-pollo-con-tallarines-y-chile-naga-jolokia-extra-picante\/","name":"Chunky Picante - Pollo con Tallarines y Chile Fantasma - Extra Picante - Campbell&#039;s Mexico","isPartOf":{"@id":"https:\/\/www.campbells.com\/mx\/#website"},"datePublished":"2024-01-15T23:03:35+00:00","dateModified":"2024-05-31T20:56:05+00:00","description":"Campbell\u2019s\u00ae Chunky\u00ae Extra Picante Pollo y Tallarines con sabores intensos y audaces, en su versi\u00f3n extra picante. Esta ardiente sopa de pollo y tallarines lista para comer est\u00e1 elaborada con grandes trozos de carne de pollo, pimientos rojos, verduras, fideos enriquecidos y un caldo chisporroteante sazonado con extracto de Chile Fantasma.","breadcrumb":{"@id":"https:\/\/www.campbells.com\/mx\/products\/chunky\/chunky-picante-pollo-con-tallarines-y-chile-naga-jolokia-extra-picante\/#breadcrumb"},"inLanguage":"es-MX","potentialAction":[{"@type":"ReadAction","target":["https:\/\/www.campbells.com\/mx\/products\/chunky\/chunky-picante-pollo-con-tallarines-y-chile-naga-jolokia-extra-picante\/"]}]},{"@type":"BreadcrumbList","@id":"https:\/\/www.campbells.com\/mx\/products\/chunky\/chunky-picante-pollo-con-tallarines-y-chile-naga-jolokia-extra-picante\/#breadcrumb","itemListElement":[{"@type":"ListItem","position":1,"name":"Products","item":"https:\/\/www.campbells.com\/mx\/productos\/"},{"@type":"ListItem","position":2,"name":"Chunky Picante &#8211; Pollo con Tallarines y Chile Fantasma &#8211; Extra Picante"}]},{"@type":"WebSite","@id":"https:\/\/www.campbells.com\/mx\/#website","url":"https:\/\/www.campbells.com\/mx\/","name":"Campbell&#039;s Mexico","description":"","potentialAction":[{"@type":"SearchAction","target":{"@type":"EntryPoint","urlTemplate":"https:\/\/www.campbells.com\/mx\/buscar\/?query={search_term_string}"},"query-input":"required name=search_term_string"}],"inLanguage":"es-MX"}]}},"_links":{"self":[{"href":"https:\/\/www.campbells.com\/mx\/wp-json\/wp\/v2\/product\/10618"}],"collection":[{"href":"https:\/\/www.campbells.com\/mx\/wp-json\/wp\/v2\/product"}],"about":[{"href":"https:\/\/www.campbells.com\/mx\/wp-json\/wp\/v2\/types\/product"}],"wp:featuredmedia":[{"embeddable":true,"href":"https:\/\/www.campbells.com\/mx\/wp-json\/wp\/v2\/media\/10619"}],"wp:attachment":[{"href":"https:\/\/www.campbells.com\/mx\/wp-json\/wp\/v2\/media?parent=10618"}],"wp:term":[{"taxonomy":"csc_dietary_alternative","embeddable":true,"href":"https:\/\/www.campbells.com\/mx\/wp-json\/wp\/v2\/csc_dietary_alternative?post=10618"},{"taxonomy":"csc_main_ingredient","embeddable":true,"href":"https:\/\/www.campbells.com\/mx\/wp-json\/wp\/v2\/csc_main_ingredient?post=10618"},{"taxonomy":"csc_product_cat","embeddable":true,"href":"https:\/\/www.campbells.com\/mx\/wp-json\/wp\/v2\/csc_product_cat?post=10618"},{"taxonomy":"csc_product_line","embeddable":true,"href":"https:\/\/www.campbells.com\/mx\/wp-json\/wp\/v2\/csc_product_line?post=10618"},{"taxonomy":"csc_product_tag","embeddable":true,"href":"https:\/\/www.campbells.com\/mx\/wp-json\/wp\/v2\/csc_product_tag?post=10618"}],"curies":[{"name":"wp","href":"https:\/\/api.w.org\/{rel}","templated":true}]}}