{"id":9331,"date":"2022-08-29T19:09:57","date_gmt":"2022-08-29T19:09:57","guid":{"rendered":"https:\/\/www.campbells.com\/mx\/?post_type=product&#038;p=9331"},"modified":"2023-12-10T18:42:34","modified_gmt":"2023-12-10T23:42:34","slug":"crema-de-chile-poblano","status":"publish","type":"product","link":"https:\/\/www.campbells.com\/mx\/products\/sopas-condensadas\/crema-de-chile-poblano\/","title":{"rendered":"Crema de Chile Poblano"},"featured_media":10167,"template":"","csc_dietary_alternative":[],"csc_main_ingredient":[],"csc_product_cat":[],"csc_product_line":[36],"csc_product_tag":[],"acf":[],"details":[{"name":"Crema de Chile Poblano","allergens":"","brandcategory":"","product-line":["Sopas condensadas"],"calories":"","carbohydrates":"","cholesterol":"","dietaryfiber":"","fat":"","ingredientstatement":"Agua,   Harina   De   Trigo,   Chile   Poblano   (5%),   Elote (2%),   Almid\u00f3n,  Aceite  Vegetal  Hidrogenado,  Sal,  Leche  Entera  En  Polvo,   Grasa   But\u00edrica,   Az\u00facares A\u00f1adidos (Az\u00facar Refinada),   Saborizante   Id\u00e9ntico   Al   Natural,   Condimento,   Grasa Vegetal,   Glutamato   Monos\u00f3dico,   Verde   Natural 3, Inosinato de Sodio, Guanilato de Sodio, Beta Caroteno.<br \/>\r\n<br \/>\r\nCONTIENE TRIGO (GLUTEN) Y LECHE<br \/>\r\n<br \/>\r\nPUEDE CONTENER HUEVO, SOYA Y SULFITOS","net-content":"","nutrition-claims":"","long-description":"","product-description":"<p data-renderer-start-pos=\"219\">En un platoo en una receta, Crema Condensada de Chile Poblano Campbell\u2019s\u00ae ha sido un ingrediente en las despensas de las cocinas de M\u00e9xico durante generaciones. Nuestra cl\u00e1sica Crema Condensada de Chile Poblano Campbell\u2019s\u00ae es una sopa sazonada con el sabor caracter\u00edstico de la comida mexicana, balanceado con elotes dulces. Encuentra confort ya sea prepar\u00e1ndola como una sopa f\u00e1cilmente personalizable, o util\u00edzala\u00a0 como un ingrediente vers\u00e1til para deliciosas comidas entre semana o celebraciones.<\/p>\n<p data-renderer-start-pos=\"219\">Abre las posibilidades usando nuestra sopa crema como el comienzo r\u00e1pido para recetas r\u00e1pidas y deliciosas para la familia, que incluyen todo, desde salsas y guarniciones, hasta platos principales y guisos. Visita nuestra secci\u00f3n de recetas para comenzar a agregar un toque ligeramente picante a un Pastel Azteca, un Estofado de Verduras o como tu atajo secreto a la cl\u00e1sica receta de Fajitas Poblanas.<\/p>\n<p>Desde nuestra Sopa Condensada de Pollo y Tallarines Campbell\u2019s\u00ae hasta la cl\u00e1sica Sopa Crema Condensada de Tomate Campbell\u2019s\u00ae, incluyendo todas nuestras variedades y caldos, hacemos deliciosas sopas con ingredientes de calidad, con sabores que t\u00fa y tu familia conocen y aman. Ya sea que las sopas condensadas de Campbell&#8217;s\u00ae, sean tu ingrediente secreto en las recetas o quieras relajarte con un plato de sopa. Tenemos una sopa para cada d\u00eda que todos pueden disfrutar. Para obtener m\u00e1s ideas de recetas que encantar\u00e1n a toda la familia, consulta nuestra secci\u00f3n de recetas.<\/p>\n<p>Cuando tomas esa tan conocida lata roja y blanca, sabes que est\u00e1s eligiendo una marca confiable. Con Campbell&#8217;s\u00ae, comencemos algo bueno. Sopa rica y cremosa\u00ae.<\/p>\n","protein":"","servings":"","sodium":"","sugar":"","transfat":"","product-id":9331}],"yoast_head":"<!-- This site is optimized with the Yoast SEO plugin v20.13 - https:\/\/yoast.com\/wordpress\/plugins\/seo\/ -->\n<title>Crema de Chile Poblano - Campbell&#039;s Mexico<\/title>\n<meta name=\"robots\" content=\"index, follow, max-snippet:-1, max-image-preview:large, max-video-preview:-1\" \/>\n<link rel=\"canonical\" href=\"https:\/\/www.campbells.com\/mx\/products\/sopas-condensadas\/crema-de-chile-poblano\/\" \/>\n<meta property=\"og:locale\" content=\"es_MX\" \/>\n<meta property=\"og:type\" content=\"article\" \/>\n<meta property=\"og:title\" content=\"Crema de Chile Poblano - Campbell&#039;s Mexico\" \/>\n<meta property=\"og:url\" content=\"https:\/\/www.campbells.com\/mx\/products\/sopas-condensadas\/crema-de-chile-poblano\/\" \/>\n<meta property=\"og:site_name\" content=\"Campbell&#039;s Mexico\" \/>\n<meta property=\"article:publisher\" content=\"https:\/\/www.facebook.com\/campbellsMex\/\" \/>\n<meta property=\"article:modified_time\" content=\"2023-12-10T23:42:34+00:00\" \/>\n<meta property=\"og:image\" content=\"https:\/\/www.campbells.com\/mx\/wp-content\/uploads\/2022\/08\/7501011366060_1.png\" \/>\n\t<meta property=\"og:image:width\" content=\"2134\" \/>\n\t<meta property=\"og:image:height\" content=\"2538\" \/>\n\t<meta property=\"og:image:type\" content=\"image\/png\" \/>\n<meta name=\"twitter:card\" content=\"summary_large_image\" \/>\n<script type=\"application\/ld+json\" class=\"yoast-schema-graph\">{\"@context\":\"https:\/\/schema.org\",\"@graph\":[{\"@type\":\"WebPage\",\"@id\":\"https:\/\/www.campbells.com\/mx\/products\/sopas-condensadas\/crema-de-chile-poblano\/\",\"url\":\"https:\/\/www.campbells.com\/mx\/products\/sopas-condensadas\/crema-de-chile-poblano\/\",\"name\":\"Crema de Chile Poblano - Campbell&#039;s Mexico\",\"isPartOf\":{\"@id\":\"https:\/\/www.campbells.com\/mx\/#website\"},\"datePublished\":\"2022-08-29T19:09:57+00:00\",\"dateModified\":\"2023-12-10T23:42:34+00:00\",\"breadcrumb\":{\"@id\":\"https:\/\/www.campbells.com\/mx\/products\/sopas-condensadas\/crema-de-chile-poblano\/#breadcrumb\"},\"inLanguage\":\"es-MX\",\"potentialAction\":[{\"@type\":\"ReadAction\",\"target\":[\"https:\/\/www.campbells.com\/mx\/products\/sopas-condensadas\/crema-de-chile-poblano\/\"]}]},{\"@type\":\"BreadcrumbList\",\"@id\":\"https:\/\/www.campbells.com\/mx\/products\/sopas-condensadas\/crema-de-chile-poblano\/#breadcrumb\",\"itemListElement\":[{\"@type\":\"ListItem\",\"position\":1,\"name\":\"Products\",\"item\":\"https:\/\/www.campbells.com\/mx\/productos\/\"},{\"@type\":\"ListItem\",\"position\":2,\"name\":\"Crema de Chile Poblano\"}]},{\"@type\":\"WebSite\",\"@id\":\"https:\/\/www.campbells.com\/mx\/#website\",\"url\":\"https:\/\/www.campbells.com\/mx\/\",\"name\":\"Campbell&#039;s Mexico\",\"description\":\"\",\"potentialAction\":[{\"@type\":\"SearchAction\",\"target\":{\"@type\":\"EntryPoint\",\"urlTemplate\":\"https:\/\/www.campbells.com\/mx\/buscar\/?query={search_term_string}\"},\"query-input\":\"required name=search_term_string\"}],\"inLanguage\":\"es-MX\"}]}<\/script>\n<!-- \/ Yoast SEO plugin. -->","yoast_head_json":{"title":"Crema de Chile Poblano - Campbell&#039;s Mexico","robots":{"index":"index","follow":"follow","max-snippet":"max-snippet:-1","max-image-preview":"max-image-preview:large","max-video-preview":"max-video-preview:-1"},"canonical":"https:\/\/www.campbells.com\/mx\/products\/sopas-condensadas\/crema-de-chile-poblano\/","og_locale":"es_MX","og_type":"article","og_title":"Crema de Chile Poblano - Campbell&#039;s Mexico","og_url":"https:\/\/www.campbells.com\/mx\/products\/sopas-condensadas\/crema-de-chile-poblano\/","og_site_name":"Campbell&#039;s Mexico","article_publisher":"https:\/\/www.facebook.com\/campbellsMex\/","article_modified_time":"2023-12-10T23:42:34+00:00","og_image":[{"width":2134,"height":2538,"url":"https:\/\/www.campbells.com\/mx\/wp-content\/uploads\/2022\/08\/7501011366060_1.png","type":"image\/png"}],"twitter_card":"summary_large_image","schema":{"@context":"https:\/\/schema.org","@graph":[{"@type":"WebPage","@id":"https:\/\/www.campbells.com\/mx\/products\/sopas-condensadas\/crema-de-chile-poblano\/","url":"https:\/\/www.campbells.com\/mx\/products\/sopas-condensadas\/crema-de-chile-poblano\/","name":"Crema de Chile Poblano - Campbell&#039;s Mexico","isPartOf":{"@id":"https:\/\/www.campbells.com\/mx\/#website"},"datePublished":"2022-08-29T19:09:57+00:00","dateModified":"2023-12-10T23:42:34+00:00","breadcrumb":{"@id":"https:\/\/www.campbells.com\/mx\/products\/sopas-condensadas\/crema-de-chile-poblano\/#breadcrumb"},"inLanguage":"es-MX","potentialAction":[{"@type":"ReadAction","target":["https:\/\/www.campbells.com\/mx\/products\/sopas-condensadas\/crema-de-chile-poblano\/"]}]},{"@type":"BreadcrumbList","@id":"https:\/\/www.campbells.com\/mx\/products\/sopas-condensadas\/crema-de-chile-poblano\/#breadcrumb","itemListElement":[{"@type":"ListItem","position":1,"name":"Products","item":"https:\/\/www.campbells.com\/mx\/productos\/"},{"@type":"ListItem","position":2,"name":"Crema de Chile Poblano"}]},{"@type":"WebSite","@id":"https:\/\/www.campbells.com\/mx\/#website","url":"https:\/\/www.campbells.com\/mx\/","name":"Campbell&#039;s Mexico","description":"","potentialAction":[{"@type":"SearchAction","target":{"@type":"EntryPoint","urlTemplate":"https:\/\/www.campbells.com\/mx\/buscar\/?query={search_term_string}"},"query-input":"required name=search_term_string"}],"inLanguage":"es-MX"}]}},"_links":{"self":[{"href":"https:\/\/www.campbells.com\/mx\/wp-json\/wp\/v2\/product\/9331"}],"collection":[{"href":"https:\/\/www.campbells.com\/mx\/wp-json\/wp\/v2\/product"}],"about":[{"href":"https:\/\/www.campbells.com\/mx\/wp-json\/wp\/v2\/types\/product"}],"wp:featuredmedia":[{"embeddable":true,"href":"https:\/\/www.campbells.com\/mx\/wp-json\/wp\/v2\/media\/10167"}],"wp:attachment":[{"href":"https:\/\/www.campbells.com\/mx\/wp-json\/wp\/v2\/media?parent=9331"}],"wp:term":[{"taxonomy":"csc_dietary_alternative","embeddable":true,"href":"https:\/\/www.campbells.com\/mx\/wp-json\/wp\/v2\/csc_dietary_alternative?post=9331"},{"taxonomy":"csc_main_ingredient","embeddable":true,"href":"https:\/\/www.campbells.com\/mx\/wp-json\/wp\/v2\/csc_main_ingredient?post=9331"},{"taxonomy":"csc_product_cat","embeddable":true,"href":"https:\/\/www.campbells.com\/mx\/wp-json\/wp\/v2\/csc_product_cat?post=9331"},{"taxonomy":"csc_product_line","embeddable":true,"href":"https:\/\/www.campbells.com\/mx\/wp-json\/wp\/v2\/csc_product_line?post=9331"},{"taxonomy":"csc_product_tag","embeddable":true,"href":"https:\/\/www.campbells.com\/mx\/wp-json\/wp\/v2\/csc_product_tag?post=9331"}],"curies":[{"name":"wp","href":"https:\/\/api.w.org\/{rel}","templated":true}]}}