{"id":9334,"date":"2022-08-29T20:38:40","date_gmt":"2022-08-29T20:38:40","guid":{"rendered":"https:\/\/www.campbells.com\/mx\/?post_type=product&#038;p=9334"},"modified":"2026-04-21T15:30:50","modified_gmt":"2026-04-21T19:30:50","slug":"crema-de-flor-de-calabaza","status":"publish","type":"product","link":"https:\/\/www.campbells.com\/mx\/products\/sopas-condensadas\/crema-de-flor-de-calabaza\/","title":{"rendered":"Crema de Flor de Calabaza"},"featured_media":10119,"template":"","csc_dietary_alternative":[],"csc_main_ingredient":[],"csc_product_cat":[],"csc_product_line":[36],"csc_product_tag":[],"acf":[],"details":[{"name":"Crema de Flor de Calabaza","allergens":"","brandcategory":"","product-line":["Sopas condensadas"],"calories":"","carbohydrates":"","cholesterol":"","dietaryfiber":"","fat":"","ingredientstatement":"Agua, Pur\u00e9 de Calabacita, Flor de Calabaza (11%), Harina de Trigo, Aceite Vegetal, Almid\u00f3n, Sal, Cebolla, S\u00f3lidos de la Leche, Grasa But\u00edrica, Concentrado de Prote\u00edna de Soya, Az\u00facares A\u00f1adidos (Az\u00facar Refinada), Glutamato Monos\u00f3dico, Saborizante Id\u00e9ntico al Natural, Inosinato de Sodio, Guanilato de Sodio, Beta caroteno.<br \/>\r\n<br \/>\r\nCONTIENE: TRIGO (GLUTEN) Y SOYA<br \/>\r\n<br \/>\r\nPUEDE CONTENER: HUEVO, LECHE Y SULFITOS","net-content":"","nutrition-claims":"","long-description":"","product-description":"<p data-start=\"56\" data-end=\"242\">La Crema Condensada de Flor de Calabaza Campbell\u2019s\u00ae combina el sabor suave de la calabacita con el toque delicado de la flor de calabaza, creando una opci\u00f3n cremosa y llena de tradici\u00f3n.<\/p>\n<p data-start=\"244\" data-end=\"385\">Es perfecta para usar como base en recetas como enchiladas o para disfrutarla como una crema reconfortante, f\u00e1cil de personalizar a tu gusto.<\/p>\n<p data-start=\"387\" data-end=\"534\">Su versatilidad te permite preparar desde salsas hasta platos completos de forma pr\u00e1ctica, logrando siempre un resultado delicioso sin complicarte.<\/p>\n<p data-start=\"536\" data-end=\"653\" data-is-last-node=\"\" data-is-only-node=\"\">Con la calidad de Campbell\u2019s\u00ae, cada lata es una forma sencilla de darle un giro especial a tus recetas del d\u00eda a d\u00eda.<\/p>\n","protein":"","servings":"","sodium":"","sugar":"","transfat":"","product-id":9334}],"yoast_head":"<!-- This site is optimized with the Yoast SEO plugin v20.13 - https:\/\/yoast.com\/wordpress\/plugins\/seo\/ -->\n<title>Crema de Flor de Calabaza - Campbell&#039;s Mexico<\/title>\n<meta name=\"robots\" content=\"index, follow, max-snippet:-1, max-image-preview:large, max-video-preview:-1\" \/>\n<link rel=\"canonical\" href=\"https:\/\/www.campbells.com\/mx\/products\/sopas-condensadas\/crema-de-flor-de-calabaza\/\" \/>\n<meta property=\"og:locale\" content=\"es_MX\" \/>\n<meta property=\"og:type\" content=\"article\" \/>\n<meta property=\"og:title\" content=\"Crema de Flor de Calabaza - Campbell&#039;s Mexico\" \/>\n<meta property=\"og:url\" content=\"https:\/\/www.campbells.com\/mx\/products\/sopas-condensadas\/crema-de-flor-de-calabaza\/\" \/>\n<meta property=\"og:site_name\" content=\"Campbell&#039;s Mexico\" \/>\n<meta property=\"article:publisher\" content=\"https:\/\/www.facebook.com\/campbellsMex\/\" \/>\n<meta property=\"article:modified_time\" content=\"2026-04-21T19:30:50+00:00\" \/>\n<meta property=\"og:image\" content=\"https:\/\/www.campbells.com\/mx\/wp-content\/uploads\/2022\/08\/7501011308268_1.png\" \/>\n\t<meta property=\"og:image:width\" content=\"1926\" \/>\n\t<meta property=\"og:image:height\" content=\"2538\" \/>\n\t<meta property=\"og:image:type\" content=\"image\/png\" \/>\n<meta name=\"twitter:card\" content=\"summary_large_image\" \/>\n<script type=\"application\/ld+json\" class=\"yoast-schema-graph\">{\"@context\":\"https:\/\/schema.org\",\"@graph\":[{\"@type\":\"WebPage\",\"@id\":\"https:\/\/www.campbells.com\/mx\/products\/sopas-condensadas\/crema-de-flor-de-calabaza\/\",\"url\":\"https:\/\/www.campbells.com\/mx\/products\/sopas-condensadas\/crema-de-flor-de-calabaza\/\",\"name\":\"Crema de Flor de Calabaza - Campbell&#039;s Mexico\",\"isPartOf\":{\"@id\":\"https:\/\/www.campbells.com\/mx\/#website\"},\"datePublished\":\"2022-08-29T20:38:40+00:00\",\"dateModified\":\"2026-04-21T19:30:50+00:00\",\"breadcrumb\":{\"@id\":\"https:\/\/www.campbells.com\/mx\/products\/sopas-condensadas\/crema-de-flor-de-calabaza\/#breadcrumb\"},\"inLanguage\":\"es-MX\",\"potentialAction\":[{\"@type\":\"ReadAction\",\"target\":[\"https:\/\/www.campbells.com\/mx\/products\/sopas-condensadas\/crema-de-flor-de-calabaza\/\"]}]},{\"@type\":\"BreadcrumbList\",\"@id\":\"https:\/\/www.campbells.com\/mx\/products\/sopas-condensadas\/crema-de-flor-de-calabaza\/#breadcrumb\",\"itemListElement\":[{\"@type\":\"ListItem\",\"position\":1,\"name\":\"Products\",\"item\":\"https:\/\/www.campbells.com\/mx\/productos\/\"},{\"@type\":\"ListItem\",\"position\":2,\"name\":\"Crema de Flor de Calabaza\"}]},{\"@type\":\"WebSite\",\"@id\":\"https:\/\/www.campbells.com\/mx\/#website\",\"url\":\"https:\/\/www.campbells.com\/mx\/\",\"name\":\"Campbell&#039;s Mexico\",\"description\":\"\",\"potentialAction\":[{\"@type\":\"SearchAction\",\"target\":{\"@type\":\"EntryPoint\",\"urlTemplate\":\"https:\/\/www.campbells.com\/mx\/buscar\/?query={search_term_string}\"},\"query-input\":\"required name=search_term_string\"}],\"inLanguage\":\"es-MX\"}]}<\/script>\n<!-- \/ Yoast SEO plugin. -->","yoast_head_json":{"title":"Crema de Flor de Calabaza - Campbell&#039;s Mexico","robots":{"index":"index","follow":"follow","max-snippet":"max-snippet:-1","max-image-preview":"max-image-preview:large","max-video-preview":"max-video-preview:-1"},"canonical":"https:\/\/www.campbells.com\/mx\/products\/sopas-condensadas\/crema-de-flor-de-calabaza\/","og_locale":"es_MX","og_type":"article","og_title":"Crema de Flor de Calabaza - Campbell&#039;s Mexico","og_url":"https:\/\/www.campbells.com\/mx\/products\/sopas-condensadas\/crema-de-flor-de-calabaza\/","og_site_name":"Campbell&#039;s Mexico","article_publisher":"https:\/\/www.facebook.com\/campbellsMex\/","article_modified_time":"2026-04-21T19:30:50+00:00","og_image":[{"width":1926,"height":2538,"url":"https:\/\/www.campbells.com\/mx\/wp-content\/uploads\/2022\/08\/7501011308268_1.png","type":"image\/png"}],"twitter_card":"summary_large_image","schema":{"@context":"https:\/\/schema.org","@graph":[{"@type":"WebPage","@id":"https:\/\/www.campbells.com\/mx\/products\/sopas-condensadas\/crema-de-flor-de-calabaza\/","url":"https:\/\/www.campbells.com\/mx\/products\/sopas-condensadas\/crema-de-flor-de-calabaza\/","name":"Crema de Flor de Calabaza - Campbell&#039;s Mexico","isPartOf":{"@id":"https:\/\/www.campbells.com\/mx\/#website"},"datePublished":"2022-08-29T20:38:40+00:00","dateModified":"2026-04-21T19:30:50+00:00","breadcrumb":{"@id":"https:\/\/www.campbells.com\/mx\/products\/sopas-condensadas\/crema-de-flor-de-calabaza\/#breadcrumb"},"inLanguage":"es-MX","potentialAction":[{"@type":"ReadAction","target":["https:\/\/www.campbells.com\/mx\/products\/sopas-condensadas\/crema-de-flor-de-calabaza\/"]}]},{"@type":"BreadcrumbList","@id":"https:\/\/www.campbells.com\/mx\/products\/sopas-condensadas\/crema-de-flor-de-calabaza\/#breadcrumb","itemListElement":[{"@type":"ListItem","position":1,"name":"Products","item":"https:\/\/www.campbells.com\/mx\/productos\/"},{"@type":"ListItem","position":2,"name":"Crema de Flor de Calabaza"}]},{"@type":"WebSite","@id":"https:\/\/www.campbells.com\/mx\/#website","url":"https:\/\/www.campbells.com\/mx\/","name":"Campbell&#039;s Mexico","description":"","potentialAction":[{"@type":"SearchAction","target":{"@type":"EntryPoint","urlTemplate":"https:\/\/www.campbells.com\/mx\/buscar\/?query={search_term_string}"},"query-input":"required name=search_term_string"}],"inLanguage":"es-MX"}]}},"_links":{"self":[{"href":"https:\/\/www.campbells.com\/mx\/wp-json\/wp\/v2\/product\/9334"}],"collection":[{"href":"https:\/\/www.campbells.com\/mx\/wp-json\/wp\/v2\/product"}],"about":[{"href":"https:\/\/www.campbells.com\/mx\/wp-json\/wp\/v2\/types\/product"}],"wp:featuredmedia":[{"embeddable":true,"href":"https:\/\/www.campbells.com\/mx\/wp-json\/wp\/v2\/media\/10119"}],"wp:attachment":[{"href":"https:\/\/www.campbells.com\/mx\/wp-json\/wp\/v2\/media?parent=9334"}],"wp:term":[{"taxonomy":"csc_dietary_alternative","embeddable":true,"href":"https:\/\/www.campbells.com\/mx\/wp-json\/wp\/v2\/csc_dietary_alternative?post=9334"},{"taxonomy":"csc_main_ingredient","embeddable":true,"href":"https:\/\/www.campbells.com\/mx\/wp-json\/wp\/v2\/csc_main_ingredient?post=9334"},{"taxonomy":"csc_product_cat","embeddable":true,"href":"https:\/\/www.campbells.com\/mx\/wp-json\/wp\/v2\/csc_product_cat?post=9334"},{"taxonomy":"csc_product_line","embeddable":true,"href":"https:\/\/www.campbells.com\/mx\/wp-json\/wp\/v2\/csc_product_line?post=9334"},{"taxonomy":"csc_product_tag","embeddable":true,"href":"https:\/\/www.campbells.com\/mx\/wp-json\/wp\/v2\/csc_product_tag?post=9334"}],"curies":[{"name":"wp","href":"https:\/\/api.w.org\/{rel}","templated":true}]}}