{"id":9495,"date":"2022-09-01T14:37:41","date_gmt":"2022-09-01T14:37:41","guid":{"rendered":"https:\/\/www.campbells.com\/mx\/?post_type=product&#038;p=9495"},"modified":"2024-05-31T16:51:29","modified_gmt":"2024-05-31T20:51:29","slug":"sopa-de-lentejas-a-la-mexicana","status":"publish","type":"product","link":"https:\/\/www.campbells.com\/mx\/products\/sopas-condensadas\/sopa-de-lentejas-a-la-mexicana\/","title":{"rendered":"Sopa de Lentejas A La Mexicana"},"featured_media":10087,"template":"","csc_dietary_alternative":[],"csc_main_ingredient":[],"csc_product_cat":[],"csc_product_line":[36],"csc_product_tag":[],"acf":[],"details":[{"name":"Sopa de Lentejas A La Mexicana","allergens":"","brandcategory":"","product-line":["Sopas condensadas"],"calories":"","carbohydrates":"","cholesterol":"","dietaryfiber":"","fat":"","ingredientstatement":"Agua, Lentejas (22%), Nopales (13%), Cebolla (6%), Pasta de Tomate, Sal Yodada, Aceite Vegetal, Almid\u00f3n Modificado, Chile Serrano, Cilantro, Saborizante Id\u00e9ntico al Natural, Glutamato Monos\u00f3dico, Condimento, Inosinato de Sodio, Guanilato de Sodio.<br \/>\r\n<br \/>\r\nPUEDE CONTENER: TRIGO (GLUTEN), LECHE, SOYA, SULFITOS Y HUEVO.","net-content":"","nutrition-claims":"","long-description":"","product-description":"<p>Deliciosamente elaborada y \u00a1a la Mexicana! nuestra Sopa Condensada de Lentejas a la Mexicana Campbell&#8217;s\u00ae esta\u0301 preparada con ingredientes ricos y de calidad como lentejas, nopales y chile serrano que se combinan para que disfrutes una sopa llena de sabor, es tu eleccio\u0301n para compartir en familia y es una opcio\u0301n ra\u0301pida que completa tus comidas de la semana, a la que puedes agregarle tu toque personal y su sabor les encantara\u0301. Encuentra confort en este cla\u0301sico platillo mexicano sin preocuparte por el tiempo de preparacio\u0301n, es una combinacio\u0301n que le encantara\u0301 a tu familia \u00a1Abre las posibilidades para una deliciosa comida de la semana!<\/p>\n<p>Desde nuestra Sopa Condensada de Pollo y Tallarines Campbell&#8217;s\u00ae hasta la cla\u0301sica Sopa Crema Condensada de Elote Campbell&#8217;s\u00ae, incluyendo todas nuestras variedades y caldos, hacemos deliciosas sopas con ingredientes de calidad, con sabores que tu\u0301 y tu familia conocen y aman. Ya sea que las sopas condensadas de Campbell&#8217;s\u00ae, sean tu ingrediente secreto en las recetas o quieras relajarte con un plato de sopa, tenemos una sopa para cada di\u0301a que todos pueden disfrutar. Para obtener ma\u0301s ideas de recetas que encantara\u0301n a toda la familia, consulta nuestra secci\u00f3nde recetas<\/p>\n<p>Cuando tomas esa tan conocida lata roja y blanca, sabes que esta\u0301s eligiendo una marca confiable. Con Campbell&#8217;s\u00ae, comencemos algo bueno. Sopa rica y cremosa\u00ae.<\/p>\n","protein":"","servings":"","sodium":"","sugar":"","transfat":"","product-id":9495}],"yoast_head":"<!-- This site is optimized with the Yoast SEO plugin v20.13 - https:\/\/yoast.com\/wordpress\/plugins\/seo\/ -->\n<title>Sopa de Lentejas A La Mexicana - Campbell&#039;s Mexico<\/title>\n<meta name=\"robots\" content=\"index, follow, max-snippet:-1, max-image-preview:large, max-video-preview:-1\" \/>\n<link rel=\"canonical\" href=\"https:\/\/www.campbells.com\/mx\/products\/sopas-condensadas\/sopa-de-lentejas-a-la-mexicana\/\" \/>\n<meta property=\"og:locale\" content=\"es_MX\" \/>\n<meta property=\"og:type\" content=\"article\" \/>\n<meta property=\"og:title\" content=\"Sopa de Lentejas A La Mexicana - Campbell&#039;s Mexico\" \/>\n<meta property=\"og:url\" content=\"https:\/\/www.campbells.com\/mx\/products\/sopas-condensadas\/sopa-de-lentejas-a-la-mexicana\/\" \/>\n<meta property=\"og:site_name\" content=\"Campbell&#039;s Mexico\" \/>\n<meta property=\"article:publisher\" content=\"https:\/\/www.facebook.com\/campbellsMex\/\" \/>\n<meta property=\"article:modified_time\" content=\"2024-05-31T20:51:29+00:00\" \/>\n<meta property=\"og:image\" content=\"https:\/\/www.campbells.com\/mx\/wp-content\/uploads\/2022\/09\/7501011361454_1.png\" \/>\n\t<meta property=\"og:image:width\" content=\"1926\" \/>\n\t<meta property=\"og:image:height\" content=\"2538\" \/>\n\t<meta property=\"og:image:type\" content=\"image\/png\" \/>\n<meta name=\"twitter:card\" content=\"summary_large_image\" \/>\n<script type=\"application\/ld+json\" class=\"yoast-schema-graph\">{\"@context\":\"https:\/\/schema.org\",\"@graph\":[{\"@type\":\"WebPage\",\"@id\":\"https:\/\/www.campbells.com\/mx\/products\/sopas-condensadas\/sopa-de-lentejas-a-la-mexicana\/\",\"url\":\"https:\/\/www.campbells.com\/mx\/products\/sopas-condensadas\/sopa-de-lentejas-a-la-mexicana\/\",\"name\":\"Sopa de Lentejas A La Mexicana - Campbell&#039;s Mexico\",\"isPartOf\":{\"@id\":\"https:\/\/www.campbells.com\/mx\/#website\"},\"datePublished\":\"2022-09-01T14:37:41+00:00\",\"dateModified\":\"2024-05-31T20:51:29+00:00\",\"breadcrumb\":{\"@id\":\"https:\/\/www.campbells.com\/mx\/products\/sopas-condensadas\/sopa-de-lentejas-a-la-mexicana\/#breadcrumb\"},\"inLanguage\":\"es-MX\",\"potentialAction\":[{\"@type\":\"ReadAction\",\"target\":[\"https:\/\/www.campbells.com\/mx\/products\/sopas-condensadas\/sopa-de-lentejas-a-la-mexicana\/\"]}]},{\"@type\":\"BreadcrumbList\",\"@id\":\"https:\/\/www.campbells.com\/mx\/products\/sopas-condensadas\/sopa-de-lentejas-a-la-mexicana\/#breadcrumb\",\"itemListElement\":[{\"@type\":\"ListItem\",\"position\":1,\"name\":\"Products\",\"item\":\"https:\/\/www.campbells.com\/mx\/productos\/\"},{\"@type\":\"ListItem\",\"position\":2,\"name\":\"Sopa de Lentejas A La Mexicana\"}]},{\"@type\":\"WebSite\",\"@id\":\"https:\/\/www.campbells.com\/mx\/#website\",\"url\":\"https:\/\/www.campbells.com\/mx\/\",\"name\":\"Campbell&#039;s Mexico\",\"description\":\"\",\"potentialAction\":[{\"@type\":\"SearchAction\",\"target\":{\"@type\":\"EntryPoint\",\"urlTemplate\":\"https:\/\/www.campbells.com\/mx\/buscar\/?query={search_term_string}\"},\"query-input\":\"required name=search_term_string\"}],\"inLanguage\":\"es-MX\"}]}<\/script>\n<!-- \/ Yoast SEO plugin. -->","yoast_head_json":{"title":"Sopa de Lentejas A La Mexicana - Campbell&#039;s Mexico","robots":{"index":"index","follow":"follow","max-snippet":"max-snippet:-1","max-image-preview":"max-image-preview:large","max-video-preview":"max-video-preview:-1"},"canonical":"https:\/\/www.campbells.com\/mx\/products\/sopas-condensadas\/sopa-de-lentejas-a-la-mexicana\/","og_locale":"es_MX","og_type":"article","og_title":"Sopa de Lentejas A La Mexicana - Campbell&#039;s Mexico","og_url":"https:\/\/www.campbells.com\/mx\/products\/sopas-condensadas\/sopa-de-lentejas-a-la-mexicana\/","og_site_name":"Campbell&#039;s Mexico","article_publisher":"https:\/\/www.facebook.com\/campbellsMex\/","article_modified_time":"2024-05-31T20:51:29+00:00","og_image":[{"width":1926,"height":2538,"url":"https:\/\/www.campbells.com\/mx\/wp-content\/uploads\/2022\/09\/7501011361454_1.png","type":"image\/png"}],"twitter_card":"summary_large_image","schema":{"@context":"https:\/\/schema.org","@graph":[{"@type":"WebPage","@id":"https:\/\/www.campbells.com\/mx\/products\/sopas-condensadas\/sopa-de-lentejas-a-la-mexicana\/","url":"https:\/\/www.campbells.com\/mx\/products\/sopas-condensadas\/sopa-de-lentejas-a-la-mexicana\/","name":"Sopa de Lentejas A La Mexicana - Campbell&#039;s Mexico","isPartOf":{"@id":"https:\/\/www.campbells.com\/mx\/#website"},"datePublished":"2022-09-01T14:37:41+00:00","dateModified":"2024-05-31T20:51:29+00:00","breadcrumb":{"@id":"https:\/\/www.campbells.com\/mx\/products\/sopas-condensadas\/sopa-de-lentejas-a-la-mexicana\/#breadcrumb"},"inLanguage":"es-MX","potentialAction":[{"@type":"ReadAction","target":["https:\/\/www.campbells.com\/mx\/products\/sopas-condensadas\/sopa-de-lentejas-a-la-mexicana\/"]}]},{"@type":"BreadcrumbList","@id":"https:\/\/www.campbells.com\/mx\/products\/sopas-condensadas\/sopa-de-lentejas-a-la-mexicana\/#breadcrumb","itemListElement":[{"@type":"ListItem","position":1,"name":"Products","item":"https:\/\/www.campbells.com\/mx\/productos\/"},{"@type":"ListItem","position":2,"name":"Sopa de Lentejas A La Mexicana"}]},{"@type":"WebSite","@id":"https:\/\/www.campbells.com\/mx\/#website","url":"https:\/\/www.campbells.com\/mx\/","name":"Campbell&#039;s Mexico","description":"","potentialAction":[{"@type":"SearchAction","target":{"@type":"EntryPoint","urlTemplate":"https:\/\/www.campbells.com\/mx\/buscar\/?query={search_term_string}"},"query-input":"required name=search_term_string"}],"inLanguage":"es-MX"}]}},"_links":{"self":[{"href":"https:\/\/www.campbells.com\/mx\/wp-json\/wp\/v2\/product\/9495"}],"collection":[{"href":"https:\/\/www.campbells.com\/mx\/wp-json\/wp\/v2\/product"}],"about":[{"href":"https:\/\/www.campbells.com\/mx\/wp-json\/wp\/v2\/types\/product"}],"wp:featuredmedia":[{"embeddable":true,"href":"https:\/\/www.campbells.com\/mx\/wp-json\/wp\/v2\/media\/10087"}],"wp:attachment":[{"href":"https:\/\/www.campbells.com\/mx\/wp-json\/wp\/v2\/media?parent=9495"}],"wp:term":[{"taxonomy":"csc_dietary_alternative","embeddable":true,"href":"https:\/\/www.campbells.com\/mx\/wp-json\/wp\/v2\/csc_dietary_alternative?post=9495"},{"taxonomy":"csc_main_ingredient","embeddable":true,"href":"https:\/\/www.campbells.com\/mx\/wp-json\/wp\/v2\/csc_main_ingredient?post=9495"},{"taxonomy":"csc_product_cat","embeddable":true,"href":"https:\/\/www.campbells.com\/mx\/wp-json\/wp\/v2\/csc_product_cat?post=9495"},{"taxonomy":"csc_product_line","embeddable":true,"href":"https:\/\/www.campbells.com\/mx\/wp-json\/wp\/v2\/csc_product_line?post=9495"},{"taxonomy":"csc_product_tag","embeddable":true,"href":"https:\/\/www.campbells.com\/mx\/wp-json\/wp\/v2\/csc_product_tag?post=9495"}],"curies":[{"name":"wp","href":"https:\/\/api.w.org\/{rel}","templated":true}]}}