{"id":9551,"date":"2022-09-07T16:46:06","date_gmt":"2022-09-07T16:46:06","guid":{"rendered":"https:\/\/www.campbells.com\/mx\/?post_type=product&#038;p=9551"},"modified":"2023-12-11T09:04:06","modified_gmt":"2023-12-11T14:04:06","slug":"chunky-sopa-de-almeja-nueva-inglaterra","status":"publish","type":"product","link":"https:\/\/www.campbells.com\/mx\/products\/chunky\/chunky-sopa-de-almeja-nueva-inglaterra\/","title":{"rendered":"Chunky Sopa de Almeja Nueva Inglaterra"},"featured_media":9556,"template":"","csc_dietary_alternative":[],"csc_main_ingredient":[],"csc_product_cat":[],"csc_product_line":[38],"csc_product_tag":[],"acf":[],"details":[{"name":"Chunky Sopa de Almeja Nueva Inglaterra","allergens":"","brandcategory":"","product-line":["Chunky\u00ae"],"calories":"","carbohydrates":"","cholesterol":"","dietaryfiber":"","fat":"","ingredientstatement":"Caldo de Almeja (53%), Papas (25%), Almejas (9%), Aceite Vegetal, Apio, Almid\u00f3n Modificado, Agua, Harina de Trigo, Sal Yodada, Glutamato Monos\u00f3dico, Concentrado de Prote\u00edna de Soya, Az\u00facares A\u00f1adidos (Az\u00facar Refinada), Condimentos, Especias, Fosfato de Sodio, Inosinato de Sodio, Guanilato de Sodio, Saborizantes Naturales, \u00c1cido Succ\u00ednico, Mantequilla Deshidratada (Crema, Agua y Sal), S\u00f3lidos de la Leche, Salsa de Soya, Enzimas Modificadas de Mantequilla y Aceite, Leche Descremada Deshidratada, Lecitina de Soya.<br \/>\r\n<br \/>\r\nCONTIENE: TRIGO (GLUTEN) CRUST\u00c1CEOS, SOYA Y LECHE.","net-content":"","nutrition-claims":"","long-description":"","product-description":"<p>Chunky\u00ae Sopa de Almeja Nueva Inglaterra Campbell&#8217;s\u00ae no solo es sabor, \u00a1realmente satisface! Rico y sabroso, puedes saborear la autenticidad de la receta de la Costa Este de Estados Unidos en cada bocado de esta sopa lista para comer. Atr\u00e9vete a probarla y descubre trozos de una combinaci\u00f3n de almejas, papas y apios llenos de sabor. Ideal para acompa\u00f1ar con pan o galletas. Si lo prefieres puedes potenciar tu creatividad en la cocina y transformar esta sopa en una salsa para sazonar con solo agregar leche. Dale un giro nuevo a tus recetas de pescados y mariscos \u00a1experimenta nuevas sensaciones al maridar la sopa con un rico vino y un buen pan de ajo u or\u00e9gano!<\/p>\n<p>Nuestro sabor y su combinaci\u00f3n de trozos de ingredientes te ayudar\u00e1n a saciar tu antojo y estar listo para disfrutar tu partido favorito o acompa\u00f1arte en el mejor momento de tu d\u00eda.<\/p>\n<p>Campbell&#8217;s\u00ae Chunky\u00ae New England Clam Chowder Soup\u2014Soup That Eats Like a Meal\u00ae.<\/p>\n","protein":"","servings":"","sodium":"","sugar":"","transfat":"","product-id":9551}],"yoast_head":"<!-- This site is optimized with the Yoast SEO plugin v20.13 - https:\/\/yoast.com\/wordpress\/plugins\/seo\/ -->\n<title>Chunky Sopa de Almeja Nueva Inglaterra - Campbell&#039;s Mexico<\/title>\n<meta name=\"robots\" content=\"index, follow, max-snippet:-1, max-image-preview:large, max-video-preview:-1\" \/>\n<link rel=\"canonical\" href=\"https:\/\/www.campbells.com\/mx\/products\/chunky\/chunky-sopa-de-almeja-nueva-inglaterra\/\" \/>\n<meta property=\"og:locale\" content=\"es_MX\" \/>\n<meta property=\"og:type\" content=\"article\" \/>\n<meta property=\"og:title\" content=\"Chunky Sopa de Almeja Nueva Inglaterra - Campbell&#039;s Mexico\" \/>\n<meta property=\"og:url\" content=\"https:\/\/www.campbells.com\/mx\/products\/chunky\/chunky-sopa-de-almeja-nueva-inglaterra\/\" \/>\n<meta property=\"og:site_name\" content=\"Campbell&#039;s Mexico\" \/>\n<meta property=\"article:publisher\" content=\"https:\/\/www.facebook.com\/campbellsMex\/\" \/>\n<meta property=\"article:modified_time\" content=\"2023-12-11T14:04:06+00:00\" \/>\n<meta property=\"og:image\" content=\"https:\/\/www.campbells.com\/mx\/wp-content\/uploads\/2022\/09\/1024x1024-Chunky.png\" \/>\n\t<meta property=\"og:image:width\" content=\"1024\" \/>\n\t<meta property=\"og:image:height\" content=\"1024\" \/>\n\t<meta property=\"og:image:type\" content=\"image\/png\" \/>\n<meta name=\"twitter:card\" content=\"summary_large_image\" \/>\n<script type=\"application\/ld+json\" class=\"yoast-schema-graph\">{\"@context\":\"https:\/\/schema.org\",\"@graph\":[{\"@type\":\"WebPage\",\"@id\":\"https:\/\/www.campbells.com\/mx\/products\/chunky\/chunky-sopa-de-almeja-nueva-inglaterra\/\",\"url\":\"https:\/\/www.campbells.com\/mx\/products\/chunky\/chunky-sopa-de-almeja-nueva-inglaterra\/\",\"name\":\"Chunky Sopa de Almeja Nueva Inglaterra - Campbell&#039;s Mexico\",\"isPartOf\":{\"@id\":\"https:\/\/www.campbells.com\/mx\/#website\"},\"datePublished\":\"2022-09-07T16:46:06+00:00\",\"dateModified\":\"2023-12-11T14:04:06+00:00\",\"breadcrumb\":{\"@id\":\"https:\/\/www.campbells.com\/mx\/products\/chunky\/chunky-sopa-de-almeja-nueva-inglaterra\/#breadcrumb\"},\"inLanguage\":\"es-MX\",\"potentialAction\":[{\"@type\":\"ReadAction\",\"target\":[\"https:\/\/www.campbells.com\/mx\/products\/chunky\/chunky-sopa-de-almeja-nueva-inglaterra\/\"]}]},{\"@type\":\"BreadcrumbList\",\"@id\":\"https:\/\/www.campbells.com\/mx\/products\/chunky\/chunky-sopa-de-almeja-nueva-inglaterra\/#breadcrumb\",\"itemListElement\":[{\"@type\":\"ListItem\",\"position\":1,\"name\":\"Products\",\"item\":\"https:\/\/www.campbells.com\/mx\/productos\/\"},{\"@type\":\"ListItem\",\"position\":2,\"name\":\"Chunky Sopa de Almeja Nueva Inglaterra\"}]},{\"@type\":\"WebSite\",\"@id\":\"https:\/\/www.campbells.com\/mx\/#website\",\"url\":\"https:\/\/www.campbells.com\/mx\/\",\"name\":\"Campbell&#039;s Mexico\",\"description\":\"\",\"potentialAction\":[{\"@type\":\"SearchAction\",\"target\":{\"@type\":\"EntryPoint\",\"urlTemplate\":\"https:\/\/www.campbells.com\/mx\/buscar\/?query={search_term_string}\"},\"query-input\":\"required name=search_term_string\"}],\"inLanguage\":\"es-MX\"}]}<\/script>\n<!-- \/ Yoast SEO plugin. -->","yoast_head_json":{"title":"Chunky Sopa de Almeja Nueva Inglaterra - Campbell&#039;s Mexico","robots":{"index":"index","follow":"follow","max-snippet":"max-snippet:-1","max-image-preview":"max-image-preview:large","max-video-preview":"max-video-preview:-1"},"canonical":"https:\/\/www.campbells.com\/mx\/products\/chunky\/chunky-sopa-de-almeja-nueva-inglaterra\/","og_locale":"es_MX","og_type":"article","og_title":"Chunky Sopa de Almeja Nueva Inglaterra - Campbell&#039;s Mexico","og_url":"https:\/\/www.campbells.com\/mx\/products\/chunky\/chunky-sopa-de-almeja-nueva-inglaterra\/","og_site_name":"Campbell&#039;s Mexico","article_publisher":"https:\/\/www.facebook.com\/campbellsMex\/","article_modified_time":"2023-12-11T14:04:06+00:00","og_image":[{"width":1024,"height":1024,"url":"https:\/\/www.campbells.com\/mx\/wp-content\/uploads\/2022\/09\/1024x1024-Chunky.png","type":"image\/png"}],"twitter_card":"summary_large_image","schema":{"@context":"https:\/\/schema.org","@graph":[{"@type":"WebPage","@id":"https:\/\/www.campbells.com\/mx\/products\/chunky\/chunky-sopa-de-almeja-nueva-inglaterra\/","url":"https:\/\/www.campbells.com\/mx\/products\/chunky\/chunky-sopa-de-almeja-nueva-inglaterra\/","name":"Chunky Sopa de Almeja Nueva Inglaterra - Campbell&#039;s Mexico","isPartOf":{"@id":"https:\/\/www.campbells.com\/mx\/#website"},"datePublished":"2022-09-07T16:46:06+00:00","dateModified":"2023-12-11T14:04:06+00:00","breadcrumb":{"@id":"https:\/\/www.campbells.com\/mx\/products\/chunky\/chunky-sopa-de-almeja-nueva-inglaterra\/#breadcrumb"},"inLanguage":"es-MX","potentialAction":[{"@type":"ReadAction","target":["https:\/\/www.campbells.com\/mx\/products\/chunky\/chunky-sopa-de-almeja-nueva-inglaterra\/"]}]},{"@type":"BreadcrumbList","@id":"https:\/\/www.campbells.com\/mx\/products\/chunky\/chunky-sopa-de-almeja-nueva-inglaterra\/#breadcrumb","itemListElement":[{"@type":"ListItem","position":1,"name":"Products","item":"https:\/\/www.campbells.com\/mx\/productos\/"},{"@type":"ListItem","position":2,"name":"Chunky Sopa de Almeja Nueva Inglaterra"}]},{"@type":"WebSite","@id":"https:\/\/www.campbells.com\/mx\/#website","url":"https:\/\/www.campbells.com\/mx\/","name":"Campbell&#039;s Mexico","description":"","potentialAction":[{"@type":"SearchAction","target":{"@type":"EntryPoint","urlTemplate":"https:\/\/www.campbells.com\/mx\/buscar\/?query={search_term_string}"},"query-input":"required name=search_term_string"}],"inLanguage":"es-MX"}]}},"_links":{"self":[{"href":"https:\/\/www.campbells.com\/mx\/wp-json\/wp\/v2\/product\/9551"}],"collection":[{"href":"https:\/\/www.campbells.com\/mx\/wp-json\/wp\/v2\/product"}],"about":[{"href":"https:\/\/www.campbells.com\/mx\/wp-json\/wp\/v2\/types\/product"}],"wp:featuredmedia":[{"embeddable":true,"href":"https:\/\/www.campbells.com\/mx\/wp-json\/wp\/v2\/media\/9556"}],"wp:attachment":[{"href":"https:\/\/www.campbells.com\/mx\/wp-json\/wp\/v2\/media?parent=9551"}],"wp:term":[{"taxonomy":"csc_dietary_alternative","embeddable":true,"href":"https:\/\/www.campbells.com\/mx\/wp-json\/wp\/v2\/csc_dietary_alternative?post=9551"},{"taxonomy":"csc_main_ingredient","embeddable":true,"href":"https:\/\/www.campbells.com\/mx\/wp-json\/wp\/v2\/csc_main_ingredient?post=9551"},{"taxonomy":"csc_product_cat","embeddable":true,"href":"https:\/\/www.campbells.com\/mx\/wp-json\/wp\/v2\/csc_product_cat?post=9551"},{"taxonomy":"csc_product_line","embeddable":true,"href":"https:\/\/www.campbells.com\/mx\/wp-json\/wp\/v2\/csc_product_line?post=9551"},{"taxonomy":"csc_product_tag","embeddable":true,"href":"https:\/\/www.campbells.com\/mx\/wp-json\/wp\/v2\/csc_product_tag?post=9551"}],"curies":[{"name":"wp","href":"https:\/\/api.w.org\/{rel}","templated":true}]}}