{"id":9606,"date":"2022-09-08T18:42:37","date_gmt":"2022-09-08T18:42:37","guid":{"rendered":"https:\/\/www.campbells.com\/mx\/?post_type=product&#038;p=9606"},"modified":"2023-12-10T19:26:45","modified_gmt":"2023-12-11T00:26:45","slug":"sopa-de-pollo-y-arroz","status":"publish","type":"product","link":"https:\/\/www.campbells.com\/mx\/products\/sopas-condensadas\/sopa-de-pollo-y-arroz\/","title":{"rendered":"Sopa de Pollo y Arroz"},"featured_media":10039,"template":"","csc_dietary_alternative":[],"csc_main_ingredient":[],"csc_product_cat":[],"csc_product_line":[36],"csc_product_tag":[],"acf":[],"details":[{"name":"Sopa de Pollo y Arroz","allergens":"","brandcategory":"","product-line":["Sopas condensadas"],"calories":"","carbohydrates":"","cholesterol":"","dietaryfiber":"","fat":"","ingredientstatement":"Agua, Arroz Precocido (9%) Carne de Pollo (4%), Sal, Almid\u00f3n Modificado, Caldo de Pollo Concentrado, Apio, Grasa Animal de Pollo, Glutamato Monos\u00f3dico, Saborizante Id\u00e9ntico al Natural, Inosinato de Sodio, Guanilato de Sodio, Beta caroteno.<br \/>\r\n<br \/>\r\nPUEDE CONTENER: TRIGO (GLUTEN) HUEVO, LECHE, SOYA Y SULFITOS<br \/>\r\n<br \/>\r\n","net-content":"","nutrition-claims":"","long-description":"","product-description":"<p>Conforta tu d\u00eda con nuestra sabrosa Sopa Condensada de Pollo y Arroz Campbell&#8217;s\u00ae. Cada una de nuestras cucharadas son una combinaci\u00f3n de sabores de arroz, carne de pollo y verduras. Abre las posibilidades usando nuestra sopa como el comienzo r\u00e1pido para disfrutar en familia, que incluyen todo, desde salsas y guarniciones, hasta platos principales y guisos.<\/p>\n<p>Desde nuestra Sopa Condensada de Pollo y Tallarines Campbell&#8217;s\u00ae hasta la cl\u00e1sica Sopa Crema Condensada de Tomate Campbell&#8217;s\u00ae, incluyendo todas nuestras variedades y caldos, hacemos deliciosas sopas con ingredientes de calidad, con sabores que t\u00fa y tu familia conocen y aman. Ya sea que las sopas condensadas de Campbell&#8217;s\u00ae, sean tu ingrediente secreto en las recetas o quieras relajarte con un plato de sopa. Tenemos una sopa para cada d\u00eda que todos pueden disfrutar. Para obtener m\u00e1s ideas de recetas que encantar\u00e1n a toda la familia, consulta nuestra secci\u00f3n de recetas.<\/p>\n<p>Cuando tomas esa tan conocida lata roja y blanca, sabes que est\u00e1s eligiendo una marca confiable. Con Campbell&#8217;s\u00ae, comencemos algo bueno. Sopa rica y cremosa\u00ae<\/p>\n","protein":"","servings":"","sodium":"","sugar":"","transfat":"","product-id":9606}],"yoast_head":"<!-- This site is optimized with the Yoast SEO plugin v20.13 - https:\/\/yoast.com\/wordpress\/plugins\/seo\/ -->\n<title>Sopa de Pollo y Arroz - Campbell&#039;s Mexico<\/title>\n<meta name=\"robots\" content=\"index, follow, max-snippet:-1, max-image-preview:large, max-video-preview:-1\" \/>\n<link rel=\"canonical\" href=\"https:\/\/www.campbells.com\/mx\/products\/sopas-condensadas\/sopa-de-pollo-y-arroz\/\" \/>\n<meta property=\"og:locale\" content=\"es_MX\" \/>\n<meta property=\"og:type\" content=\"article\" \/>\n<meta property=\"og:title\" content=\"Sopa de Pollo y Arroz - Campbell&#039;s Mexico\" \/>\n<meta property=\"og:url\" content=\"https:\/\/www.campbells.com\/mx\/products\/sopas-condensadas\/sopa-de-pollo-y-arroz\/\" \/>\n<meta property=\"og:site_name\" content=\"Campbell&#039;s Mexico\" \/>\n<meta property=\"article:publisher\" content=\"https:\/\/www.facebook.com\/campbellsMex\/\" \/>\n<meta property=\"article:modified_time\" content=\"2023-12-11T00:26:45+00:00\" \/>\n<meta property=\"og:image\" content=\"https:\/\/www.campbells.com\/mx\/wp-content\/uploads\/2022\/09\/7501011310575_1-1.png\" \/>\n\t<meta property=\"og:image:width\" content=\"1926\" \/>\n\t<meta property=\"og:image:height\" content=\"2790\" \/>\n\t<meta property=\"og:image:type\" content=\"image\/png\" \/>\n<meta name=\"twitter:card\" content=\"summary_large_image\" \/>\n<script type=\"application\/ld+json\" class=\"yoast-schema-graph\">{\"@context\":\"https:\/\/schema.org\",\"@graph\":[{\"@type\":\"WebPage\",\"@id\":\"https:\/\/www.campbells.com\/mx\/products\/sopas-condensadas\/sopa-de-pollo-y-arroz\/\",\"url\":\"https:\/\/www.campbells.com\/mx\/products\/sopas-condensadas\/sopa-de-pollo-y-arroz\/\",\"name\":\"Sopa de Pollo y Arroz - Campbell&#039;s Mexico\",\"isPartOf\":{\"@id\":\"https:\/\/www.campbells.com\/mx\/#website\"},\"datePublished\":\"2022-09-08T18:42:37+00:00\",\"dateModified\":\"2023-12-11T00:26:45+00:00\",\"breadcrumb\":{\"@id\":\"https:\/\/www.campbells.com\/mx\/products\/sopas-condensadas\/sopa-de-pollo-y-arroz\/#breadcrumb\"},\"inLanguage\":\"es-MX\",\"potentialAction\":[{\"@type\":\"ReadAction\",\"target\":[\"https:\/\/www.campbells.com\/mx\/products\/sopas-condensadas\/sopa-de-pollo-y-arroz\/\"]}]},{\"@type\":\"BreadcrumbList\",\"@id\":\"https:\/\/www.campbells.com\/mx\/products\/sopas-condensadas\/sopa-de-pollo-y-arroz\/#breadcrumb\",\"itemListElement\":[{\"@type\":\"ListItem\",\"position\":1,\"name\":\"Products\",\"item\":\"https:\/\/www.campbells.com\/mx\/productos\/\"},{\"@type\":\"ListItem\",\"position\":2,\"name\":\"Sopa de Pollo y Arroz\"}]},{\"@type\":\"WebSite\",\"@id\":\"https:\/\/www.campbells.com\/mx\/#website\",\"url\":\"https:\/\/www.campbells.com\/mx\/\",\"name\":\"Campbell&#039;s Mexico\",\"description\":\"\",\"potentialAction\":[{\"@type\":\"SearchAction\",\"target\":{\"@type\":\"EntryPoint\",\"urlTemplate\":\"https:\/\/www.campbells.com\/mx\/buscar\/?query={search_term_string}\"},\"query-input\":\"required name=search_term_string\"}],\"inLanguage\":\"es-MX\"}]}<\/script>\n<!-- \/ Yoast SEO plugin. -->","yoast_head_json":{"title":"Sopa de Pollo y Arroz - Campbell&#039;s Mexico","robots":{"index":"index","follow":"follow","max-snippet":"max-snippet:-1","max-image-preview":"max-image-preview:large","max-video-preview":"max-video-preview:-1"},"canonical":"https:\/\/www.campbells.com\/mx\/products\/sopas-condensadas\/sopa-de-pollo-y-arroz\/","og_locale":"es_MX","og_type":"article","og_title":"Sopa de Pollo y Arroz - Campbell&#039;s Mexico","og_url":"https:\/\/www.campbells.com\/mx\/products\/sopas-condensadas\/sopa-de-pollo-y-arroz\/","og_site_name":"Campbell&#039;s Mexico","article_publisher":"https:\/\/www.facebook.com\/campbellsMex\/","article_modified_time":"2023-12-11T00:26:45+00:00","og_image":[{"width":1926,"height":2790,"url":"https:\/\/www.campbells.com\/mx\/wp-content\/uploads\/2022\/09\/7501011310575_1-1.png","type":"image\/png"}],"twitter_card":"summary_large_image","schema":{"@context":"https:\/\/schema.org","@graph":[{"@type":"WebPage","@id":"https:\/\/www.campbells.com\/mx\/products\/sopas-condensadas\/sopa-de-pollo-y-arroz\/","url":"https:\/\/www.campbells.com\/mx\/products\/sopas-condensadas\/sopa-de-pollo-y-arroz\/","name":"Sopa de Pollo y Arroz - Campbell&#039;s Mexico","isPartOf":{"@id":"https:\/\/www.campbells.com\/mx\/#website"},"datePublished":"2022-09-08T18:42:37+00:00","dateModified":"2023-12-11T00:26:45+00:00","breadcrumb":{"@id":"https:\/\/www.campbells.com\/mx\/products\/sopas-condensadas\/sopa-de-pollo-y-arroz\/#breadcrumb"},"inLanguage":"es-MX","potentialAction":[{"@type":"ReadAction","target":["https:\/\/www.campbells.com\/mx\/products\/sopas-condensadas\/sopa-de-pollo-y-arroz\/"]}]},{"@type":"BreadcrumbList","@id":"https:\/\/www.campbells.com\/mx\/products\/sopas-condensadas\/sopa-de-pollo-y-arroz\/#breadcrumb","itemListElement":[{"@type":"ListItem","position":1,"name":"Products","item":"https:\/\/www.campbells.com\/mx\/productos\/"},{"@type":"ListItem","position":2,"name":"Sopa de Pollo y Arroz"}]},{"@type":"WebSite","@id":"https:\/\/www.campbells.com\/mx\/#website","url":"https:\/\/www.campbells.com\/mx\/","name":"Campbell&#039;s Mexico","description":"","potentialAction":[{"@type":"SearchAction","target":{"@type":"EntryPoint","urlTemplate":"https:\/\/www.campbells.com\/mx\/buscar\/?query={search_term_string}"},"query-input":"required name=search_term_string"}],"inLanguage":"es-MX"}]}},"_links":{"self":[{"href":"https:\/\/www.campbells.com\/mx\/wp-json\/wp\/v2\/product\/9606"}],"collection":[{"href":"https:\/\/www.campbells.com\/mx\/wp-json\/wp\/v2\/product"}],"about":[{"href":"https:\/\/www.campbells.com\/mx\/wp-json\/wp\/v2\/types\/product"}],"wp:featuredmedia":[{"embeddable":true,"href":"https:\/\/www.campbells.com\/mx\/wp-json\/wp\/v2\/media\/10039"}],"wp:attachment":[{"href":"https:\/\/www.campbells.com\/mx\/wp-json\/wp\/v2\/media?parent=9606"}],"wp:term":[{"taxonomy":"csc_dietary_alternative","embeddable":true,"href":"https:\/\/www.campbells.com\/mx\/wp-json\/wp\/v2\/csc_dietary_alternative?post=9606"},{"taxonomy":"csc_main_ingredient","embeddable":true,"href":"https:\/\/www.campbells.com\/mx\/wp-json\/wp\/v2\/csc_main_ingredient?post=9606"},{"taxonomy":"csc_product_cat","embeddable":true,"href":"https:\/\/www.campbells.com\/mx\/wp-json\/wp\/v2\/csc_product_cat?post=9606"},{"taxonomy":"csc_product_line","embeddable":true,"href":"https:\/\/www.campbells.com\/mx\/wp-json\/wp\/v2\/csc_product_line?post=9606"},{"taxonomy":"csc_product_tag","embeddable":true,"href":"https:\/\/www.campbells.com\/mx\/wp-json\/wp\/v2\/csc_product_tag?post=9606"}],"curies":[{"name":"wp","href":"https:\/\/api.w.org\/{rel}","templated":true}]}}