{"id":9648,"date":"2022-10-05T19:10:56","date_gmt":"2022-10-05T19:10:56","guid":{"rendered":"https:\/\/www.campbells.com\/mx\/?post_type=product&#038;p=9648"},"modified":"2026-04-21T15:29:17","modified_gmt":"2026-04-21T19:29:17","slug":"caldo-tlalpeno","status":"publish","type":"product","link":"https:\/\/www.campbells.com\/mx\/products\/sopas-condensadas\/caldo-tlalpeno\/","title":{"rendered":"Caldo Tlalpe\u00f1o"},"featured_media":10007,"template":"","csc_dietary_alternative":[],"csc_main_ingredient":[],"csc_product_cat":[],"csc_product_line":[36],"csc_product_tag":[],"acf":[],"details":[{"name":"Caldo Tlalpe\u00f1o","allergens":"","brandcategory":"","product-line":["Sopas condensadas"],"calories":"","carbohydrates":"","cholesterol":"","dietaryfiber":"","fat":"","ingredientstatement":"Agua, Ejote (8%), Garbanzo (8%), Zanahoria (7%), Carne de Pollo (3%), Sal Yodada, Pasta de Tomate, Caldo de Pollo Concentrado, Condimentos, Chile Chipotle (0,2%), Glutamato Monoso\u0301dico, Saborizantes Ide\u0301nticos al Natural, Inosinato de Sodio, Guanilato de Sodio.<br \/>\r\n<br \/>\r\nPUEDE CONTENER: TRIGO (GLUTEN), LECHE, SOYA, SULFITOS Y HUEVO.","net-content":"","nutrition-claims":"","long-description":"","product-description":"<p data-start=\"69\" data-end=\"313\">El Caldo Condensado Tlalpe\u00f1o Campbell\u2019s\u00ae combina vegetales como ejotes, garbanzos y zanahorias para ofrecerte un sabor casero y reconfortante en cada cucharada. Es una opci\u00f3n pr\u00e1ctica y r\u00e1pida para completar tus comidas diarias sin complicarte.<\/p>\n<p data-start=\"315\" data-end=\"492\">Puedes personalizarlo a tu gusto y darle un toque especial, como agregar aguacate o tus ingredientes favoritos, logrando un platillo a\u00fan m\u00e1s delicioso para compartir en familia.<\/p>\n<p data-start=\"494\" data-end=\"619\">Ideal para esos d\u00edas en los que buscas algo calientito, tradicional y lleno de sabor, sin invertir mucho tiempo en la cocina.<\/p>\n<p data-start=\"621\" data-end=\"746\" data-is-last-node=\"\" data-is-only-node=\"\">Con la calidad de Campbell\u2019s\u00ae, cada lata es una forma confiable de disfrutar un cl\u00e1sico mexicano de manera f\u00e1cil y deliciosa.<\/p>\n","protein":"","servings":"","sodium":"","sugar":"","transfat":"","product-id":9648}],"yoast_head":"<!-- This site is optimized with the Yoast SEO plugin v20.13 - https:\/\/yoast.com\/wordpress\/plugins\/seo\/ -->\n<title>Caldo Tlalpe\u00f1o - Campbell&#039;s Mexico<\/title>\n<meta name=\"robots\" content=\"index, follow, max-snippet:-1, max-image-preview:large, max-video-preview:-1\" \/>\n<link rel=\"canonical\" href=\"https:\/\/www.campbells.com\/mx\/products\/sopas-condensadas\/caldo-tlalpeno\/\" \/>\n<meta property=\"og:locale\" content=\"es_MX\" \/>\n<meta property=\"og:type\" content=\"article\" \/>\n<meta property=\"og:title\" content=\"Caldo Tlalpe\u00f1o - Campbell&#039;s Mexico\" \/>\n<meta property=\"og:url\" content=\"https:\/\/www.campbells.com\/mx\/products\/sopas-condensadas\/caldo-tlalpeno\/\" \/>\n<meta property=\"og:site_name\" content=\"Campbell&#039;s Mexico\" \/>\n<meta property=\"article:publisher\" content=\"https:\/\/www.facebook.com\/campbellsMex\/\" \/>\n<meta property=\"article:modified_time\" content=\"2026-04-21T19:29:17+00:00\" \/>\n<meta property=\"og:image\" content=\"https:\/\/www.campbells.com\/mx\/wp-content\/uploads\/2022\/10\/7501011332096_1.png\" \/>\n\t<meta property=\"og:image:width\" content=\"1926\" \/>\n\t<meta property=\"og:image:height\" content=\"2538\" \/>\n\t<meta property=\"og:image:type\" content=\"image\/png\" \/>\n<meta name=\"twitter:card\" content=\"summary_large_image\" \/>\n<script type=\"application\/ld+json\" class=\"yoast-schema-graph\">{\"@context\":\"https:\/\/schema.org\",\"@graph\":[{\"@type\":\"WebPage\",\"@id\":\"https:\/\/www.campbells.com\/mx\/products\/sopas-condensadas\/caldo-tlalpeno\/\",\"url\":\"https:\/\/www.campbells.com\/mx\/products\/sopas-condensadas\/caldo-tlalpeno\/\",\"name\":\"Caldo Tlalpe\u00f1o - Campbell&#039;s Mexico\",\"isPartOf\":{\"@id\":\"https:\/\/www.campbells.com\/mx\/#website\"},\"datePublished\":\"2022-10-05T19:10:56+00:00\",\"dateModified\":\"2026-04-21T19:29:17+00:00\",\"breadcrumb\":{\"@id\":\"https:\/\/www.campbells.com\/mx\/products\/sopas-condensadas\/caldo-tlalpeno\/#breadcrumb\"},\"inLanguage\":\"es-MX\",\"potentialAction\":[{\"@type\":\"ReadAction\",\"target\":[\"https:\/\/www.campbells.com\/mx\/products\/sopas-condensadas\/caldo-tlalpeno\/\"]}]},{\"@type\":\"BreadcrumbList\",\"@id\":\"https:\/\/www.campbells.com\/mx\/products\/sopas-condensadas\/caldo-tlalpeno\/#breadcrumb\",\"itemListElement\":[{\"@type\":\"ListItem\",\"position\":1,\"name\":\"Products\",\"item\":\"https:\/\/www.campbells.com\/mx\/productos\/\"},{\"@type\":\"ListItem\",\"position\":2,\"name\":\"Caldo Tlalpe\u00f1o\"}]},{\"@type\":\"WebSite\",\"@id\":\"https:\/\/www.campbells.com\/mx\/#website\",\"url\":\"https:\/\/www.campbells.com\/mx\/\",\"name\":\"Campbell&#039;s Mexico\",\"description\":\"\",\"potentialAction\":[{\"@type\":\"SearchAction\",\"target\":{\"@type\":\"EntryPoint\",\"urlTemplate\":\"https:\/\/www.campbells.com\/mx\/buscar\/?query={search_term_string}\"},\"query-input\":\"required name=search_term_string\"}],\"inLanguage\":\"es-MX\"}]}<\/script>\n<!-- \/ Yoast SEO plugin. -->","yoast_head_json":{"title":"Caldo Tlalpe\u00f1o - Campbell&#039;s Mexico","robots":{"index":"index","follow":"follow","max-snippet":"max-snippet:-1","max-image-preview":"max-image-preview:large","max-video-preview":"max-video-preview:-1"},"canonical":"https:\/\/www.campbells.com\/mx\/products\/sopas-condensadas\/caldo-tlalpeno\/","og_locale":"es_MX","og_type":"article","og_title":"Caldo Tlalpe\u00f1o - Campbell&#039;s Mexico","og_url":"https:\/\/www.campbells.com\/mx\/products\/sopas-condensadas\/caldo-tlalpeno\/","og_site_name":"Campbell&#039;s Mexico","article_publisher":"https:\/\/www.facebook.com\/campbellsMex\/","article_modified_time":"2026-04-21T19:29:17+00:00","og_image":[{"width":1926,"height":2538,"url":"https:\/\/www.campbells.com\/mx\/wp-content\/uploads\/2022\/10\/7501011332096_1.png","type":"image\/png"}],"twitter_card":"summary_large_image","schema":{"@context":"https:\/\/schema.org","@graph":[{"@type":"WebPage","@id":"https:\/\/www.campbells.com\/mx\/products\/sopas-condensadas\/caldo-tlalpeno\/","url":"https:\/\/www.campbells.com\/mx\/products\/sopas-condensadas\/caldo-tlalpeno\/","name":"Caldo Tlalpe\u00f1o - Campbell&#039;s Mexico","isPartOf":{"@id":"https:\/\/www.campbells.com\/mx\/#website"},"datePublished":"2022-10-05T19:10:56+00:00","dateModified":"2026-04-21T19:29:17+00:00","breadcrumb":{"@id":"https:\/\/www.campbells.com\/mx\/products\/sopas-condensadas\/caldo-tlalpeno\/#breadcrumb"},"inLanguage":"es-MX","potentialAction":[{"@type":"ReadAction","target":["https:\/\/www.campbells.com\/mx\/products\/sopas-condensadas\/caldo-tlalpeno\/"]}]},{"@type":"BreadcrumbList","@id":"https:\/\/www.campbells.com\/mx\/products\/sopas-condensadas\/caldo-tlalpeno\/#breadcrumb","itemListElement":[{"@type":"ListItem","position":1,"name":"Products","item":"https:\/\/www.campbells.com\/mx\/productos\/"},{"@type":"ListItem","position":2,"name":"Caldo Tlalpe\u00f1o"}]},{"@type":"WebSite","@id":"https:\/\/www.campbells.com\/mx\/#website","url":"https:\/\/www.campbells.com\/mx\/","name":"Campbell&#039;s Mexico","description":"","potentialAction":[{"@type":"SearchAction","target":{"@type":"EntryPoint","urlTemplate":"https:\/\/www.campbells.com\/mx\/buscar\/?query={search_term_string}"},"query-input":"required name=search_term_string"}],"inLanguage":"es-MX"}]}},"_links":{"self":[{"href":"https:\/\/www.campbells.com\/mx\/wp-json\/wp\/v2\/product\/9648"}],"collection":[{"href":"https:\/\/www.campbells.com\/mx\/wp-json\/wp\/v2\/product"}],"about":[{"href":"https:\/\/www.campbells.com\/mx\/wp-json\/wp\/v2\/types\/product"}],"wp:featuredmedia":[{"embeddable":true,"href":"https:\/\/www.campbells.com\/mx\/wp-json\/wp\/v2\/media\/10007"}],"wp:attachment":[{"href":"https:\/\/www.campbells.com\/mx\/wp-json\/wp\/v2\/media?parent=9648"}],"wp:term":[{"taxonomy":"csc_dietary_alternative","embeddable":true,"href":"https:\/\/www.campbells.com\/mx\/wp-json\/wp\/v2\/csc_dietary_alternative?post=9648"},{"taxonomy":"csc_main_ingredient","embeddable":true,"href":"https:\/\/www.campbells.com\/mx\/wp-json\/wp\/v2\/csc_main_ingredient?post=9648"},{"taxonomy":"csc_product_cat","embeddable":true,"href":"https:\/\/www.campbells.com\/mx\/wp-json\/wp\/v2\/csc_product_cat?post=9648"},{"taxonomy":"csc_product_line","embeddable":true,"href":"https:\/\/www.campbells.com\/mx\/wp-json\/wp\/v2\/csc_product_line?post=9648"},{"taxonomy":"csc_product_tag","embeddable":true,"href":"https:\/\/www.campbells.com\/mx\/wp-json\/wp\/v2\/csc_product_tag?post=9648"}],"curies":[{"name":"wp","href":"https:\/\/api.w.org\/{rel}","templated":true}]}}